{"id":5561,"date":"2011-12-26T19:34:40","date_gmt":"2011-12-26T22:34:40","guid":{"rendered":"http:\/\/ajupe.com.uy\/web\/?post_type=product&#038;p=5561"},"modified":"2011-12-26T19:35:06","modified_gmt":"2011-12-26T22:35:06","slug":"el-caso-kurilov","status":"publish","type":"product","link":"https:\/\/ajupe.com.uy\/web\/biblioteca\/el-caso-kurilov\/","title":{"rendered":"El caso Kurilov"},"content":{"rendered":"<p>El hallazgo y la publicaci\u00f3n de <em>Suite francesa<\/em> volvi\u00f3 a situar a <strong>Ir\u00e8ne N\u00e9mirovsky<\/strong> en la constelaci\u00f3n de los escritores m\u00e1s importantes de su tiempo,  propiciando la reedici\u00f3n de sus obras, algunas in\u00e9ditas y otras  injustamente relegadas al olvido. Entre las primeras se encuentra <em>El caso Kur\u00edlov,<\/em> excelente muestra de la incisiva caracterizaci\u00f3n psicol\u00f3gica que caracteriza todas las novelas de esta gran autora.<br \/> En la terraza desierta de un caf\u00e9 de Niza, conversan Iv\u00e1n Bar\u00e1nov,  antiguo miembro de las fuerzas de seguridad del zar, y Le\u00f3n M. un  curtido revolucionario bolchevique. Si bien ambos estuvieron implicados  en el caso Kur\u00edlov, Le\u00f3n M. se niega a revelar su identidad y detallar  su participaci\u00f3n en los hechos. Sin embargo, tras su muerte se halla un  texto mecanografiado en el que esboza su recorrido vital y confiesa los  entresijos del caso. En 1903, Le\u00f3n recibe el encargo de ejecutar a  Valerian Alex\u00e1ndrovich Kur\u00edlov, ministro de Instrucci\u00f3n P\u00fablica del zar  Nicol\u00e1s II, un atentado que los l\u00edderes del partido esperan convertir en  un golpe definitivo al r\u00e9gimen imperial. Bajo identidad falsa, el joven  Le\u00f3n logra entrar al servicio del ministro, un hombre universalmente  temido por su crueldad, pero que tiene los d\u00edas contados debido a una  grave enfermedad. As\u00ed que, a medida que el joven conspirador ahonda en  el trato con su jefe, la realidad se llena de matices hasta volverse  notablemente m\u00e1s compleja y poner a prueba el ardor revolucionario del  protagonista.<\/p>\n","protected":false},"excerpt":{"rendered":"<p>El hallazgo y la publicaci\u00f3n de Suite francesa volvi\u00f3 a situar a Ir\u00e8ne N\u00e9mirovsky en la constelaci\u00f3n de los escritores m\u00e1s importantes de su tiempo, propiciando la reedici\u00f3n de sus obras, algunas in\u00e9ditas y otras injustamente relegadas al olvido.<\/p>\n","protected":false},"featured_media":5562,"template":"","meta":[],"product_brand":[530],"product_cat":[29],"product_tag":[],"class_list":{"0":"post-5561","1":"product","2":"type-product","3":"status-publish","4":"has-post-thumbnail","6":"product_brand-irene-nemirovsky","7":"product_cat-novela","9":"first","10":"instock","11":"purchasable","12":"product-type-simple"},"featured_image_urls_v2":{"full":["https:\/\/ajupe.com.uy\/web\/wp-content\/uploads\/2016\/04\/p-5561-El_caso_Kurilov_4ef8cc6ad66a9.jpg",179,281,false],"thumbnail":["https:\/\/ajupe.com.uy\/web\/wp-content\/uploads\/2016\/04\/p-5561-El_caso_Kurilov_4ef8cc6ad66a9.jpg",150,150,true],"medium":["https:\/\/ajupe.com.uy\/web\/wp-content\/uploads\/2016\/04\/p-5561-El_caso_Kurilov_4ef8cc6ad66a9.jpg",300,214,true],"medium_large":["https:\/\/ajupe.com.uy\/web\/wp-content\/uploads\/2016\/04\/p-5561-El_caso_Kurilov_4ef8cc6ad66a9.jpg",179,281,false],"large":["https:\/\/ajupe.com.uy\/web\/wp-content\/uploads\/2016\/04\/p-5561-El_caso_Kurilov_4ef8cc6ad66a9.jpg",179,281,false],"1536x1536":["https:\/\/ajupe.com.uy\/web\/wp-content\/uploads\/2016\/04\/p-5561-El_caso_Kurilov_4ef8cc6ad66a9.jpg",179,281,false],"2048x2048":["https:\/\/ajupe.com.uy\/web\/wp-content\/uploads\/2016\/04\/p-5561-El_caso_Kurilov_4ef8cc6ad66a9.jpg",179,281,false],"woocommerce_archive_thumbnail":["https:\/\/ajupe.com.uy\/web\/wp-content\/uploads\/2016\/04\/p-5561-El_caso_Kurilov_4ef8cc6ad66a9.jpg",179,281,false],"woocommerce_thumbnail":["https:\/\/ajupe.com.uy\/web\/wp-content\/uploads\/2016\/04\/p-5561-El_caso_Kurilov_4ef8cc6ad66a9.jpg",179,281,false],"woocommerce_single":["https:\/\/ajupe.com.uy\/web\/wp-content\/uploads\/2016\/04\/p-5561-El_caso_Kurilov_4ef8cc6ad66a9.jpg",179,281,false],"woocommerce_gallery_thumbnail":["https:\/\/ajupe.com.uy\/web\/wp-content\/uploads\/2016\/04\/p-5561-El_caso_Kurilov_4ef8cc6ad66a9-100x100.jpg",100,100,true]},"post_excerpt_stackable_v2":"<p>El hallazgo y la publicaci\u00f3n de Suite francesa volvi\u00f3 a situar a Ir\u00e8ne N\u00e9mirovsky en la constelaci\u00f3n de los escritores m\u00e1s importantes de su tiempo, propiciando la reedici\u00f3n de sus obras, algunas in\u00e9ditas y otras injustamente relegadas al olvido.<\/p>\n","category_list_v2":"","author_info_v2":{"name":"","url":""},"comments_num_v2":"0 comentarios","_links":{"self":[{"href":"https:\/\/ajupe.com.uy\/web\/wp-json\/wp\/v2\/product\/5561","targetHints":{"allow":["GET"]}}],"collection":[{"href":"https:\/\/ajupe.com.uy\/web\/wp-json\/wp\/v2\/product"}],"about":[{"href":"https:\/\/ajupe.com.uy\/web\/wp-json\/wp\/v2\/types\/product"}],"wp:featuredmedia":[{"embeddable":true,"href":"https:\/\/ajupe.com.uy\/web\/wp-json\/wp\/v2\/media\/5562"}],"wp:attachment":[{"href":"https:\/\/ajupe.com.uy\/web\/wp-json\/wp\/v2\/media?parent=5561"}],"wp:term":[{"taxonomy":"product_brand","embeddable":true,"href":"https:\/\/ajupe.com.uy\/web\/wp-json\/wp\/v2\/product_brand?post=5561"},{"taxonomy":"product_cat","embeddable":true,"href":"https:\/\/ajupe.com.uy\/web\/wp-json\/wp\/v2\/product_cat?post=5561"},{"taxonomy":"product_tag","embeddable":true,"href":"https:\/\/ajupe.com.uy\/web\/wp-json\/wp\/v2\/product_tag?post=5561"}],"curies":[{"name":"wp","href":"https:\/\/api.w.org\/{rel}","templated":true}]}}