{"id":5564,"date":"2011-12-26T19:50:24","date_gmt":"2011-12-26T22:50:24","guid":{"rendered":"http:\/\/ajupe.com.uy\/web\/?post_type=product&#038;p=5564"},"modified":"2012-02-22T19:12:01","modified_gmt":"2012-02-22T22:12:01","slug":"con-el-corazon-en-la-mano","status":"publish","type":"product","link":"https:\/\/ajupe.com.uy\/web\/biblioteca\/con-el-corazon-en-la-mano\/","title":{"rendered":"Con el coraz\u00f3n en la mano"},"content":{"rendered":"<p>Andrew y Sarah, una  pareja de periodistas ingleses, conocen a la joven  Little Bee durante  unas breves vacaciones en una playa africana, en la  que tratan de  superar una grave crisis matrimonial. Pero lo que ten\u00eda  que ser una  tranquila estancia se convierte en un episodio dram\u00e1tico;  Little Bee y  su hermana, testigos no deseados de una matanza, se salvan   milagrosamente, en parte gracias a Andrew y Sarah, que se interponen a   favor de las muchachas ante las fuerzas del orden nigerianas. Dos a\u00f1os   m\u00e1s tarde, Little Bee, que ha cumplido diecis\u00e9is a\u00f1os, contacta con la   pareja desde Inglaterra, donde acaba de salir de un centro para   inmigrantes ilegales. Pero cuando Little Bee se presenta en su casa,   Sarah est\u00e1 prepar\u00e1ndose para el funeral de su marido, quien nunca super\u00f3   la tr\u00e1gica experiencia de Nigeria. Se inicia entonces una dif\u00edcil pero   enriquecedora relaci\u00f3n entre estas dos mujeres de trayectorias tan   diferentes, mientras Little Bee se convierte tambi\u00e9n en amiga de   Charlie, el hijo de Sarah y Andrew, que se dedica a luchar contra los   malos en el mundo con su disfraz de Batman.<\/p>\n","protected":false},"excerpt":{"rendered":"<p>Andrew y Sarah, una pareja de periodistas ingleses, conocen a la joven Little Bee durante unas breves vacaciones en una playa africana, en la que tratan de superar una grave crisis matrimonial.<\/p>\n","protected":false},"featured_media":5565,"template":"","meta":[],"product_brand":[1116],"product_cat":[29],"product_tag":[],"class_list":{"0":"post-5564","1":"product","2":"type-product","3":"status-publish","4":"has-post-thumbnail","6":"product_brand-chris-cleave","7":"product_cat-novela","9":"first","10":"instock","11":"purchasable","12":"product-type-simple"},"featured_image_urls_v2":{"full":["https:\/\/ajupe.com.uy\/web\/wp-content\/uploads\/2016\/04\/p-5564-Con_el_coraz__n__4f453e01381a9.jpg",229,338,false],"thumbnail":["https:\/\/ajupe.com.uy\/web\/wp-content\/uploads\/2016\/04\/p-5564-Con_el_coraz__n__4f453e01381a9.jpg",150,150,true],"medium":["https:\/\/ajupe.com.uy\/web\/wp-content\/uploads\/2016\/04\/p-5564-Con_el_coraz__n__4f453e01381a9.jpg",300,214,true],"medium_large":["https:\/\/ajupe.com.uy\/web\/wp-content\/uploads\/2016\/04\/p-5564-Con_el_coraz__n__4f453e01381a9.jpg",229,338,false],"large":["https:\/\/ajupe.com.uy\/web\/wp-content\/uploads\/2016\/04\/p-5564-Con_el_coraz__n__4f453e01381a9.jpg",229,338,false],"1536x1536":["https:\/\/ajupe.com.uy\/web\/wp-content\/uploads\/2016\/04\/p-5564-Con_el_coraz__n__4f453e01381a9.jpg",229,338,false],"2048x2048":["https:\/\/ajupe.com.uy\/web\/wp-content\/uploads\/2016\/04\/p-5564-Con_el_coraz__n__4f453e01381a9.jpg",229,338,false],"woocommerce_archive_thumbnail":["https:\/\/ajupe.com.uy\/web\/wp-content\/uploads\/2016\/04\/p-5564-Con_el_coraz__n__4f453e01381a9-229x300.jpg",229,300,true],"woocommerce_thumbnail":["https:\/\/ajupe.com.uy\/web\/wp-content\/uploads\/2016\/04\/p-5564-Con_el_coraz__n__4f453e01381a9-229x300.jpg",229,300,true],"woocommerce_single":["https:\/\/ajupe.com.uy\/web\/wp-content\/uploads\/2016\/04\/p-5564-Con_el_coraz__n__4f453e01381a9.jpg",229,338,false],"woocommerce_gallery_thumbnail":["https:\/\/ajupe.com.uy\/web\/wp-content\/uploads\/2016\/04\/p-5564-Con_el_coraz__n__4f453e01381a9-100x100.jpg",100,100,true]},"post_excerpt_stackable_v2":"<p>Andrew y Sarah, una pareja de periodistas ingleses, conocen a la joven Little Bee durante unas breves vacaciones en una playa africana, en la que tratan de superar una grave crisis matrimonial.<\/p>\n","category_list_v2":"","author_info_v2":{"name":"","url":""},"comments_num_v2":"0 comentarios","_links":{"self":[{"href":"https:\/\/ajupe.com.uy\/web\/wp-json\/wp\/v2\/product\/5564","targetHints":{"allow":["GET"]}}],"collection":[{"href":"https:\/\/ajupe.com.uy\/web\/wp-json\/wp\/v2\/product"}],"about":[{"href":"https:\/\/ajupe.com.uy\/web\/wp-json\/wp\/v2\/types\/product"}],"wp:featuredmedia":[{"embeddable":true,"href":"https:\/\/ajupe.com.uy\/web\/wp-json\/wp\/v2\/media\/5565"}],"wp:attachment":[{"href":"https:\/\/ajupe.com.uy\/web\/wp-json\/wp\/v2\/media?parent=5564"}],"wp:term":[{"taxonomy":"product_brand","embeddable":true,"href":"https:\/\/ajupe.com.uy\/web\/wp-json\/wp\/v2\/product_brand?post=5564"},{"taxonomy":"product_cat","embeddable":true,"href":"https:\/\/ajupe.com.uy\/web\/wp-json\/wp\/v2\/product_cat?post=5564"},{"taxonomy":"product_tag","embeddable":true,"href":"https:\/\/ajupe.com.uy\/web\/wp-json\/wp\/v2\/product_tag?post=5564"}],"curies":[{"name":"wp","href":"https:\/\/api.w.org\/{rel}","templated":true}]}}