{"id":5573,"date":"2011-12-26T20:15:26","date_gmt":"2011-12-26T23:15:26","guid":{"rendered":"http:\/\/ajupe.com.uy\/web\/?post_type=product&#038;p=5573"},"modified":"2012-02-22T19:16:46","modified_gmt":"2012-02-22T22:16:46","slug":"la-llamada-del-kill-club","status":"publish","type":"product","link":"https:\/\/ajupe.com.uy\/web\/biblioteca\/la-llamada-del-kill-club\/","title":{"rendered":"La llamada del Kill Club"},"content":{"rendered":"<p>Libby Day ten\u00eda siete a\u00f1os cuando su madre y sus dos hermanas fueron  asesinadas en el \u201cSacrificio Sat\u00e1nico de Kinnakee, Kansas.\u201d Mientras su  familia agonizaba, la peque\u00f1a Libby escap\u00f3 de la granja a trav\u00e9s de la  helada nieve de enero. Sobrevivi\u00f3, y presionada por los medios, declar\u00f3  que su hermano Ben, de quince a\u00f1os, hab\u00eda cometido el crimen.  Veinticinco a\u00f1os m\u00e1s tarde Libby, que se esfuerza por olvidar lo  sucedido, vive de los \u00faltimos centavos que restan de donaciones de almas  caritativas que ahora ya han olvidado su caso. <\/p>\n<p>Es entonces  cuando una llamada del Kill Club, una sociedad obsesionada por cr\u00edmenes  famosos, despierta el terrible pasado de Libby, presion\u00e1ndola para que  descubra la verdad sobre los asesinatos. Ella, que ve en ello una  oportunidad para ganar dinero, retoma el contacto con todos aquellos que  tuvieron algo que ver con aquella fat\u00eddica noche.<\/p>\n","protected":false},"excerpt":{"rendered":"<p>Libby Day ten\u00eda siete a\u00f1os cuando su madre y sus dos hermanas fueron asesinadas en el \u201cSacrificio Sat\u00e1nico de Kinnakee, Kansas.\u201d Mientras su familia agonizaba, la peque\u00f1a Libby escap\u00f3 de la granja a trav\u00e9s de la helada nieve de enero.<\/p>\n","protected":false},"featured_media":5574,"template":"","meta":[],"product_brand":[1117],"product_cat":[48],"product_tag":[],"class_list":{"0":"post-5573","1":"product","2":"type-product","3":"status-publish","4":"has-post-thumbnail","6":"product_brand-gillian-flynn","7":"product_cat-thrillers","9":"first","10":"instock","11":"purchasable","12":"product-type-simple"},"featured_image_urls_v2":{"full":["https:\/\/ajupe.com.uy\/web\/wp-content\/uploads\/2016\/04\/p-5573-La_llamada_del_K_4f453f1e41ce7.jpg",221,334,false],"thumbnail":["https:\/\/ajupe.com.uy\/web\/wp-content\/uploads\/2016\/04\/p-5573-La_llamada_del_K_4f453f1e41ce7.jpg",150,150,true],"medium":["https:\/\/ajupe.com.uy\/web\/wp-content\/uploads\/2016\/04\/p-5573-La_llamada_del_K_4f453f1e41ce7.jpg",300,214,true],"medium_large":["https:\/\/ajupe.com.uy\/web\/wp-content\/uploads\/2016\/04\/p-5573-La_llamada_del_K_4f453f1e41ce7.jpg",221,334,false],"large":["https:\/\/ajupe.com.uy\/web\/wp-content\/uploads\/2016\/04\/p-5573-La_llamada_del_K_4f453f1e41ce7.jpg",221,334,false],"1536x1536":["https:\/\/ajupe.com.uy\/web\/wp-content\/uploads\/2016\/04\/p-5573-La_llamada_del_K_4f453f1e41ce7.jpg",221,334,false],"2048x2048":["https:\/\/ajupe.com.uy\/web\/wp-content\/uploads\/2016\/04\/p-5573-La_llamada_del_K_4f453f1e41ce7.jpg",221,334,false],"woocommerce_archive_thumbnail":["https:\/\/ajupe.com.uy\/web\/wp-content\/uploads\/2016\/04\/p-5573-La_llamada_del_K_4f453f1e41ce7-221x300.jpg",221,300,true],"woocommerce_thumbnail":["https:\/\/ajupe.com.uy\/web\/wp-content\/uploads\/2016\/04\/p-5573-La_llamada_del_K_4f453f1e41ce7-221x300.jpg",221,300,true],"woocommerce_single":["https:\/\/ajupe.com.uy\/web\/wp-content\/uploads\/2016\/04\/p-5573-La_llamada_del_K_4f453f1e41ce7.jpg",221,334,false],"woocommerce_gallery_thumbnail":["https:\/\/ajupe.com.uy\/web\/wp-content\/uploads\/2016\/04\/p-5573-La_llamada_del_K_4f453f1e41ce7-100x100.jpg",100,100,true]},"post_excerpt_stackable_v2":"<p>Libby Day ten\u00eda siete a\u00f1os cuando su madre y sus dos hermanas fueron asesinadas en el \u201cSacrificio Sat\u00e1nico de Kinnakee, Kansas.\u201d Mientras su familia agonizaba, la peque\u00f1a Libby escap\u00f3 de la granja a trav\u00e9s de la helada nieve de enero.<\/p>\n","category_list_v2":"","author_info_v2":{"name":"","url":""},"comments_num_v2":"0 comentarios","_links":{"self":[{"href":"https:\/\/ajupe.com.uy\/web\/wp-json\/wp\/v2\/product\/5573","targetHints":{"allow":["GET"]}}],"collection":[{"href":"https:\/\/ajupe.com.uy\/web\/wp-json\/wp\/v2\/product"}],"about":[{"href":"https:\/\/ajupe.com.uy\/web\/wp-json\/wp\/v2\/types\/product"}],"wp:featuredmedia":[{"embeddable":true,"href":"https:\/\/ajupe.com.uy\/web\/wp-json\/wp\/v2\/media\/5574"}],"wp:attachment":[{"href":"https:\/\/ajupe.com.uy\/web\/wp-json\/wp\/v2\/media?parent=5573"}],"wp:term":[{"taxonomy":"product_brand","embeddable":true,"href":"https:\/\/ajupe.com.uy\/web\/wp-json\/wp\/v2\/product_brand?post=5573"},{"taxonomy":"product_cat","embeddable":true,"href":"https:\/\/ajupe.com.uy\/web\/wp-json\/wp\/v2\/product_cat?post=5573"},{"taxonomy":"product_tag","embeddable":true,"href":"https:\/\/ajupe.com.uy\/web\/wp-json\/wp\/v2\/product_tag?post=5573"}],"curies":[{"name":"wp","href":"https:\/\/api.w.org\/{rel}","templated":true}]}}