{"id":5576,"date":"2011-12-26T20:43:54","date_gmt":"2011-12-26T23:43:54","guid":{"rendered":"http:\/\/ajupe.com.uy\/web\/?post_type=product&#038;p=5576"},"modified":"2012-02-22T19:17:49","modified_gmt":"2012-02-22T22:17:49","slug":"el-camino-a-la-libertad","status":"publish","type":"product","link":"https:\/\/ajupe.com.uy\/web\/biblioteca\/el-camino-a-la-libertad\/","title":{"rendered":"El camino a la libertad"},"content":{"rendered":"<p>En sus p\u00e1ginas se descubre en clave  individual el largo camino seguido  por el \u00c1frica negra hacia la consecuci\u00f3n de  la libertad pol\u00edtica y la  restituci\u00f3n de su dignidad humana. El libro se abre  con la evocaci\u00f3n de  la infancia en el campo. Nelson Rolihlahla Mandela, hijo de  un jefe  xhosa de la etnia sudafricana de los thembu, pas\u00f3 su infancia en   Transkei, inmerso en la simplicidad de la vida aldeana y el respeto  hacia la  tradici\u00f3n tribal. Adoptado por el jefe de los thembu frecuent\u00f3  las mejores  escuelas abiertas a los africanos, donde descubrir\u00eda las  contradicciones de la  imposici\u00f3n de una cultura extra\u00f1a y la opresi\u00f3n  del sistema del apartheid. Luego  pasa a relatar con una elegante prosa  sus primeros a\u00f1os como estudiante y  pasante de un despacho de abogados  en Johannesburgo, el lento despertar de su  conciencia pol\u00edtica y su  papel central en el renacimiento de un CNA estancado y  la formaci\u00f3n de  la Youth League en la d\u00e9cada de 1950, as\u00ed como su lucha personal  por  reconciliar su actividad pol\u00edtica con su devoci\u00f3n hacia su familia, la   angustia de la ruptura de su primer matrimonio y el dolor al separarse  de sus  hijos. El lector, de su mano, asiste en primer persona a la  escalada de la  confrontaci\u00f3n pol\u00edtica entre el CNA y el gobierno en la  d\u00e9cada de 1950, que  culminar\u00eda con el paso de Mandela a la  clandestinidad (\u00abLa pimpinela negra\u00bb) y  el c\u00e9lebre proceso de Rivonia  (1964) en que ser\u00eda sentenciado a cadena perpetua  en la prisi\u00f3n de la  isla de Robben.<\/p>\n","protected":false},"excerpt":{"rendered":"<p>En sus p\u00e1ginas se descubre en clave individual el largo camino seguido por el \u00c1frica negra hacia la consecuci\u00f3n de la libertad pol\u00edtica y la restituci\u00f3n de su dignidad humana. El libro se abre con la evocaci\u00f3n de la infancia en el campo.<\/p>\n","protected":false},"featured_media":5577,"template":"","meta":[],"product_brand":[1118],"product_cat":[32],"product_tag":[],"class_list":{"0":"post-5576","1":"product","2":"type-product","3":"status-publish","4":"has-post-thumbnail","6":"product_brand-corchs-y-spangenberg","7":"product_cat-autoayuda","9":"first","10":"instock","11":"purchasable","12":"product-type-simple"},"featured_image_urls_v2":{"full":["https:\/\/ajupe.com.uy\/web\/wp-content\/uploads\/2016\/04\/p-5576-El_camino_a_la_l_4f453f5d2f39d.jpg",223,337,false],"thumbnail":["https:\/\/ajupe.com.uy\/web\/wp-content\/uploads\/2016\/04\/p-5576-El_camino_a_la_l_4f453f5d2f39d.jpg",150,150,true],"medium":["https:\/\/ajupe.com.uy\/web\/wp-content\/uploads\/2016\/04\/p-5576-El_camino_a_la_l_4f453f5d2f39d.jpg",300,214,true],"medium_large":["https:\/\/ajupe.com.uy\/web\/wp-content\/uploads\/2016\/04\/p-5576-El_camino_a_la_l_4f453f5d2f39d.jpg",223,337,false],"large":["https:\/\/ajupe.com.uy\/web\/wp-content\/uploads\/2016\/04\/p-5576-El_camino_a_la_l_4f453f5d2f39d.jpg",223,337,false],"1536x1536":["https:\/\/ajupe.com.uy\/web\/wp-content\/uploads\/2016\/04\/p-5576-El_camino_a_la_l_4f453f5d2f39d.jpg",223,337,false],"2048x2048":["https:\/\/ajupe.com.uy\/web\/wp-content\/uploads\/2016\/04\/p-5576-El_camino_a_la_l_4f453f5d2f39d.jpg",223,337,false],"woocommerce_archive_thumbnail":["https:\/\/ajupe.com.uy\/web\/wp-content\/uploads\/2016\/04\/p-5576-El_camino_a_la_l_4f453f5d2f39d-223x300.jpg",223,300,true],"woocommerce_thumbnail":["https:\/\/ajupe.com.uy\/web\/wp-content\/uploads\/2016\/04\/p-5576-El_camino_a_la_l_4f453f5d2f39d-223x300.jpg",223,300,true],"woocommerce_single":["https:\/\/ajupe.com.uy\/web\/wp-content\/uploads\/2016\/04\/p-5576-El_camino_a_la_l_4f453f5d2f39d.jpg",223,337,false],"woocommerce_gallery_thumbnail":["https:\/\/ajupe.com.uy\/web\/wp-content\/uploads\/2016\/04\/p-5576-El_camino_a_la_l_4f453f5d2f39d-100x100.jpg",100,100,true]},"post_excerpt_stackable_v2":"<p>En sus p\u00e1ginas se descubre en clave individual el largo camino seguido por el \u00c1frica negra hacia la consecuci\u00f3n de la libertad pol\u00edtica y la restituci\u00f3n de su dignidad humana. El libro se abre con la evocaci\u00f3n de la infancia en el campo.<\/p>\n","category_list_v2":"","author_info_v2":{"name":"","url":""},"comments_num_v2":"0 comentarios","_links":{"self":[{"href":"https:\/\/ajupe.com.uy\/web\/wp-json\/wp\/v2\/product\/5576","targetHints":{"allow":["GET"]}}],"collection":[{"href":"https:\/\/ajupe.com.uy\/web\/wp-json\/wp\/v2\/product"}],"about":[{"href":"https:\/\/ajupe.com.uy\/web\/wp-json\/wp\/v2\/types\/product"}],"wp:featuredmedia":[{"embeddable":true,"href":"https:\/\/ajupe.com.uy\/web\/wp-json\/wp\/v2\/media\/5577"}],"wp:attachment":[{"href":"https:\/\/ajupe.com.uy\/web\/wp-json\/wp\/v2\/media?parent=5576"}],"wp:term":[{"taxonomy":"product_brand","embeddable":true,"href":"https:\/\/ajupe.com.uy\/web\/wp-json\/wp\/v2\/product_brand?post=5576"},{"taxonomy":"product_cat","embeddable":true,"href":"https:\/\/ajupe.com.uy\/web\/wp-json\/wp\/v2\/product_cat?post=5576"},{"taxonomy":"product_tag","embeddable":true,"href":"https:\/\/ajupe.com.uy\/web\/wp-json\/wp\/v2\/product_tag?post=5576"}],"curies":[{"name":"wp","href":"https:\/\/api.w.org\/{rel}","templated":true}]}}