{"id":5579,"date":"2011-12-27T19:38:33","date_gmt":"2011-12-27T22:38:33","guid":{"rendered":"http:\/\/ajupe.com.uy\/web\/?post_type=product&#038;p=5579"},"modified":"2012-05-25T21:29:45","modified_gmt":"2012-05-26T00:29:45","slug":"un-ambiente-extrano","status":"publish","type":"product","link":"https:\/\/ajupe.com.uy\/web\/biblioteca\/un-ambiente-extrano\/","title":{"rendered":"Un ambiente extra\u00f1o"},"content":{"rendered":"<p>Kay Scarpetta viaja a Dubl\u00edn para ofrecer unas conferencias en la  Facultad de Medicina del Trinity College, pero el prop\u00f3sito real de la  forense es investigar una serie de homicidios ocurridos en Irlanda diez  a\u00f1os atr\u00e1s. \u00c9stos presentan algunas similitudes con el caso del  Carnicero, que ha infundido el p\u00e1nico en los habitantes de Virginia, y  Scarpetta intenta establecer hasta qu\u00e9 punto los asesinatos cometidos a  ambos lados del Atl\u00e1ntico presentan caracter\u00edsticas comunes. A su vuelta  a Estados Unidos todo se precipita: el torso de una mujer aparece en un  vertedero de basura con los miembros amputados. El arma ha sido una  sierra de carnicero, como en los casos irlandeses, pero la forma de  amputar los miembros no responde al mismo patr\u00f3n&#8230;<\/p>\n","protected":false},"excerpt":{"rendered":"<p>Kay Scarpetta viaja a Dubl\u00edn para ofrecer unas conferencias en la Facultad de Medicina del Trinity College, pero el prop\u00f3sito real de la forense es investigar una serie de homicidios ocurridos en Irlanda diez a\u00f1os atr\u00e1s.<\/p>\n","protected":false},"featured_media":5580,"template":"","meta":[],"product_brand":[244],"product_cat":[48],"product_tag":[],"class_list":{"0":"post-5579","1":"product","2":"type-product","3":"status-publish","4":"has-post-thumbnail","6":"product_brand-patricia-cornwell","7":"product_cat-thrillers","9":"first","10":"instock","11":"purchasable","12":"product-type-simple"},"featured_image_urls_v2":{"full":["https:\/\/ajupe.com.uy\/web\/wp-content\/uploads\/2016\/04\/p-5579-Un_ambiente_extr_4f453fa7b3cfa.jpg",188,304,false],"thumbnail":["https:\/\/ajupe.com.uy\/web\/wp-content\/uploads\/2016\/04\/p-5579-Un_ambiente_extr_4f453fa7b3cfa.jpg",150,150,true],"medium":["https:\/\/ajupe.com.uy\/web\/wp-content\/uploads\/2016\/04\/p-5579-Un_ambiente_extr_4f453fa7b3cfa.jpg",300,214,true],"medium_large":["https:\/\/ajupe.com.uy\/web\/wp-content\/uploads\/2016\/04\/p-5579-Un_ambiente_extr_4f453fa7b3cfa.jpg",188,304,false],"large":["https:\/\/ajupe.com.uy\/web\/wp-content\/uploads\/2016\/04\/p-5579-Un_ambiente_extr_4f453fa7b3cfa.jpg",188,304,false],"1536x1536":["https:\/\/ajupe.com.uy\/web\/wp-content\/uploads\/2016\/04\/p-5579-Un_ambiente_extr_4f453fa7b3cfa.jpg",188,304,false],"2048x2048":["https:\/\/ajupe.com.uy\/web\/wp-content\/uploads\/2016\/04\/p-5579-Un_ambiente_extr_4f453fa7b3cfa.jpg",188,304,false],"woocommerce_archive_thumbnail":["https:\/\/ajupe.com.uy\/web\/wp-content\/uploads\/2016\/04\/p-5579-Un_ambiente_extr_4f453fa7b3cfa-188x300.jpg",188,300,true],"woocommerce_thumbnail":["https:\/\/ajupe.com.uy\/web\/wp-content\/uploads\/2016\/04\/p-5579-Un_ambiente_extr_4f453fa7b3cfa-188x300.jpg",188,300,true],"woocommerce_single":["https:\/\/ajupe.com.uy\/web\/wp-content\/uploads\/2016\/04\/p-5579-Un_ambiente_extr_4f453fa7b3cfa.jpg",188,304,false],"woocommerce_gallery_thumbnail":["https:\/\/ajupe.com.uy\/web\/wp-content\/uploads\/2016\/04\/p-5579-Un_ambiente_extr_4f453fa7b3cfa-100x100.jpg",100,100,true]},"post_excerpt_stackable_v2":"<p>Kay Scarpetta viaja a Dubl\u00edn para ofrecer unas conferencias en la Facultad de Medicina del Trinity College, pero el prop\u00f3sito real de la forense es investigar una serie de homicidios ocurridos en Irlanda diez a\u00f1os atr\u00e1s.<\/p>\n","category_list_v2":"","author_info_v2":{"name":"","url":""},"comments_num_v2":"0 comentarios","_links":{"self":[{"href":"https:\/\/ajupe.com.uy\/web\/wp-json\/wp\/v2\/product\/5579","targetHints":{"allow":["GET"]}}],"collection":[{"href":"https:\/\/ajupe.com.uy\/web\/wp-json\/wp\/v2\/product"}],"about":[{"href":"https:\/\/ajupe.com.uy\/web\/wp-json\/wp\/v2\/types\/product"}],"wp:featuredmedia":[{"embeddable":true,"href":"https:\/\/ajupe.com.uy\/web\/wp-json\/wp\/v2\/media\/5580"}],"wp:attachment":[{"href":"https:\/\/ajupe.com.uy\/web\/wp-json\/wp\/v2\/media?parent=5579"}],"wp:term":[{"taxonomy":"product_brand","embeddable":true,"href":"https:\/\/ajupe.com.uy\/web\/wp-json\/wp\/v2\/product_brand?post=5579"},{"taxonomy":"product_cat","embeddable":true,"href":"https:\/\/ajupe.com.uy\/web\/wp-json\/wp\/v2\/product_cat?post=5579"},{"taxonomy":"product_tag","embeddable":true,"href":"https:\/\/ajupe.com.uy\/web\/wp-json\/wp\/v2\/product_tag?post=5579"}],"curies":[{"name":"wp","href":"https:\/\/api.w.org\/{rel}","templated":true}]}}