{"id":5582,"date":"2011-12-28T15:46:22","date_gmt":"2011-12-28T18:46:22","guid":{"rendered":"http:\/\/ajupe.com.uy\/web\/?post_type=product&#038;p=5582"},"modified":"2012-02-22T19:19:51","modified_gmt":"2012-02-22T22:19:51","slug":"calor-helado","status":"publish","type":"product","link":"https:\/\/ajupe.com.uy\/web\/biblioteca\/calor-helado\/","title":{"rendered":"Calor helado"},"content":{"rendered":"<p><em>Calor helado<\/em> es el impresionante <em>thriller<\/em> ambientado en el \u00c1rtico canadiense y la desconocida cultura de los <em>inuit<\/em>,  donde se respira el esp\u00edritu de los antepasados y los cuerpos jam\u00e1s se  descomponen. Una novela llena de suspense que cautivar\u00e1 a los fans de  Henning Mankell, tras convencer a la cr\u00edtica y los lectores en lengua  inglesa. <br \/>En la remota isla de Craig, un vasto territorio helado, dos turistas  cazan patos. Los acompa\u00f1a Edie Kiglatuk, de origen inuit, una de los  mejores gu\u00edas del \u00c1rtico. Pero cuando uno de ellos es asesinado en medio  de la tundra, sin nadie en las inmediaciones, el consejo de ancianos de  la comunidad niega que se trate de un accidente.  <br \/>Paralelamente, Edie vive una tragedia impensable. Y ese giro la  decide a intentar descubrir qu\u00e9 est\u00e1 ocurriendo en los confines de la  tundra.<\/p>\n","protected":false},"excerpt":{"rendered":"<p>El impresionante thriller ambientado en el \u00c1rtico canadiense que seducir\u00e1 a los lectores de Henning Mankell.<\/p>\n","protected":false},"featured_media":5583,"template":"","meta":[],"product_brand":[1119],"product_cat":[48],"product_tag":[],"class_list":{"0":"post-5582","1":"product","2":"type-product","3":"status-publish","4":"has-post-thumbnail","6":"product_brand-m-j-mcgrath","7":"product_cat-thrillers","9":"first","10":"instock","11":"purchasable","12":"product-type-simple"},"featured_image_urls_v2":{"full":["https:\/\/ajupe.com.uy\/web\/wp-content\/uploads\/2016\/04\/p-5582-Calor_helado_4f453fd70cd46.jpg",221,338,false],"thumbnail":["https:\/\/ajupe.com.uy\/web\/wp-content\/uploads\/2016\/04\/p-5582-Calor_helado_4f453fd70cd46.jpg",150,150,true],"medium":["https:\/\/ajupe.com.uy\/web\/wp-content\/uploads\/2016\/04\/p-5582-Calor_helado_4f453fd70cd46.jpg",300,214,true],"medium_large":["https:\/\/ajupe.com.uy\/web\/wp-content\/uploads\/2016\/04\/p-5582-Calor_helado_4f453fd70cd46.jpg",221,338,false],"large":["https:\/\/ajupe.com.uy\/web\/wp-content\/uploads\/2016\/04\/p-5582-Calor_helado_4f453fd70cd46.jpg",221,338,false],"1536x1536":["https:\/\/ajupe.com.uy\/web\/wp-content\/uploads\/2016\/04\/p-5582-Calor_helado_4f453fd70cd46.jpg",221,338,false],"2048x2048":["https:\/\/ajupe.com.uy\/web\/wp-content\/uploads\/2016\/04\/p-5582-Calor_helado_4f453fd70cd46.jpg",221,338,false],"woocommerce_archive_thumbnail":["https:\/\/ajupe.com.uy\/web\/wp-content\/uploads\/2016\/04\/p-5582-Calor_helado_4f453fd70cd46-221x300.jpg",221,300,true],"woocommerce_thumbnail":["https:\/\/ajupe.com.uy\/web\/wp-content\/uploads\/2016\/04\/p-5582-Calor_helado_4f453fd70cd46-221x300.jpg",221,300,true],"woocommerce_single":["https:\/\/ajupe.com.uy\/web\/wp-content\/uploads\/2016\/04\/p-5582-Calor_helado_4f453fd70cd46.jpg",221,338,false],"woocommerce_gallery_thumbnail":["https:\/\/ajupe.com.uy\/web\/wp-content\/uploads\/2016\/04\/p-5582-Calor_helado_4f453fd70cd46-100x100.jpg",100,100,true]},"post_excerpt_stackable_v2":"<p>El impresionante thriller ambientado en el \u00c1rtico canadiense que seducir\u00e1 a los lectores de Henning Mankell.<\/p>\n","category_list_v2":"","author_info_v2":{"name":"","url":""},"comments_num_v2":"0 comentarios","_links":{"self":[{"href":"https:\/\/ajupe.com.uy\/web\/wp-json\/wp\/v2\/product\/5582","targetHints":{"allow":["GET"]}}],"collection":[{"href":"https:\/\/ajupe.com.uy\/web\/wp-json\/wp\/v2\/product"}],"about":[{"href":"https:\/\/ajupe.com.uy\/web\/wp-json\/wp\/v2\/types\/product"}],"wp:featuredmedia":[{"embeddable":true,"href":"https:\/\/ajupe.com.uy\/web\/wp-json\/wp\/v2\/media\/5583"}],"wp:attachment":[{"href":"https:\/\/ajupe.com.uy\/web\/wp-json\/wp\/v2\/media?parent=5582"}],"wp:term":[{"taxonomy":"product_brand","embeddable":true,"href":"https:\/\/ajupe.com.uy\/web\/wp-json\/wp\/v2\/product_brand?post=5582"},{"taxonomy":"product_cat","embeddable":true,"href":"https:\/\/ajupe.com.uy\/web\/wp-json\/wp\/v2\/product_cat?post=5582"},{"taxonomy":"product_tag","embeddable":true,"href":"https:\/\/ajupe.com.uy\/web\/wp-json\/wp\/v2\/product_tag?post=5582"}],"curies":[{"name":"wp","href":"https:\/\/api.w.org\/{rel}","templated":true}]}}