{"id":5594,"date":"2011-12-28T17:05:08","date_gmt":"2011-12-28T20:05:08","guid":{"rendered":"http:\/\/ajupe.com.uy\/web\/?post_type=product&#038;p=5594"},"modified":"2012-02-22T19:24:09","modified_gmt":"2012-02-22T22:24:09","slug":"la-mansion-del-tirano","status":"publish","type":"product","link":"https:\/\/ajupe.com.uy\/web\/biblioteca\/la-mansion-del-tirano\/","title":{"rendered":"La Mansi\u00f3n del Tirano"},"content":{"rendered":"<p><span>Edici\u00f3n especial firmada por el autor. Esta novela  concebida hace treinta a\u00f1os en \u00abla isla\u00bb, el temido pabell\u00f3n de castigo  del penal de Libertad, por donde el autor pas\u00f3 algunas veces durante los  trece a\u00f1os que estuvo recluido hasta el fin de la dictadura militar. Al  retornar a su celda, Carlos Liscano se dedic\u00f3 obsesivamente a plasmar  su idea en el papel durante todo el tiempo disponible, que no era poco  y, cinco meses despu\u00e9s, el primer manuscrito de \u00abLa mansi\u00f3n del tirano\u00bb  ve\u00eda la luz. Para la cr\u00edtica literaria Carian Blixen, esta obra, escrita  en condiciones l\u00edmite plantea una pregunta que desvela: \u00bfqu\u00e9 les sucede  a los procesos de creaci\u00f3n en tiempos de destrucci\u00f3n? Este libro es la  fortaleza, la mansi\u00f3n que Liscano construy\u00f3 dentro de la prisi\u00f3n para  poder sobrevivir pero, desde el punto de vista literario, se trata de un  experimento notable en el que se echa mano de incontables recursos,  como queriendo decantar en un solo libro toda la historia de narrar.<\/span><\/p>\n","protected":false},"excerpt":{"rendered":"<p>Edici\u00f3n especial firmada por el autor. Esta novela concebida hace treinta a\u00f1os en \u00abla isla\u00bb, el temido pabell\u00f3n de castigo del penal de Libertad, por donde el autor pas\u00f3 algunas veces durante los trece a\u00f1os que estuvo recluido hasta el fin de la dictadura<\/p>\n","protected":false},"featured_media":5595,"template":"","meta":[],"product_brand":[595],"product_cat":[29,45],"product_tag":[],"class_list":{"0":"post-5594","1":"product","2":"type-product","3":"status-publish","4":"has-post-thumbnail","6":"product_brand-carlos-liscano","7":"product_cat-novela","8":"product_cat-uruguayo","10":"first","11":"instock","12":"purchasable","13":"product-type-simple"},"featured_image_urls_v2":{"full":["https:\/\/ajupe.com.uy\/web\/wp-content\/uploads\/2016\/04\/p-5594-La_Mansi__n_del__4f4540d949381.jpg",215,335,false],"thumbnail":["https:\/\/ajupe.com.uy\/web\/wp-content\/uploads\/2016\/04\/p-5594-La_Mansi__n_del__4f4540d949381.jpg",150,150,true],"medium":["https:\/\/ajupe.com.uy\/web\/wp-content\/uploads\/2016\/04\/p-5594-La_Mansi__n_del__4f4540d949381.jpg",300,214,true],"medium_large":["https:\/\/ajupe.com.uy\/web\/wp-content\/uploads\/2016\/04\/p-5594-La_Mansi__n_del__4f4540d949381.jpg",215,335,false],"large":["https:\/\/ajupe.com.uy\/web\/wp-content\/uploads\/2016\/04\/p-5594-La_Mansi__n_del__4f4540d949381.jpg",215,335,false],"1536x1536":["https:\/\/ajupe.com.uy\/web\/wp-content\/uploads\/2016\/04\/p-5594-La_Mansi__n_del__4f4540d949381.jpg",215,335,false],"2048x2048":["https:\/\/ajupe.com.uy\/web\/wp-content\/uploads\/2016\/04\/p-5594-La_Mansi__n_del__4f4540d949381.jpg",215,335,false],"woocommerce_archive_thumbnail":["https:\/\/ajupe.com.uy\/web\/wp-content\/uploads\/2016\/04\/p-5594-La_Mansi__n_del__4f4540d949381-215x300.jpg",215,300,true],"woocommerce_thumbnail":["https:\/\/ajupe.com.uy\/web\/wp-content\/uploads\/2016\/04\/p-5594-La_Mansi__n_del__4f4540d949381-215x300.jpg",215,300,true],"woocommerce_single":["https:\/\/ajupe.com.uy\/web\/wp-content\/uploads\/2016\/04\/p-5594-La_Mansi__n_del__4f4540d949381.jpg",215,335,false],"woocommerce_gallery_thumbnail":["https:\/\/ajupe.com.uy\/web\/wp-content\/uploads\/2016\/04\/p-5594-La_Mansi__n_del__4f4540d949381-100x100.jpg",100,100,true]},"post_excerpt_stackable_v2":"<p>Edici\u00f3n especial firmada por el autor. Esta novela concebida hace treinta a\u00f1os en \u00abla isla\u00bb, el temido pabell\u00f3n de castigo del penal de Libertad, por donde el autor pas\u00f3 algunas veces durante los trece a\u00f1os que estuvo recluido hasta el fin de la dictadura<\/p>\n","category_list_v2":"","author_info_v2":{"name":"","url":""},"comments_num_v2":"0 comentarios","_links":{"self":[{"href":"https:\/\/ajupe.com.uy\/web\/wp-json\/wp\/v2\/product\/5594","targetHints":{"allow":["GET"]}}],"collection":[{"href":"https:\/\/ajupe.com.uy\/web\/wp-json\/wp\/v2\/product"}],"about":[{"href":"https:\/\/ajupe.com.uy\/web\/wp-json\/wp\/v2\/types\/product"}],"wp:featuredmedia":[{"embeddable":true,"href":"https:\/\/ajupe.com.uy\/web\/wp-json\/wp\/v2\/media\/5595"}],"wp:attachment":[{"href":"https:\/\/ajupe.com.uy\/web\/wp-json\/wp\/v2\/media?parent=5594"}],"wp:term":[{"taxonomy":"product_brand","embeddable":true,"href":"https:\/\/ajupe.com.uy\/web\/wp-json\/wp\/v2\/product_brand?post=5594"},{"taxonomy":"product_cat","embeddable":true,"href":"https:\/\/ajupe.com.uy\/web\/wp-json\/wp\/v2\/product_cat?post=5594"},{"taxonomy":"product_tag","embeddable":true,"href":"https:\/\/ajupe.com.uy\/web\/wp-json\/wp\/v2\/product_tag?post=5594"}],"curies":[{"name":"wp","href":"https:\/\/api.w.org\/{rel}","templated":true}]}}