{"id":5609,"date":"2012-02-29T20:42:13","date_gmt":"2012-02-29T23:42:13","guid":{"rendered":"http:\/\/ajupe.com.uy\/web\/?post_type=product&#038;p=5609"},"modified":"2012-02-29T20:42:13","modified_gmt":"2012-02-29T23:42:13","slug":"se-que-volveras","status":"publish","type":"product","link":"https:\/\/ajupe.com.uy\/web\/biblioteca\/se-que-volveras\/","title":{"rendered":"S\u00e9 que volver\u00e1s"},"content":{"rendered":"<p>Hace dos a\u00f1os, Matthew, el hijo de tres a\u00f1os de Zan Moreland,  desapareci\u00f3 en Central Park. Su canguro, Tiffany, se qued\u00f3 dormida y al  despertarse el ni\u00f1o ya no estaba. A partir de ah\u00ed se suceden varias  investigaciones, pero el ni\u00f1o no aparece. Sin embargo, su madre sigue  convencida de que est\u00e1 vivo. Al perder a su hijo, Zan cambia de vida: se  separa de su marido, deja la empresa de interiorismo en la que  trabajaba y abre un nuevo negocio. Su ex jefe nunca se lo perdona.<\/p>\n<p>El caso de Matthew se reabre al cabo de dos a\u00f1os cuando un peri\u00f3dico  publica las fotos que un turista hab\u00eda sacado en Central Park el mismo  d\u00eda en que el ni\u00f1o desapareci\u00f3. En esas fotos aparece una mujer igual  que Zan con el ni\u00f1o en brazos. \u00bfPuede haber sido ella la secuestradora?  \u00bfSufre alg\u00fan trastorno mental? Todas las hip\u00f3tesis parecen se\u00f1alar a  Zan, pero de repente empiezan a ocurrir cosas extra\u00f1as: desaparece una  gran cantidad de dinero de su cuenta, alguien compra un billete de avi\u00f3n  a Buenos Aires con su nombre&#8230; Hay piezas que ya no encajan en el  intrincado puzzle.<\/p>\n","protected":false},"excerpt":{"rendered":"<p>Hace dos a\u00f1os, Matthew, el hijo de tres a\u00f1os de Zan Moreland, desapareci\u00f3 en Central Park. Su canguro, Tiffany, se qued\u00f3 dormida y al despertarse el ni\u00f1o ya no estaba. A partir de ah\u00ed se suceden varias investigaciones, pero el ni\u00f1o no aparece. Sin embargo<\/p>\n","protected":false},"featured_media":5610,"template":"","meta":[],"product_brand":[52],"product_cat":[30],"product_tag":[],"class_list":{"0":"post-5609","1":"product","2":"type-product","3":"status-publish","4":"has-post-thumbnail","6":"product_brand-mary-higgins-clark","7":"product_cat-suspenso","9":"first","10":"instock","11":"purchasable","12":"product-type-simple"},"featured_image_urls_v2":{"full":["https:\/\/ajupe.com.uy\/web\/wp-content\/uploads\/2016\/04\/p-5609-S___que_volver___4f4e8da557594.jpg",229,335,false],"thumbnail":["https:\/\/ajupe.com.uy\/web\/wp-content\/uploads\/2016\/04\/p-5609-S___que_volver___4f4e8da557594.jpg",150,150,true],"medium":["https:\/\/ajupe.com.uy\/web\/wp-content\/uploads\/2016\/04\/p-5609-S___que_volver___4f4e8da557594.jpg",300,214,true],"medium_large":["https:\/\/ajupe.com.uy\/web\/wp-content\/uploads\/2016\/04\/p-5609-S___que_volver___4f4e8da557594.jpg",229,335,false],"large":["https:\/\/ajupe.com.uy\/web\/wp-content\/uploads\/2016\/04\/p-5609-S___que_volver___4f4e8da557594.jpg",229,335,false],"1536x1536":["https:\/\/ajupe.com.uy\/web\/wp-content\/uploads\/2016\/04\/p-5609-S___que_volver___4f4e8da557594.jpg",229,335,false],"2048x2048":["https:\/\/ajupe.com.uy\/web\/wp-content\/uploads\/2016\/04\/p-5609-S___que_volver___4f4e8da557594.jpg",229,335,false],"woocommerce_archive_thumbnail":["https:\/\/ajupe.com.uy\/web\/wp-content\/uploads\/2016\/04\/p-5609-S___que_volver___4f4e8da557594-229x300.jpg",229,300,true],"woocommerce_thumbnail":["https:\/\/ajupe.com.uy\/web\/wp-content\/uploads\/2016\/04\/p-5609-S___que_volver___4f4e8da557594-229x300.jpg",229,300,true],"woocommerce_single":["https:\/\/ajupe.com.uy\/web\/wp-content\/uploads\/2016\/04\/p-5609-S___que_volver___4f4e8da557594.jpg",229,335,false],"woocommerce_gallery_thumbnail":["https:\/\/ajupe.com.uy\/web\/wp-content\/uploads\/2016\/04\/p-5609-S___que_volver___4f4e8da557594-100x100.jpg",100,100,true]},"post_excerpt_stackable_v2":"<p>Hace dos a\u00f1os, Matthew, el hijo de tres a\u00f1os de Zan Moreland, desapareci\u00f3 en Central Park. Su canguro, Tiffany, se qued\u00f3 dormida y al despertarse el ni\u00f1o ya no estaba. A partir de ah\u00ed se suceden varias investigaciones, pero el ni\u00f1o no aparece. Sin embargo<\/p>\n","category_list_v2":"","author_info_v2":{"name":"","url":""},"comments_num_v2":"0 comentarios","_links":{"self":[{"href":"https:\/\/ajupe.com.uy\/web\/wp-json\/wp\/v2\/product\/5609","targetHints":{"allow":["GET"]}}],"collection":[{"href":"https:\/\/ajupe.com.uy\/web\/wp-json\/wp\/v2\/product"}],"about":[{"href":"https:\/\/ajupe.com.uy\/web\/wp-json\/wp\/v2\/types\/product"}],"wp:featuredmedia":[{"embeddable":true,"href":"https:\/\/ajupe.com.uy\/web\/wp-json\/wp\/v2\/media\/5610"}],"wp:attachment":[{"href":"https:\/\/ajupe.com.uy\/web\/wp-json\/wp\/v2\/media?parent=5609"}],"wp:term":[{"taxonomy":"product_brand","embeddable":true,"href":"https:\/\/ajupe.com.uy\/web\/wp-json\/wp\/v2\/product_brand?post=5609"},{"taxonomy":"product_cat","embeddable":true,"href":"https:\/\/ajupe.com.uy\/web\/wp-json\/wp\/v2\/product_cat?post=5609"},{"taxonomy":"product_tag","embeddable":true,"href":"https:\/\/ajupe.com.uy\/web\/wp-json\/wp\/v2\/product_tag?post=5609"}],"curies":[{"name":"wp","href":"https:\/\/api.w.org\/{rel}","templated":true}]}}