{"id":5612,"date":"2012-03-01T16:03:37","date_gmt":"2012-03-01T19:03:37","guid":{"rendered":"http:\/\/ajupe.com.uy\/web\/?post_type=product&#038;p=5612"},"modified":"2012-03-01T16:03:37","modified_gmt":"2012-03-01T19:03:37","slug":"emboscada","status":"publish","type":"product","link":"https:\/\/ajupe.com.uy\/web\/biblioteca\/emboscada\/","title":{"rendered":"Emboscada"},"content":{"rendered":"<p>Para la mayor\u00eda de la gente, Fiona Bristow parece tener una vida  id\u00edlica: una pintoresca casa en una isla pr\u00f3xima a la costa de Seattle,  una pr\u00f3spera academia de adiestramiento canino y un trabajo como  voluntaria realizando b\u00fasquedas y rescates con perros que es todo un  reto para ella. Sin hablar de sus tres leales labradores. Pero Fiona a  llegado a ese punto sobreviviendo a una pesadilla&#8230;<\/p>\n<p>Varios a\u00f1os atr\u00e1s, Fiona fue la \u00fanica superviviente del asesino en  serie del Pa\u00f1uelo Rojo, que dispar\u00f3 y asesin\u00f3 a la prometida de su  compa\u00f1ero polic\u00eda con el arma de este.<\/p>\n<p>En la isla de Oscas, Fiona encotr\u00f3 la paz y la soledad que necesitaba  para reconstruir su vida. Pero todo ese cambia el d\u00eda en que Simon  Doyle llega como un loco a la entrada de su casa desesperado por  conseguir su ayuda. Simon es el reacio propietario de un cachorro  incontrolable que su madre le ha endilgado. Jaws se ha dedicado a roer  todo cuanto ha encontrado en su casa y a Simon se le ha agotado la  paciencia.<\/p>\n<p>Para Fiona, Jaws es f\u00e1cil de manejar, pero Simon es otra historia.  Simon es un artista temperamental y muy reservado reci\u00e9n llegado a  Orcas, conocido por los exquisitos muebles que crea. \u00c9l nunca quiso  tener un cachorro y, mucho menos, una mujer. Adem\u00e1s, aquella pelirroja  larguirucha no era su tipo. Pero a ver qui\u00e9n le dec\u00eda eso a sus  hormonas\u2026<\/p>\n<p>Mientras se dedica a entrenar a Jaws y Simon comienza a apreciar al  perro y a la entrenadora, el pasado irrumpe de nuevo en la vida de  Fiona. Un imitador ha surgido de las sombras, un hombre cuya sed de  sangre ha sido canalizada por un maestro con un fin: reclamar a la mujer  que se le escap\u00f3 de las manos&#8230;<\/p>\n","protected":false},"excerpt":{"rendered":"<p>Fiona sobrevivi\u00f3 a un asesino en serie y ha rehecho su vida en una isla como adiestradora de perros. La llegada de un atractivo cliente con un d\u00edscolo cachorro de labrador y la noticia de nuevos asesinatos trastornar\u00e1n su tranquila vida.<\/p>\n","protected":false},"featured_media":5613,"template":"","meta":[],"product_brand":[267],"product_cat":[29],"product_tag":[],"class_list":{"0":"post-5612","1":"product","2":"type-product","3":"status-publish","4":"has-post-thumbnail","6":"product_brand-nora-roberts","7":"product_cat-novela","9":"first","10":"instock","11":"purchasable","12":"product-type-simple"},"featured_image_urls_v2":{"full":["https:\/\/ajupe.com.uy\/web\/wp-content\/uploads\/2016\/04\/p-5612-Emboscada_4f4f9dd9c9ebe.jpg",229,335,false],"thumbnail":["https:\/\/ajupe.com.uy\/web\/wp-content\/uploads\/2016\/04\/p-5612-Emboscada_4f4f9dd9c9ebe.jpg",150,150,true],"medium":["https:\/\/ajupe.com.uy\/web\/wp-content\/uploads\/2016\/04\/p-5612-Emboscada_4f4f9dd9c9ebe.jpg",300,214,true],"medium_large":["https:\/\/ajupe.com.uy\/web\/wp-content\/uploads\/2016\/04\/p-5612-Emboscada_4f4f9dd9c9ebe.jpg",229,335,false],"large":["https:\/\/ajupe.com.uy\/web\/wp-content\/uploads\/2016\/04\/p-5612-Emboscada_4f4f9dd9c9ebe.jpg",229,335,false],"1536x1536":["https:\/\/ajupe.com.uy\/web\/wp-content\/uploads\/2016\/04\/p-5612-Emboscada_4f4f9dd9c9ebe.jpg",229,335,false],"2048x2048":["https:\/\/ajupe.com.uy\/web\/wp-content\/uploads\/2016\/04\/p-5612-Emboscada_4f4f9dd9c9ebe.jpg",229,335,false],"woocommerce_archive_thumbnail":["https:\/\/ajupe.com.uy\/web\/wp-content\/uploads\/2016\/04\/p-5612-Emboscada_4f4f9dd9c9ebe-229x300.jpg",229,300,true],"woocommerce_thumbnail":["https:\/\/ajupe.com.uy\/web\/wp-content\/uploads\/2016\/04\/p-5612-Emboscada_4f4f9dd9c9ebe-229x300.jpg",229,300,true],"woocommerce_single":["https:\/\/ajupe.com.uy\/web\/wp-content\/uploads\/2016\/04\/p-5612-Emboscada_4f4f9dd9c9ebe.jpg",229,335,false],"woocommerce_gallery_thumbnail":["https:\/\/ajupe.com.uy\/web\/wp-content\/uploads\/2016\/04\/p-5612-Emboscada_4f4f9dd9c9ebe-100x100.jpg",100,100,true]},"post_excerpt_stackable_v2":"<p>Fiona sobrevivi\u00f3 a un asesino en serie y ha rehecho su vida en una isla como adiestradora de perros. La llegada de un atractivo cliente con un d\u00edscolo cachorro de labrador y la noticia de nuevos asesinatos trastornar\u00e1n su tranquila vida.<\/p>\n","category_list_v2":"","author_info_v2":{"name":"","url":""},"comments_num_v2":"0 comentarios","_links":{"self":[{"href":"https:\/\/ajupe.com.uy\/web\/wp-json\/wp\/v2\/product\/5612","targetHints":{"allow":["GET"]}}],"collection":[{"href":"https:\/\/ajupe.com.uy\/web\/wp-json\/wp\/v2\/product"}],"about":[{"href":"https:\/\/ajupe.com.uy\/web\/wp-json\/wp\/v2\/types\/product"}],"wp:featuredmedia":[{"embeddable":true,"href":"https:\/\/ajupe.com.uy\/web\/wp-json\/wp\/v2\/media\/5613"}],"wp:attachment":[{"href":"https:\/\/ajupe.com.uy\/web\/wp-json\/wp\/v2\/media?parent=5612"}],"wp:term":[{"taxonomy":"product_brand","embeddable":true,"href":"https:\/\/ajupe.com.uy\/web\/wp-json\/wp\/v2\/product_brand?post=5612"},{"taxonomy":"product_cat","embeddable":true,"href":"https:\/\/ajupe.com.uy\/web\/wp-json\/wp\/v2\/product_cat?post=5612"},{"taxonomy":"product_tag","embeddable":true,"href":"https:\/\/ajupe.com.uy\/web\/wp-json\/wp\/v2\/product_tag?post=5612"}],"curies":[{"name":"wp","href":"https:\/\/api.w.org\/{rel}","templated":true}]}}