{"id":5621,"date":"2012-03-01T19:14:10","date_gmt":"2012-03-01T22:14:10","guid":{"rendered":"http:\/\/ajupe.com.uy\/web\/?post_type=product&#038;p=5621"},"modified":"2012-03-01T19:14:10","modified_gmt":"2012-03-01T22:14:10","slug":"caballo-de-guerra","status":"publish","type":"product","link":"https:\/\/ajupe.com.uy\/web\/biblioteca\/caballo-de-guerra\/","title":{"rendered":"Caballo de guerra"},"content":{"rendered":"<p>Separados por la guerra, unidos por la amistad.<\/p>\n<p>Joey,  un caballo mitad pura sangre, mitad caballo de tiro, es comprado por un  granjero que bebe demasiado y est\u00e1 acosado por las deudas. Albert, su  hijo, y Joey se convierten en compa\u00f1eros inseparables. Pero al estallar  la Primera Guerra Mundial, el padre de Albert vende el caballo al  ej\u00e9rcito brit\u00e1nico.<\/p>\n<p>En  medio de la batalla, del ruido ensordecedor de los disparos, de los que  mueren en el camino y de las penurias de los sobrevivientes, Joey se  pregunta si esa guerra atroz finalizar\u00e1 alg\u00fan d\u00eda. Y si as\u00ed fuera, \u00bfse  podr\u00e1 reencontrar con Albert?<\/p>\n","protected":false},"excerpt":{"rendered":"<p>\u201cUna historia universal cuyo coraz\u00f3n y mensaje llegar\u00e1 a todos\u201d \u2013 Steven Spielberg.<\/p>\n","protected":false},"featured_media":5622,"template":"","meta":[],"product_brand":[1126],"product_cat":[29],"product_tag":[],"class_list":{"0":"post-5621","1":"product","2":"type-product","3":"status-publish","4":"has-post-thumbnail","6":"product_brand-michael-morpurgo","7":"product_cat-novela","9":"first","10":"instock","11":"purchasable","12":"product-type-simple"},"featured_image_urls_v2":{"full":["https:\/\/ajupe.com.uy\/web\/wp-content\/uploads\/2016\/04\/p-5621-Caballo_de_guerr_4f4fca82d1f7a.jpg",219,338,false],"thumbnail":["https:\/\/ajupe.com.uy\/web\/wp-content\/uploads\/2016\/04\/p-5621-Caballo_de_guerr_4f4fca82d1f7a.jpg",150,150,true],"medium":["https:\/\/ajupe.com.uy\/web\/wp-content\/uploads\/2016\/04\/p-5621-Caballo_de_guerr_4f4fca82d1f7a.jpg",300,214,true],"medium_large":["https:\/\/ajupe.com.uy\/web\/wp-content\/uploads\/2016\/04\/p-5621-Caballo_de_guerr_4f4fca82d1f7a.jpg",219,338,false],"large":["https:\/\/ajupe.com.uy\/web\/wp-content\/uploads\/2016\/04\/p-5621-Caballo_de_guerr_4f4fca82d1f7a.jpg",219,338,false],"1536x1536":["https:\/\/ajupe.com.uy\/web\/wp-content\/uploads\/2016\/04\/p-5621-Caballo_de_guerr_4f4fca82d1f7a.jpg",219,338,false],"2048x2048":["https:\/\/ajupe.com.uy\/web\/wp-content\/uploads\/2016\/04\/p-5621-Caballo_de_guerr_4f4fca82d1f7a.jpg",219,338,false],"woocommerce_archive_thumbnail":["https:\/\/ajupe.com.uy\/web\/wp-content\/uploads\/2016\/04\/p-5621-Caballo_de_guerr_4f4fca82d1f7a-219x300.jpg",219,300,true],"woocommerce_thumbnail":["https:\/\/ajupe.com.uy\/web\/wp-content\/uploads\/2016\/04\/p-5621-Caballo_de_guerr_4f4fca82d1f7a-219x300.jpg",219,300,true],"woocommerce_single":["https:\/\/ajupe.com.uy\/web\/wp-content\/uploads\/2016\/04\/p-5621-Caballo_de_guerr_4f4fca82d1f7a.jpg",219,338,false],"woocommerce_gallery_thumbnail":["https:\/\/ajupe.com.uy\/web\/wp-content\/uploads\/2016\/04\/p-5621-Caballo_de_guerr_4f4fca82d1f7a-100x100.jpg",100,100,true]},"post_excerpt_stackable_v2":"<p>\u201cUna historia universal cuyo coraz\u00f3n y mensaje llegar\u00e1 a todos\u201d \u2013 Steven Spielberg.<\/p>\n","category_list_v2":"","author_info_v2":{"name":"","url":""},"comments_num_v2":"0 comentarios","_links":{"self":[{"href":"https:\/\/ajupe.com.uy\/web\/wp-json\/wp\/v2\/product\/5621","targetHints":{"allow":["GET"]}}],"collection":[{"href":"https:\/\/ajupe.com.uy\/web\/wp-json\/wp\/v2\/product"}],"about":[{"href":"https:\/\/ajupe.com.uy\/web\/wp-json\/wp\/v2\/types\/product"}],"wp:featuredmedia":[{"embeddable":true,"href":"https:\/\/ajupe.com.uy\/web\/wp-json\/wp\/v2\/media\/5622"}],"wp:attachment":[{"href":"https:\/\/ajupe.com.uy\/web\/wp-json\/wp\/v2\/media?parent=5621"}],"wp:term":[{"taxonomy":"product_brand","embeddable":true,"href":"https:\/\/ajupe.com.uy\/web\/wp-json\/wp\/v2\/product_brand?post=5621"},{"taxonomy":"product_cat","embeddable":true,"href":"https:\/\/ajupe.com.uy\/web\/wp-json\/wp\/v2\/product_cat?post=5621"},{"taxonomy":"product_tag","embeddable":true,"href":"https:\/\/ajupe.com.uy\/web\/wp-json\/wp\/v2\/product_tag?post=5621"}],"curies":[{"name":"wp","href":"https:\/\/api.w.org\/{rel}","templated":true}]}}