{"id":5624,"date":"2012-03-01T19:27:06","date_gmt":"2012-03-01T22:27:06","guid":{"rendered":"http:\/\/ajupe.com.uy\/web\/?post_type=product&#038;p=5624"},"modified":"2012-03-01T19:27:06","modified_gmt":"2012-03-01T22:27:06","slug":"inteligencia-social","status":"publish","type":"product","link":"https:\/\/ajupe.com.uy\/web\/biblioteca\/inteligencia-social\/","title":{"rendered":"Inteligencia social"},"content":{"rendered":"<p><span style=\"color: #000000; font-size: x-small;\">Todos  sabemos que los seres humanos tenemos (m\u00e1s o menos) la capacidad de  relacionarnos de una manera profunda y directa. Esta capacidad se  expresa, por ejemplo, cuando un m\u00fasico emociona a su p\u00fablico. Para  lograr esto, la persona tiene que sentir y estimular las reacciones y el  humor de los dem\u00e1s. <\/p>\n<p> Lo cierto es que estamos predispuestos a relacionarnos. La neurociencia  ha descubierto que nuestro cerebro est\u00e1 dise\u00f1ado para que seamos  sociables. Esta es la raz\u00f3n por la que siempre  influimos en la mente (y  en el cuerpo) de los dem\u00e1s, al igual que los dem\u00e1s influyen en  nosotros. <\/span><\/p>\n","protected":false},"excerpt":{"rendered":"<p>Daniel Goleman, psic\u00f3logo de la Universidad de Harvard y articulista del New York Times, public\u00f3 en 1995 Inteligencia emocional, en donde hablaba sobre la habilidad humana de lidiar con nuestras emociones para entablar relaciones positivas. Ahora da un pa<\/p>\n","protected":false},"featured_media":5625,"template":"","meta":[],"product_brand":[160],"product_cat":[32],"product_tag":[],"class_list":{"0":"post-5624","1":"product","2":"type-product","3":"status-publish","4":"has-post-thumbnail","6":"product_brand-daniel-goleman","7":"product_cat-autoayuda","9":"first","10":"instock","11":"purchasable","12":"product-type-simple"},"featured_image_urls_v2":{"full":["https:\/\/ajupe.com.uy\/web\/wp-content\/uploads\/2016\/04\/p-5624-Inteligencia_soc_4f4fcd8a464b3.jpg",219,338,false],"thumbnail":["https:\/\/ajupe.com.uy\/web\/wp-content\/uploads\/2016\/04\/p-5624-Inteligencia_soc_4f4fcd8a464b3.jpg",150,150,true],"medium":["https:\/\/ajupe.com.uy\/web\/wp-content\/uploads\/2016\/04\/p-5624-Inteligencia_soc_4f4fcd8a464b3.jpg",300,214,true],"medium_large":["https:\/\/ajupe.com.uy\/web\/wp-content\/uploads\/2016\/04\/p-5624-Inteligencia_soc_4f4fcd8a464b3.jpg",219,338,false],"large":["https:\/\/ajupe.com.uy\/web\/wp-content\/uploads\/2016\/04\/p-5624-Inteligencia_soc_4f4fcd8a464b3.jpg",219,338,false],"1536x1536":["https:\/\/ajupe.com.uy\/web\/wp-content\/uploads\/2016\/04\/p-5624-Inteligencia_soc_4f4fcd8a464b3.jpg",219,338,false],"2048x2048":["https:\/\/ajupe.com.uy\/web\/wp-content\/uploads\/2016\/04\/p-5624-Inteligencia_soc_4f4fcd8a464b3.jpg",219,338,false],"woocommerce_archive_thumbnail":["https:\/\/ajupe.com.uy\/web\/wp-content\/uploads\/2016\/04\/p-5624-Inteligencia_soc_4f4fcd8a464b3-219x300.jpg",219,300,true],"woocommerce_thumbnail":["https:\/\/ajupe.com.uy\/web\/wp-content\/uploads\/2016\/04\/p-5624-Inteligencia_soc_4f4fcd8a464b3-219x300.jpg",219,300,true],"woocommerce_single":["https:\/\/ajupe.com.uy\/web\/wp-content\/uploads\/2016\/04\/p-5624-Inteligencia_soc_4f4fcd8a464b3.jpg",219,338,false],"woocommerce_gallery_thumbnail":["https:\/\/ajupe.com.uy\/web\/wp-content\/uploads\/2016\/04\/p-5624-Inteligencia_soc_4f4fcd8a464b3-100x100.jpg",100,100,true]},"post_excerpt_stackable_v2":"<p>Daniel Goleman, psic\u00f3logo de la Universidad de Harvard y articulista del New York Times, public\u00f3 en 1995 Inteligencia emocional, en donde hablaba sobre la habilidad humana de lidiar con nuestras emociones para entablar relaciones positivas. Ahora da un pa<\/p>\n","category_list_v2":"","author_info_v2":{"name":"","url":""},"comments_num_v2":"0 comentarios","_links":{"self":[{"href":"https:\/\/ajupe.com.uy\/web\/wp-json\/wp\/v2\/product\/5624","targetHints":{"allow":["GET"]}}],"collection":[{"href":"https:\/\/ajupe.com.uy\/web\/wp-json\/wp\/v2\/product"}],"about":[{"href":"https:\/\/ajupe.com.uy\/web\/wp-json\/wp\/v2\/types\/product"}],"wp:featuredmedia":[{"embeddable":true,"href":"https:\/\/ajupe.com.uy\/web\/wp-json\/wp\/v2\/media\/5625"}],"wp:attachment":[{"href":"https:\/\/ajupe.com.uy\/web\/wp-json\/wp\/v2\/media?parent=5624"}],"wp:term":[{"taxonomy":"product_brand","embeddable":true,"href":"https:\/\/ajupe.com.uy\/web\/wp-json\/wp\/v2\/product_brand?post=5624"},{"taxonomy":"product_cat","embeddable":true,"href":"https:\/\/ajupe.com.uy\/web\/wp-json\/wp\/v2\/product_cat?post=5624"},{"taxonomy":"product_tag","embeddable":true,"href":"https:\/\/ajupe.com.uy\/web\/wp-json\/wp\/v2\/product_tag?post=5624"}],"curies":[{"name":"wp","href":"https:\/\/api.w.org\/{rel}","templated":true}]}}