{"id":5627,"date":"2012-03-01T19:37:45","date_gmt":"2012-03-01T22:37:45","guid":{"rendered":"http:\/\/ajupe.com.uy\/web\/?post_type=product&#038;p=5627"},"modified":"2012-03-01T19:37:45","modified_gmt":"2012-03-01T22:37:45","slug":"la-oscuridad-de-los-suenos","status":"publish","type":"product","link":"https:\/\/ajupe.com.uy\/web\/biblioteca\/la-oscuridad-de-los-suenos\/","title":{"rendered":"La oscuridad de los sue\u00f1os"},"content":{"rendered":"<p>Jack  McEvoy tiene los d\u00edas contados como periodista de sucesos; sus momentos  de gloria languidecen y su nombre se baraja en las listas de recortes  previstos por Los Angeles Times. Sin embargo, guarda todav\u00eda un \u00faltimo  cartucho: la redacci\u00f3n de la que pretende que sea su cr\u00f3nica criminal  m\u00e1s impactante.<\/p>\n<p>Para  ese prop\u00f3sito, elige a Alonzo Winslow, un drogadicto de diecis\u00e9is a\u00f1os  encarcelado tras confesar la autor\u00eda del asesinato de una joven hallada  estrangulada en el maletero de un coche. Jack quiere escribir acerca de  la negligencia y la injusticia social que convirtieron a Winslow en un  asesino. Al adentrarse en la historia, descubre que la confesi\u00f3n del  chico es falsa y sospecha que es inocente.<\/p>\n<p>Tras  vincular el asesinato del maletero de Los \u00c1ngeles con otro acontecido  en Las Vegas, McEvoy se ve ante el reportaje m\u00e1s espectacular de su  carrera desde que el Poeta se cruzara con \u00e9l a\u00f1os atr\u00e1s. Una vieja amiga  del pasado se une a la investigaci\u00f3n; se trata de la agente del FBI,  Rachel Walling. Juntos le pisar\u00e1n los talones a un psic\u00f3pata que lleva  demasiado tiempo actuando a la sombra del radar del FBI y la polic\u00eda.<\/p>\n","protected":false},"excerpt":{"rendered":"<p>Forzado a salir del peri\u00f3dico &#8216;Los Angeles Times&#8217;, en medio de los cortes de presupuesto, el periodista Jack McEvoy decide salir a lo grande, con sus \u00faltimos d\u00edas, para escribir la historia definitiva de un asesinato.<\/p>\n","protected":false},"featured_media":5628,"template":"","meta":[],"product_brand":[384],"product_cat":[40],"product_tag":[],"class_list":{"0":"post-5627","1":"product","2":"type-product","3":"status-publish","4":"has-post-thumbnail","6":"product_brand-michael-connelly","7":"product_cat-policial","9":"first","10":"instock","11":"purchasable","12":"product-type-simple"},"featured_image_urls_v2":{"full":["https:\/\/ajupe.com.uy\/web\/wp-content\/uploads\/2016\/04\/p-5627-La_oscuridad_de__4f4fd0098a8e1.jpg",227,338,false],"thumbnail":["https:\/\/ajupe.com.uy\/web\/wp-content\/uploads\/2016\/04\/p-5627-La_oscuridad_de__4f4fd0098a8e1.jpg",150,150,true],"medium":["https:\/\/ajupe.com.uy\/web\/wp-content\/uploads\/2016\/04\/p-5627-La_oscuridad_de__4f4fd0098a8e1.jpg",300,214,true],"medium_large":["https:\/\/ajupe.com.uy\/web\/wp-content\/uploads\/2016\/04\/p-5627-La_oscuridad_de__4f4fd0098a8e1.jpg",227,338,false],"large":["https:\/\/ajupe.com.uy\/web\/wp-content\/uploads\/2016\/04\/p-5627-La_oscuridad_de__4f4fd0098a8e1.jpg",227,338,false],"1536x1536":["https:\/\/ajupe.com.uy\/web\/wp-content\/uploads\/2016\/04\/p-5627-La_oscuridad_de__4f4fd0098a8e1.jpg",227,338,false],"2048x2048":["https:\/\/ajupe.com.uy\/web\/wp-content\/uploads\/2016\/04\/p-5627-La_oscuridad_de__4f4fd0098a8e1.jpg",227,338,false],"woocommerce_archive_thumbnail":["https:\/\/ajupe.com.uy\/web\/wp-content\/uploads\/2016\/04\/p-5627-La_oscuridad_de__4f4fd0098a8e1-227x300.jpg",227,300,true],"woocommerce_thumbnail":["https:\/\/ajupe.com.uy\/web\/wp-content\/uploads\/2016\/04\/p-5627-La_oscuridad_de__4f4fd0098a8e1-227x300.jpg",227,300,true],"woocommerce_single":["https:\/\/ajupe.com.uy\/web\/wp-content\/uploads\/2016\/04\/p-5627-La_oscuridad_de__4f4fd0098a8e1.jpg",227,338,false],"woocommerce_gallery_thumbnail":["https:\/\/ajupe.com.uy\/web\/wp-content\/uploads\/2016\/04\/p-5627-La_oscuridad_de__4f4fd0098a8e1-100x100.jpg",100,100,true]},"post_excerpt_stackable_v2":"<p>Forzado a salir del peri\u00f3dico &#8216;Los Angeles Times&#8217;, en medio de los cortes de presupuesto, el periodista Jack McEvoy decide salir a lo grande, con sus \u00faltimos d\u00edas, para escribir la historia definitiva de un asesinato.<\/p>\n","category_list_v2":"","author_info_v2":{"name":"","url":""},"comments_num_v2":"0 comentarios","_links":{"self":[{"href":"https:\/\/ajupe.com.uy\/web\/wp-json\/wp\/v2\/product\/5627","targetHints":{"allow":["GET"]}}],"collection":[{"href":"https:\/\/ajupe.com.uy\/web\/wp-json\/wp\/v2\/product"}],"about":[{"href":"https:\/\/ajupe.com.uy\/web\/wp-json\/wp\/v2\/types\/product"}],"wp:featuredmedia":[{"embeddable":true,"href":"https:\/\/ajupe.com.uy\/web\/wp-json\/wp\/v2\/media\/5628"}],"wp:attachment":[{"href":"https:\/\/ajupe.com.uy\/web\/wp-json\/wp\/v2\/media?parent=5627"}],"wp:term":[{"taxonomy":"product_brand","embeddable":true,"href":"https:\/\/ajupe.com.uy\/web\/wp-json\/wp\/v2\/product_brand?post=5627"},{"taxonomy":"product_cat","embeddable":true,"href":"https:\/\/ajupe.com.uy\/web\/wp-json\/wp\/v2\/product_cat?post=5627"},{"taxonomy":"product_tag","embeddable":true,"href":"https:\/\/ajupe.com.uy\/web\/wp-json\/wp\/v2\/product_tag?post=5627"}],"curies":[{"name":"wp","href":"https:\/\/api.w.org\/{rel}","templated":true}]}}