{"id":5639,"date":"2012-03-02T19:27:35","date_gmt":"2012-03-02T22:27:35","guid":{"rendered":"http:\/\/ajupe.com.uy\/web\/?post_type=product&#038;p=5639"},"modified":"2012-03-02T19:27:35","modified_gmt":"2012-03-02T22:27:35","slug":"el-pricionero-del-cielo","status":"publish","type":"product","link":"https:\/\/ajupe.com.uy\/web\/biblioteca\/el-pricionero-del-cielo\/","title":{"rendered":"El pricionero del cielo"},"content":{"rendered":"<p>Barcelona, 1957. Daniel Sempere y su amigo Ferm\u00edn, los h\u00e9roes de La  Sombra del Viento, regresan de nuevo a la aventura para afrontar el  mayor desaf\u00edo de sus vidas. Justo cuando todo empezaba a sonre\u00edrles, un  inquietante personaje visita la librer\u00eda de Sempere y amenaza con  desvelar un terrible secreto que lleva enterrado dos d\u00e9cadas en la  oscura memoria de la ciudad. Al conocer la verdad, Daniel comprender\u00e1  que su destino le arrastra inexorablemente a enfrentarse con la mayor de  las sombras: la que est\u00e1 creciendo en su interior. Rebosante de intriga  y emoci\u00f3n, <strong>El Prisionero del Cielo<\/strong> es una novela magistral donde los hilos de <strong>La Sombra del Viento<\/strong> y <strong>El Juego del \u00c1ngel<\/strong> convergen a trav\u00e9s del embrujo de la literatura y nos conduce hacia el  enigma que se oculta en el coraz\u00f3n del Cementerio de los Libros  Olvidados.<\/p>\n","protected":false},"excerpt":{"rendered":"<p>Con El prisionero del cielo, el autor barcelon\u00e9s vuelve al mundo del Cementerio de los libros olvidados, a esa Barcelona m\u00edtica situada entre los a\u00f1os cuarenta y cincuenta con el prop\u00f3sito de regalarnos nuevas intrigas y misterios.<\/p>\n","protected":false},"featured_media":5640,"template":"","meta":[],"product_brand":[467],"product_cat":[29],"product_tag":[],"class_list":{"0":"post-5639","1":"product","2":"type-product","3":"status-publish","4":"has-post-thumbnail","6":"product_brand-carlos-ruiz-zafon","7":"product_cat-novela","9":"first","10":"instock","11":"purchasable","12":"product-type-simple"},"featured_image_urls_v2":{"full":["https:\/\/ajupe.com.uy\/web\/wp-content\/uploads\/2016\/04\/p-5639-El_pricionero_de_4f511f273b1ce.jpg",220,334,false],"thumbnail":["https:\/\/ajupe.com.uy\/web\/wp-content\/uploads\/2016\/04\/p-5639-El_pricionero_de_4f511f273b1ce.jpg",150,150,true],"medium":["https:\/\/ajupe.com.uy\/web\/wp-content\/uploads\/2016\/04\/p-5639-El_pricionero_de_4f511f273b1ce.jpg",300,214,true],"medium_large":["https:\/\/ajupe.com.uy\/web\/wp-content\/uploads\/2016\/04\/p-5639-El_pricionero_de_4f511f273b1ce.jpg",220,334,false],"large":["https:\/\/ajupe.com.uy\/web\/wp-content\/uploads\/2016\/04\/p-5639-El_pricionero_de_4f511f273b1ce.jpg",220,334,false],"1536x1536":["https:\/\/ajupe.com.uy\/web\/wp-content\/uploads\/2016\/04\/p-5639-El_pricionero_de_4f511f273b1ce.jpg",220,334,false],"2048x2048":["https:\/\/ajupe.com.uy\/web\/wp-content\/uploads\/2016\/04\/p-5639-El_pricionero_de_4f511f273b1ce.jpg",220,334,false],"woocommerce_archive_thumbnail":["https:\/\/ajupe.com.uy\/web\/wp-content\/uploads\/2016\/04\/p-5639-El_pricionero_de_4f511f273b1ce-220x300.jpg",220,300,true],"woocommerce_thumbnail":["https:\/\/ajupe.com.uy\/web\/wp-content\/uploads\/2016\/04\/p-5639-El_pricionero_de_4f511f273b1ce-220x300.jpg",220,300,true],"woocommerce_single":["https:\/\/ajupe.com.uy\/web\/wp-content\/uploads\/2016\/04\/p-5639-El_pricionero_de_4f511f273b1ce.jpg",220,334,false],"woocommerce_gallery_thumbnail":["https:\/\/ajupe.com.uy\/web\/wp-content\/uploads\/2016\/04\/p-5639-El_pricionero_de_4f511f273b1ce-100x100.jpg",100,100,true]},"post_excerpt_stackable_v2":"<p>Con El prisionero del cielo, el autor barcelon\u00e9s vuelve al mundo del Cementerio de los libros olvidados, a esa Barcelona m\u00edtica situada entre los a\u00f1os cuarenta y cincuenta con el prop\u00f3sito de regalarnos nuevas intrigas y misterios.<\/p>\n","category_list_v2":"","author_info_v2":{"name":"","url":""},"comments_num_v2":"0 comentarios","_links":{"self":[{"href":"https:\/\/ajupe.com.uy\/web\/wp-json\/wp\/v2\/product\/5639","targetHints":{"allow":["GET"]}}],"collection":[{"href":"https:\/\/ajupe.com.uy\/web\/wp-json\/wp\/v2\/product"}],"about":[{"href":"https:\/\/ajupe.com.uy\/web\/wp-json\/wp\/v2\/types\/product"}],"wp:featuredmedia":[{"embeddable":true,"href":"https:\/\/ajupe.com.uy\/web\/wp-json\/wp\/v2\/media\/5640"}],"wp:attachment":[{"href":"https:\/\/ajupe.com.uy\/web\/wp-json\/wp\/v2\/media?parent=5639"}],"wp:term":[{"taxonomy":"product_brand","embeddable":true,"href":"https:\/\/ajupe.com.uy\/web\/wp-json\/wp\/v2\/product_brand?post=5639"},{"taxonomy":"product_cat","embeddable":true,"href":"https:\/\/ajupe.com.uy\/web\/wp-json\/wp\/v2\/product_cat?post=5639"},{"taxonomy":"product_tag","embeddable":true,"href":"https:\/\/ajupe.com.uy\/web\/wp-json\/wp\/v2\/product_tag?post=5639"}],"curies":[{"name":"wp","href":"https:\/\/api.w.org\/{rel}","templated":true}]}}