{"id":5651,"date":"2012-04-19T20:27:30","date_gmt":"2012-04-19T23:27:30","guid":{"rendered":"http:\/\/ajupe.com.uy\/web\/?post_type=product&#038;p=5651"},"modified":"2012-04-19T20:27:30","modified_gmt":"2012-04-19T23:27:30","slug":"jose-benito-monterroso","status":"publish","type":"product","link":"https:\/\/ajupe.com.uy\/web\/biblioteca\/jose-benito-monterroso\/","title":{"rendered":"Jos\u00e9 Benito Monterroso"},"content":{"rendered":"<p><span style=\"font-size: 10pt;\"> \ufeff\u201cEl c\u00e9lebre fraile franciscano  Monterroso (&#8230;) Ese ciudadano notabil\u00edsimo, cuyo rol en la revoluci\u00f3n  oriental ha sido tan empeque\u00f1ecido y denigrado por una implacable y  persistente calumnia, ha de merecer, con el tiempo, del historiador  imparcial una p\u00e1gina distinguida en la historia de las luchas intestinas  de R\u00edo de la Plata\u201d.<\/span><\/p>\n","protected":false},"excerpt":{"rendered":"<p>\ufeff\u201cEl c\u00e9lebre fraile franciscano Monterroso (&#8230;) Ese ciudadano notabil\u00edsimo, cuyo rol en la revoluci\u00f3n oriental ha sido tan empeque\u00f1ecido y denigrado por una implacable y persistente calumnia, ha de merecer, con el tiempo, del historiador imparcial una p\u00e1<\/p>\n","protected":false},"featured_media":5652,"template":"","meta":[],"product_brand":[1131],"product_cat":[31],"product_tag":[],"class_list":{"0":"post-5651","1":"product","2":"type-product","3":"status-publish","4":"has-post-thumbnail","6":"product_brand-mario-cayota","7":"product_cat-historico","9":"first","10":"instock","11":"purchasable","12":"product-type-simple"},"featured_image_urls_v2":{"full":["https:\/\/ajupe.com.uy\/web\/wp-content\/uploads\/2016\/04\/p-5651-Jos___Benito_Mon_4f9075324fc49.jpg",233,333,false],"thumbnail":["https:\/\/ajupe.com.uy\/web\/wp-content\/uploads\/2016\/04\/p-5651-Jos___Benito_Mon_4f9075324fc49.jpg",150,150,true],"medium":["https:\/\/ajupe.com.uy\/web\/wp-content\/uploads\/2016\/04\/p-5651-Jos___Benito_Mon_4f9075324fc49.jpg",300,214,true],"medium_large":["https:\/\/ajupe.com.uy\/web\/wp-content\/uploads\/2016\/04\/p-5651-Jos___Benito_Mon_4f9075324fc49.jpg",233,333,false],"large":["https:\/\/ajupe.com.uy\/web\/wp-content\/uploads\/2016\/04\/p-5651-Jos___Benito_Mon_4f9075324fc49.jpg",233,333,false],"1536x1536":["https:\/\/ajupe.com.uy\/web\/wp-content\/uploads\/2016\/04\/p-5651-Jos___Benito_Mon_4f9075324fc49.jpg",233,333,false],"2048x2048":["https:\/\/ajupe.com.uy\/web\/wp-content\/uploads\/2016\/04\/p-5651-Jos___Benito_Mon_4f9075324fc49.jpg",233,333,false],"woocommerce_archive_thumbnail":["https:\/\/ajupe.com.uy\/web\/wp-content\/uploads\/2016\/04\/p-5651-Jos___Benito_Mon_4f9075324fc49-233x300.jpg",233,300,true],"woocommerce_thumbnail":["https:\/\/ajupe.com.uy\/web\/wp-content\/uploads\/2016\/04\/p-5651-Jos___Benito_Mon_4f9075324fc49-233x300.jpg",233,300,true],"woocommerce_single":["https:\/\/ajupe.com.uy\/web\/wp-content\/uploads\/2016\/04\/p-5651-Jos___Benito_Mon_4f9075324fc49.jpg",233,333,false],"woocommerce_gallery_thumbnail":["https:\/\/ajupe.com.uy\/web\/wp-content\/uploads\/2016\/04\/p-5651-Jos___Benito_Mon_4f9075324fc49-100x100.jpg",100,100,true]},"post_excerpt_stackable_v2":"<p>\ufeff\u201cEl c\u00e9lebre fraile franciscano Monterroso (&#8230;) Ese ciudadano notabil\u00edsimo, cuyo rol en la revoluci\u00f3n oriental ha sido tan empeque\u00f1ecido y denigrado por una implacable y persistente calumnia, ha de merecer, con el tiempo, del historiador imparcial una p\u00e1<\/p>\n","category_list_v2":"","author_info_v2":{"name":"","url":""},"comments_num_v2":"0 comentarios","_links":{"self":[{"href":"https:\/\/ajupe.com.uy\/web\/wp-json\/wp\/v2\/product\/5651","targetHints":{"allow":["GET"]}}],"collection":[{"href":"https:\/\/ajupe.com.uy\/web\/wp-json\/wp\/v2\/product"}],"about":[{"href":"https:\/\/ajupe.com.uy\/web\/wp-json\/wp\/v2\/types\/product"}],"wp:featuredmedia":[{"embeddable":true,"href":"https:\/\/ajupe.com.uy\/web\/wp-json\/wp\/v2\/media\/5652"}],"wp:attachment":[{"href":"https:\/\/ajupe.com.uy\/web\/wp-json\/wp\/v2\/media?parent=5651"}],"wp:term":[{"taxonomy":"product_brand","embeddable":true,"href":"https:\/\/ajupe.com.uy\/web\/wp-json\/wp\/v2\/product_brand?post=5651"},{"taxonomy":"product_cat","embeddable":true,"href":"https:\/\/ajupe.com.uy\/web\/wp-json\/wp\/v2\/product_cat?post=5651"},{"taxonomy":"product_tag","embeddable":true,"href":"https:\/\/ajupe.com.uy\/web\/wp-json\/wp\/v2\/product_tag?post=5651"}],"curies":[{"name":"wp","href":"https:\/\/api.w.org\/{rel}","templated":true}]}}