{"id":5654,"date":"2012-04-19T20:36:08","date_gmt":"2012-04-19T23:36:08","guid":{"rendered":"http:\/\/ajupe.com.uy\/web\/?post_type=product&#038;p=5654"},"modified":"2012-04-19T20:36:08","modified_gmt":"2012-04-19T23:36:08","slug":"los-hijos-de-los-dias","status":"publish","type":"product","link":"https:\/\/ajupe.com.uy\/web\/biblioteca\/los-hijos-de-los-dias\/","title":{"rendered":"Los hijos de los d\u00edas"},"content":{"rendered":"<p><strong>Los hijos de los d\u00edas<\/strong> es el nuevo y esperado libro de <strong>Eduardo Galeano<\/strong>,  el querido escritor uruguayo, uno de los m\u00e1s importantes nombres de la  literatura contempor\u00e1nea de ese pa\u00eds. En esta nueva obra, como es su  estilo, nos introduce a los lectores en todo un mundo de curiosidades,  hechos reales contados de manera m\u00e1gica y po\u00e9tica.<\/p>\n<p>Leyendo <strong>Los hijos de los d\u00edas<\/strong> sabremos, entre otras  cosas, acerca de qu\u00e9 popular historia del catecismo cat\u00f3lico no figura  en la Biblia, acerca de los incre\u00edblemente precisos c\u00e1lculos que realiz\u00f3  el griego Erat\u00f3stenes 2300 a\u00f1os atr\u00e1s, sobre qu\u00e9 pocas personas  rindieron sus respetos a la muerte de Kart Marx, sobre las terribles  visiones que han tenido acerca de la mujer pensadores de todos los  tiempos, como Arist\u00f3teles (quien la consideraba \u201cun hombre incompleto\u201d) o  Santo Tom\u00e1s de Aquino (quien la defin\u00eda como un \u201cerror de la  naturaleza\u201d), o por qu\u00e9 en Hait\u00ed el cortejo f\u00fanebre debe conducir el  ataud en zig-zag.<br \/> Tambi\u00e9n aprenderemos que hasta 1990 la homosexualidad fue una enfermedad  mental, seg\u00fan la Organizaci\u00f3n Mundial de la Salud y, si de errores  groseros se trata, que hasta el a\u00f1o 2008 Nelson Mandela integr\u00f3 la lista  de terroristas m\u00e1s peligrosos para la seguridad de Estados Unidos o que  cada dos semanas muere una lengua.<br \/> Nacido en Montevideo en 1940, <strong>Eduardo Galeano<\/strong> es  periodista y escritor. En sus obras ha conseguido retratar con  perspicacia la sociedad contempor\u00e1nea, penetrando en sus lacras y en sus  fantasmas cotidianos. Toda su producci\u00f3n literaria est\u00e1 marcada por su  veta de periodista, reflejando en su escritura la urgencia y la denuncia  con la que logra retratar la cotidianeidad de unos tiempos dif\u00edciles.<\/p>\n","protected":false},"excerpt":{"rendered":"<p>Los hijos de los d\u00edas es el nuevo y esperado libro de Eduardo Galeano, el querido escritor uruguayo, uno de los m\u00e1s importantes nombres de la literatura contempor\u00e1nea de ese pa\u00eds. En esta nueva obra, como es su estilo, nos introduce a los lectores en todo<\/p>\n","protected":false},"featured_media":5655,"template":"","meta":[],"product_brand":[185],"product_cat":[29],"product_tag":[],"class_list":{"0":"post-5654","1":"product","2":"type-product","3":"status-publish","4":"has-post-thumbnail","6":"product_brand-eduardo-galeano","7":"product_cat-novela","9":"first","10":"instock","11":"purchasable","12":"product-type-simple"},"featured_image_urls_v2":{"full":["https:\/\/ajupe.com.uy\/web\/wp-content\/uploads\/2016\/04\/p-5654-Los_hijos_de_los_4f907738c0022.jpg",206,275,false],"thumbnail":["https:\/\/ajupe.com.uy\/web\/wp-content\/uploads\/2016\/04\/p-5654-Los_hijos_de_los_4f907738c0022.jpg",150,150,true],"medium":["https:\/\/ajupe.com.uy\/web\/wp-content\/uploads\/2016\/04\/p-5654-Los_hijos_de_los_4f907738c0022.jpg",300,214,true],"medium_large":["https:\/\/ajupe.com.uy\/web\/wp-content\/uploads\/2016\/04\/p-5654-Los_hijos_de_los_4f907738c0022.jpg",206,275,false],"large":["https:\/\/ajupe.com.uy\/web\/wp-content\/uploads\/2016\/04\/p-5654-Los_hijos_de_los_4f907738c0022.jpg",206,275,false],"1536x1536":["https:\/\/ajupe.com.uy\/web\/wp-content\/uploads\/2016\/04\/p-5654-Los_hijos_de_los_4f907738c0022.jpg",206,275,false],"2048x2048":["https:\/\/ajupe.com.uy\/web\/wp-content\/uploads\/2016\/04\/p-5654-Los_hijos_de_los_4f907738c0022.jpg",206,275,false],"woocommerce_archive_thumbnail":["https:\/\/ajupe.com.uy\/web\/wp-content\/uploads\/2016\/04\/p-5654-Los_hijos_de_los_4f907738c0022.jpg",206,275,false],"woocommerce_thumbnail":["https:\/\/ajupe.com.uy\/web\/wp-content\/uploads\/2016\/04\/p-5654-Los_hijos_de_los_4f907738c0022.jpg",206,275,false],"woocommerce_single":["https:\/\/ajupe.com.uy\/web\/wp-content\/uploads\/2016\/04\/p-5654-Los_hijos_de_los_4f907738c0022.jpg",206,275,false],"woocommerce_gallery_thumbnail":["https:\/\/ajupe.com.uy\/web\/wp-content\/uploads\/2016\/04\/p-5654-Los_hijos_de_los_4f907738c0022-100x100.jpg",100,100,true]},"post_excerpt_stackable_v2":"<p>Los hijos de los d\u00edas es el nuevo y esperado libro de Eduardo Galeano, el querido escritor uruguayo, uno de los m\u00e1s importantes nombres de la literatura contempor\u00e1nea de ese pa\u00eds. En esta nueva obra, como es su estilo, nos introduce a los lectores en todo<\/p>\n","category_list_v2":"","author_info_v2":{"name":"","url":""},"comments_num_v2":"0 comentarios","_links":{"self":[{"href":"https:\/\/ajupe.com.uy\/web\/wp-json\/wp\/v2\/product\/5654","targetHints":{"allow":["GET"]}}],"collection":[{"href":"https:\/\/ajupe.com.uy\/web\/wp-json\/wp\/v2\/product"}],"about":[{"href":"https:\/\/ajupe.com.uy\/web\/wp-json\/wp\/v2\/types\/product"}],"wp:featuredmedia":[{"embeddable":true,"href":"https:\/\/ajupe.com.uy\/web\/wp-json\/wp\/v2\/media\/5655"}],"wp:attachment":[{"href":"https:\/\/ajupe.com.uy\/web\/wp-json\/wp\/v2\/media?parent=5654"}],"wp:term":[{"taxonomy":"product_brand","embeddable":true,"href":"https:\/\/ajupe.com.uy\/web\/wp-json\/wp\/v2\/product_brand?post=5654"},{"taxonomy":"product_cat","embeddable":true,"href":"https:\/\/ajupe.com.uy\/web\/wp-json\/wp\/v2\/product_cat?post=5654"},{"taxonomy":"product_tag","embeddable":true,"href":"https:\/\/ajupe.com.uy\/web\/wp-json\/wp\/v2\/product_tag?post=5654"}],"curies":[{"name":"wp","href":"https:\/\/api.w.org\/{rel}","templated":true}]}}