{"id":5657,"date":"2012-04-19T20:51:13","date_gmt":"2012-04-19T23:51:13","guid":{"rendered":"http:\/\/ajupe.com.uy\/web\/?post_type=product&#038;p=5657"},"modified":"2012-04-19T20:51:13","modified_gmt":"2012-04-19T23:51:13","slug":"claraboya","status":"publish","type":"product","link":"https:\/\/ajupe.com.uy\/web\/biblioteca\/claraboya\/","title":{"rendered":"Claraboya"},"content":{"rendered":"<p>Amanece en Lisboa. En una ma\u00f1ana de mediados del siglo XX, la mirada  del novelista se asoma a la ventana de un vecindario. Se anuncia un d\u00eda  no muy diferente de los dem\u00e1s: el zapatero Silvestre, que abre su  taller; Adriana, que parte hacia el trabajo mientras en su casa tres  mujeres inician otra jornada de costura; Justina, que tiene ante s\u00ed un  largo d\u00eda jalonado por las disputas con su brutal marido; la mantenida  Lidia; y la espa\u00f1ola Carmen, sumida en nostalgias&#8230;<\/p>\n<p>Discretamente, la mirada del novelista va descendiendo y, de repente,  deja de ser simple testigo para ver con los ojos de cada uno de los  personajes. Cap\u00edtulo a cap\u00edtulo, salta de casa en casa, de personaje en  personaje, abri\u00e9ndonos un mundo gobernado por la necesidad, las grandes  frustraciones, las peque\u00f1as ilusiones, la nostalgia de tiempos que ni  siquiera fueron mejores. Todo cubierto por el silencio tedioso de la  dictadura, la m\u00fasica de Beethoven y una pregunta de Pessoa: \u00ab\u00bfDeberemos  ser todos casados, f\u00fatiles, tributables?\u00bb.<\/p>\n<p>Saramago termino\u0301 de escribir <em>Claraboya<\/em> a los treinta y un  a\u00f1os y entrego\u0301 el manuscrito a una editorial de la que solo obtuvo  respuesta cuarenta a\u00f1os m\u00e1s tarde, cuando era un escritor consagrado. La  escritura minuciosa y paciente retrata con maestr\u00eda una \u00e9poca marcada  por la desesperanza. <em>Claraboya<\/em> anticipa de un modo deslumbrante  los elementos del universo Saramago, as\u00ed\u0301 como las virtudes que ser\u00e1n  el germen de tantas obras maestras. En el texto se oye la voz de Jose\u0301  Saramago, se reconocen sus personajes, se identifican la lucidez y la  compasi\u00f3n que seg\u00fan la Academia Sueca distinguen su obra.<\/p>\n","protected":false},"excerpt":{"rendered":"<p>Amanece en Lisboa. En una ma\u00f1ana de mediados del siglo XX, la mirada del novelista se asoma a la ventana de un vecindario. Se anuncia un d\u00eda no muy diferente de los dem\u00e1s: el zapatero Silvestre, que abre su taller; Adriana, que parte hacia el trabajo mien<\/p>\n","protected":false},"featured_media":5658,"template":"","meta":[],"product_brand":[189],"product_cat":[29],"product_tag":[],"class_list":{"0":"post-5657","1":"product","2":"type-product","3":"status-publish","4":"has-post-thumbnail","6":"product_brand-jose-saramago","7":"product_cat-novela","9":"first","10":"instock","11":"purchasable","12":"product-type-simple"},"featured_image_urls_v2":{"full":["https:\/\/ajupe.com.uy\/web\/wp-content\/uploads\/2016\/04\/p-5657-Claraboya_4f907ac1c77df.jpg",206,307,false],"thumbnail":["https:\/\/ajupe.com.uy\/web\/wp-content\/uploads\/2016\/04\/p-5657-Claraboya_4f907ac1c77df.jpg",150,150,true],"medium":["https:\/\/ajupe.com.uy\/web\/wp-content\/uploads\/2016\/04\/p-5657-Claraboya_4f907ac1c77df.jpg",300,214,true],"medium_large":["https:\/\/ajupe.com.uy\/web\/wp-content\/uploads\/2016\/04\/p-5657-Claraboya_4f907ac1c77df.jpg",206,307,false],"large":["https:\/\/ajupe.com.uy\/web\/wp-content\/uploads\/2016\/04\/p-5657-Claraboya_4f907ac1c77df.jpg",206,307,false],"1536x1536":["https:\/\/ajupe.com.uy\/web\/wp-content\/uploads\/2016\/04\/p-5657-Claraboya_4f907ac1c77df.jpg",206,307,false],"2048x2048":["https:\/\/ajupe.com.uy\/web\/wp-content\/uploads\/2016\/04\/p-5657-Claraboya_4f907ac1c77df.jpg",206,307,false],"woocommerce_archive_thumbnail":["https:\/\/ajupe.com.uy\/web\/wp-content\/uploads\/2016\/04\/p-5657-Claraboya_4f907ac1c77df-206x300.jpg",206,300,true],"woocommerce_thumbnail":["https:\/\/ajupe.com.uy\/web\/wp-content\/uploads\/2016\/04\/p-5657-Claraboya_4f907ac1c77df-206x300.jpg",206,300,true],"woocommerce_single":["https:\/\/ajupe.com.uy\/web\/wp-content\/uploads\/2016\/04\/p-5657-Claraboya_4f907ac1c77df.jpg",206,307,false],"woocommerce_gallery_thumbnail":["https:\/\/ajupe.com.uy\/web\/wp-content\/uploads\/2016\/04\/p-5657-Claraboya_4f907ac1c77df-100x100.jpg",100,100,true]},"post_excerpt_stackable_v2":"<p>Amanece en Lisboa. En una ma\u00f1ana de mediados del siglo XX, la mirada del novelista se asoma a la ventana de un vecindario. Se anuncia un d\u00eda no muy diferente de los dem\u00e1s: el zapatero Silvestre, que abre su taller; Adriana, que parte hacia el trabajo mien<\/p>\n","category_list_v2":"","author_info_v2":{"name":"","url":""},"comments_num_v2":"0 comentarios","_links":{"self":[{"href":"https:\/\/ajupe.com.uy\/web\/wp-json\/wp\/v2\/product\/5657","targetHints":{"allow":["GET"]}}],"collection":[{"href":"https:\/\/ajupe.com.uy\/web\/wp-json\/wp\/v2\/product"}],"about":[{"href":"https:\/\/ajupe.com.uy\/web\/wp-json\/wp\/v2\/types\/product"}],"wp:featuredmedia":[{"embeddable":true,"href":"https:\/\/ajupe.com.uy\/web\/wp-json\/wp\/v2\/media\/5658"}],"wp:attachment":[{"href":"https:\/\/ajupe.com.uy\/web\/wp-json\/wp\/v2\/media?parent=5657"}],"wp:term":[{"taxonomy":"product_brand","embeddable":true,"href":"https:\/\/ajupe.com.uy\/web\/wp-json\/wp\/v2\/product_brand?post=5657"},{"taxonomy":"product_cat","embeddable":true,"href":"https:\/\/ajupe.com.uy\/web\/wp-json\/wp\/v2\/product_cat?post=5657"},{"taxonomy":"product_tag","embeddable":true,"href":"https:\/\/ajupe.com.uy\/web\/wp-json\/wp\/v2\/product_tag?post=5657"}],"curies":[{"name":"wp","href":"https:\/\/api.w.org\/{rel}","templated":true}]}}