{"id":5660,"date":"2012-04-19T21:02:42","date_gmt":"2012-04-20T00:02:42","guid":{"rendered":"http:\/\/ajupe.com.uy\/web\/?post_type=product&#038;p=5660"},"modified":"2012-04-19T21:02:42","modified_gmt":"2012-04-20T00:02:42","slug":"el-vino-de-la-soledad","status":"publish","type":"product","link":"https:\/\/ajupe.com.uy\/web\/biblioteca\/el-vino-de-la-soledad\/","title":{"rendered":"El vino de la soledad"},"content":{"rendered":"<p>Ir\u00e8ne N\u00e9mirovsky, autora de la impactante Suite francesa, mostr\u00f3  desde joven un talento excepcional. Desde la publicaci\u00f3n de David  Golder, su primera novela, la cr\u00edtica alab\u00f3 su maestr\u00eda literaria con  unanimidad. Su tr\u00e1gica muerte, a los treinta y nueve a\u00f1os, en un campo  de concentraci\u00f3n puso fin a una obra magistral, que ha sido  redescubierta con enorme \u00e9xito. Descrita como su novela m\u00e1s personal y  autobiogr\u00e1fica, El vino de la soledad (publicada en 1935) recrea el  destino de una adinerada familia rusa refugiada en Par\u00eds, y describe la  venganza de una joven contra su madre, motivo que la escritora ya hab\u00eda  tratado en esa breve joya literaria que es El baile.<\/p>\n<p>Con una mirada inteligente y \u00e1cida, N\u00e9mirovsky describe al matrimonio  protagonista de la novela a trav\u00e9s de los ojos de su \u00fanica hija, la  peque\u00f1a Yelena, que crece sin m\u00e1s amor que el de su gobernanta francesa.  Es f\u00e1cil reconocer a la autora en el retrato de Yelena, como es f\u00e1cil  asimismo identificar a la madre de Yelena con Fanny N\u00e9mirovsky, una  mujer igualmente hermosa, fr\u00edvola y ego\u00edsta, que conden\u00f3 a su hija Ir\u00e8ne  a una infancia infeliz y solitaria. La novela sigue a Yelena Karol de  los ocho a\u00f1os a la mayor\u00eda de edad, desde Ucrania hasta San Petersburgo,  Finlandia y finalmente Par\u00eds, donde la familia se instala cuando  estalla la revoluci\u00f3n rusa, en un recorrido paralelo al que realiz\u00f3 la  propia N\u00e9mirovsky hasta su llegada a Francia. La madre de Yelena, de  origen noble, desprecia a su marido, un potentado jud\u00edo. La vida de la  ni\u00f1a se hace a\u00fan m\u00e1s dura cuando su gobernanta muere y la madre instala  en la casa a su amante, un primo quince a\u00f1os m\u00e1s joven que ella. Pero el  tiempo convierte a Yelena, espectadora y v\u00edctima de su familia, en una  joven hermosa. El d\u00eda que descubre que atrae al amante de su madre,  comprende que ha llegado el momento de vengarse.<\/p>\n<p>El vino de la soledad describe con precisi\u00f3n feroz los sufrimientos  de una ni\u00f1a sometida a la indiferencia de su padre y al desprecio de su  madre. Novela acerada que combina realidad y fantas\u00eda para hablar de la  infancia de Ir\u00e8ne N\u00e9mirovsky, El vino de la soledad es otra hermosa  novela de esta escritora maravillosa, l\u00facida y brillante.<\/p>\n","protected":false},"excerpt":{"rendered":"<p>Ir\u00e8ne N\u00e9mirovsky, autora de la impactante Suite francesa, mostr\u00f3 desde joven un talento excepcional. Desde la publicaci\u00f3n de David Golder, su primera novela, la cr\u00edtica alab\u00f3 su maestr\u00eda literaria con unanimidad. Su tr\u00e1gica muerte, a los treinta y nueve a<\/p>\n","protected":false},"featured_media":5661,"template":"","meta":[],"product_brand":[530],"product_cat":[29],"product_tag":[],"class_list":{"0":"post-5660","1":"product","2":"type-product","3":"status-publish","4":"has-post-thumbnail","6":"product_brand-irene-nemirovsky","7":"product_cat-novela","9":"first","10":"instock","11":"purchasable","12":"product-type-simple"},"featured_image_urls_v2":{"full":["https:\/\/ajupe.com.uy\/web\/wp-content\/uploads\/2016\/04\/p-5660-El_vino_de_la_so_4f907d72c22c2.jpg",199,322,false],"thumbnail":["https:\/\/ajupe.com.uy\/web\/wp-content\/uploads\/2016\/04\/p-5660-El_vino_de_la_so_4f907d72c22c2.jpg",150,150,true],"medium":["https:\/\/ajupe.com.uy\/web\/wp-content\/uploads\/2016\/04\/p-5660-El_vino_de_la_so_4f907d72c22c2.jpg",300,214,true],"medium_large":["https:\/\/ajupe.com.uy\/web\/wp-content\/uploads\/2016\/04\/p-5660-El_vino_de_la_so_4f907d72c22c2.jpg",199,322,false],"large":["https:\/\/ajupe.com.uy\/web\/wp-content\/uploads\/2016\/04\/p-5660-El_vino_de_la_so_4f907d72c22c2.jpg",199,322,false],"1536x1536":["https:\/\/ajupe.com.uy\/web\/wp-content\/uploads\/2016\/04\/p-5660-El_vino_de_la_so_4f907d72c22c2.jpg",199,322,false],"2048x2048":["https:\/\/ajupe.com.uy\/web\/wp-content\/uploads\/2016\/04\/p-5660-El_vino_de_la_so_4f907d72c22c2.jpg",199,322,false],"woocommerce_archive_thumbnail":["https:\/\/ajupe.com.uy\/web\/wp-content\/uploads\/2016\/04\/p-5660-El_vino_de_la_so_4f907d72c22c2.jpg",199,322,false],"woocommerce_thumbnail":["https:\/\/ajupe.com.uy\/web\/wp-content\/uploads\/2016\/04\/p-5660-El_vino_de_la_so_4f907d72c22c2-199x300.jpg",199,300,true],"woocommerce_single":["https:\/\/ajupe.com.uy\/web\/wp-content\/uploads\/2016\/04\/p-5660-El_vino_de_la_so_4f907d72c22c2.jpg",199,322,false],"woocommerce_gallery_thumbnail":["https:\/\/ajupe.com.uy\/web\/wp-content\/uploads\/2016\/04\/p-5660-El_vino_de_la_so_4f907d72c22c2-100x100.jpg",100,100,true]},"post_excerpt_stackable_v2":"<p>Ir\u00e8ne N\u00e9mirovsky, autora de la impactante Suite francesa, mostr\u00f3 desde joven un talento excepcional. Desde la publicaci\u00f3n de David Golder, su primera novela, la cr\u00edtica alab\u00f3 su maestr\u00eda literaria con unanimidad. Su tr\u00e1gica muerte, a los treinta y nueve a<\/p>\n","category_list_v2":"","author_info_v2":{"name":"","url":""},"comments_num_v2":"0 comentarios","_links":{"self":[{"href":"https:\/\/ajupe.com.uy\/web\/wp-json\/wp\/v2\/product\/5660","targetHints":{"allow":["GET"]}}],"collection":[{"href":"https:\/\/ajupe.com.uy\/web\/wp-json\/wp\/v2\/product"}],"about":[{"href":"https:\/\/ajupe.com.uy\/web\/wp-json\/wp\/v2\/types\/product"}],"wp:featuredmedia":[{"embeddable":true,"href":"https:\/\/ajupe.com.uy\/web\/wp-json\/wp\/v2\/media\/5661"}],"wp:attachment":[{"href":"https:\/\/ajupe.com.uy\/web\/wp-json\/wp\/v2\/media?parent=5660"}],"wp:term":[{"taxonomy":"product_brand","embeddable":true,"href":"https:\/\/ajupe.com.uy\/web\/wp-json\/wp\/v2\/product_brand?post=5660"},{"taxonomy":"product_cat","embeddable":true,"href":"https:\/\/ajupe.com.uy\/web\/wp-json\/wp\/v2\/product_cat?post=5660"},{"taxonomy":"product_tag","embeddable":true,"href":"https:\/\/ajupe.com.uy\/web\/wp-json\/wp\/v2\/product_tag?post=5660"}],"curies":[{"name":"wp","href":"https:\/\/api.w.org\/{rel}","templated":true}]}}