{"id":5687,"date":"2012-04-27T20:13:48","date_gmt":"2012-04-27T23:13:48","guid":{"rendered":"http:\/\/ajupe.com.uy\/web\/?post_type=product&#038;p=5687"},"modified":"2012-04-27T20:13:48","modified_gmt":"2012-04-27T23:13:48","slug":"en-nombre-del-amor","status":"publish","type":"product","link":"https:\/\/ajupe.com.uy\/web\/biblioteca\/en-nombre-del-amor\/","title":{"rendered":"En nombre del amor"},"content":{"rendered":"<p>Travis Parker tiene todo lo que un hombre pueda desear: un buen trabajo   como veterinario, amigos fieles e, incluso, una casa delante de un lago   en una peque\u00f1a localidad de Carolina del Norte. <\/p>\n<p> Le gusta la vida y aprovecharla al m\u00e1ximo, aunque hay algo que se resiste a probar: enamorarse. <\/p>\n<p> Pero semejante prop\u00f3sito desparece por completo en el momento que conoce a Gabby Holland.<br \/> Gabby es una asistente pedi\u00e1trica que se acaba de mudar al barrio de Travis. <\/p>\n<p> \u00c9l ha intentado ser un buen vecino, invitarla a sus barbacoas y a pasar   el d\u00eda con sus amigos en su lancha, pero ella ha resistido cada uno de   los intentos de su guap\u00edsimo y encantador vecino, en parte porque le   ser\u00eda demasiado f\u00e1cil sentirse atra\u00edda por \u00e9l. Y eso ser\u00eda un problema   porque Gabby tiene novio.<\/p>\n","protected":false},"excerpt":{"rendered":"<p>Travis Parker tiene todo lo que un hombre pueda desear: un buen trabajo como veterinario, amigos fieles e, incluso, una casa delante de un lago en una peque\u00f1a localidad de Carolina del Norte.<\/p>\n","protected":false},"featured_media":5688,"template":"","meta":[],"product_brand":[441],"product_cat":[29],"product_tag":[],"class_list":{"0":"post-5687","1":"product","2":"type-product","3":"status-publish","4":"has-post-thumbnail","6":"product_brand-nicholas-sparks","7":"product_cat-novela","9":"first","10":"instock","11":"purchasable","12":"product-type-simple"},"featured_image_urls_v2":{"full":["https:\/\/ajupe.com.uy\/web\/wp-content\/uploads\/2016\/04\/p-5687-En_nombre_del_am_4f9afdfc22961.jpg",226,332,false],"thumbnail":["https:\/\/ajupe.com.uy\/web\/wp-content\/uploads\/2016\/04\/p-5687-En_nombre_del_am_4f9afdfc22961.jpg",150,150,true],"medium":["https:\/\/ajupe.com.uy\/web\/wp-content\/uploads\/2016\/04\/p-5687-En_nombre_del_am_4f9afdfc22961.jpg",300,214,true],"medium_large":["https:\/\/ajupe.com.uy\/web\/wp-content\/uploads\/2016\/04\/p-5687-En_nombre_del_am_4f9afdfc22961.jpg",226,332,false],"large":["https:\/\/ajupe.com.uy\/web\/wp-content\/uploads\/2016\/04\/p-5687-En_nombre_del_am_4f9afdfc22961.jpg",226,332,false],"1536x1536":["https:\/\/ajupe.com.uy\/web\/wp-content\/uploads\/2016\/04\/p-5687-En_nombre_del_am_4f9afdfc22961.jpg",226,332,false],"2048x2048":["https:\/\/ajupe.com.uy\/web\/wp-content\/uploads\/2016\/04\/p-5687-En_nombre_del_am_4f9afdfc22961.jpg",226,332,false],"woocommerce_archive_thumbnail":["https:\/\/ajupe.com.uy\/web\/wp-content\/uploads\/2016\/04\/p-5687-En_nombre_del_am_4f9afdfc22961-226x300.jpg",226,300,true],"woocommerce_thumbnail":["https:\/\/ajupe.com.uy\/web\/wp-content\/uploads\/2016\/04\/p-5687-En_nombre_del_am_4f9afdfc22961-226x300.jpg",226,300,true],"woocommerce_single":["https:\/\/ajupe.com.uy\/web\/wp-content\/uploads\/2016\/04\/p-5687-En_nombre_del_am_4f9afdfc22961.jpg",226,332,false],"woocommerce_gallery_thumbnail":["https:\/\/ajupe.com.uy\/web\/wp-content\/uploads\/2016\/04\/p-5687-En_nombre_del_am_4f9afdfc22961-100x100.jpg",100,100,true]},"post_excerpt_stackable_v2":"<p>Travis Parker tiene todo lo que un hombre pueda desear: un buen trabajo como veterinario, amigos fieles e, incluso, una casa delante de un lago en una peque\u00f1a localidad de Carolina del Norte.<\/p>\n","category_list_v2":"","author_info_v2":{"name":"","url":""},"comments_num_v2":"0 comentarios","_links":{"self":[{"href":"https:\/\/ajupe.com.uy\/web\/wp-json\/wp\/v2\/product\/5687","targetHints":{"allow":["GET"]}}],"collection":[{"href":"https:\/\/ajupe.com.uy\/web\/wp-json\/wp\/v2\/product"}],"about":[{"href":"https:\/\/ajupe.com.uy\/web\/wp-json\/wp\/v2\/types\/product"}],"wp:featuredmedia":[{"embeddable":true,"href":"https:\/\/ajupe.com.uy\/web\/wp-json\/wp\/v2\/media\/5688"}],"wp:attachment":[{"href":"https:\/\/ajupe.com.uy\/web\/wp-json\/wp\/v2\/media?parent=5687"}],"wp:term":[{"taxonomy":"product_brand","embeddable":true,"href":"https:\/\/ajupe.com.uy\/web\/wp-json\/wp\/v2\/product_brand?post=5687"},{"taxonomy":"product_cat","embeddable":true,"href":"https:\/\/ajupe.com.uy\/web\/wp-json\/wp\/v2\/product_cat?post=5687"},{"taxonomy":"product_tag","embeddable":true,"href":"https:\/\/ajupe.com.uy\/web\/wp-json\/wp\/v2\/product_tag?post=5687"}],"curies":[{"name":"wp","href":"https:\/\/api.w.org\/{rel}","templated":true}]}}