{"id":5690,"date":"2012-04-27T20:23:31","date_gmt":"2012-04-27T23:23:31","guid":{"rendered":"http:\/\/ajupe.com.uy\/web\/?post_type=product&#038;p=5690"},"modified":"2012-04-27T20:23:31","modified_gmt":"2012-04-27T23:23:31","slug":"yo","status":"publish","type":"product","link":"https:\/\/ajupe.com.uy\/web\/biblioteca\/yo\/","title":{"rendered":"Yo"},"content":{"rendered":"<p>\u00bfQui\u00e9n es Yo? \u00bfUna temible escritora que ejerce su oficio a pesar de la  realidad de sus personajes? \u00bfUna invenci\u00f3n de s\u00ed misma o una  personalidad busc\u00e1ndose desesperadamente en otra cultura y en los dem\u00e1s?<\/p>\n<p> En \u00a1Yo! se aprecia el otro perfil de toda historia: la ficci\u00f3n que logra  escapar al creador para revelarse sobre el claro lienzo de una realidad  siempre aterradora.<\/p>\n<p> Quiz\u00e1 Yolanda Garc\u00eda sea la \u00fanica que logra escapar de la imaginaci\u00f3n,  adem\u00e1s de ser la entra\u00f1able protagonista de la tercera novela de Julia  \u00c1lvarez, que a la par que De c\u00f3mo las chicas Garc\u00eda perdieron su acento,  con \u00a1Yo! se ha asegurado un nuevo \u00e9xito.<\/p>\n","protected":false},"excerpt":{"rendered":"<p>\u00bfQui\u00e9n es Yo? \u00bfUna temible escritora que ejerce su oficio a pesar de la realidad de sus personajes? \u00bfUna invenci\u00f3n de s\u00ed misma o una personalidad busc\u00e1ndose desesperadamente en otra cultura y en los dem\u00e1s?<\/p>\n","protected":false},"featured_media":5691,"template":"","meta":[],"product_brand":[1139],"product_cat":[29],"product_tag":[],"class_list":{"0":"post-5690","1":"product","2":"type-product","3":"status-publish","4":"has-post-thumbnail","6":"product_brand-alvarez-julia","7":"product_cat-novela","9":"first","10":"instock","11":"purchasable","12":"product-type-simple"},"featured_image_urls_v2":{"full":["https:\/\/ajupe.com.uy\/web\/wp-content\/uploads\/2016\/04\/p-5690-Yo_4f9b00431aabe.jpg",190,297,false],"thumbnail":["https:\/\/ajupe.com.uy\/web\/wp-content\/uploads\/2016\/04\/p-5690-Yo_4f9b00431aabe.jpg",150,150,true],"medium":["https:\/\/ajupe.com.uy\/web\/wp-content\/uploads\/2016\/04\/p-5690-Yo_4f9b00431aabe.jpg",300,214,true],"medium_large":["https:\/\/ajupe.com.uy\/web\/wp-content\/uploads\/2016\/04\/p-5690-Yo_4f9b00431aabe.jpg",190,297,false],"large":["https:\/\/ajupe.com.uy\/web\/wp-content\/uploads\/2016\/04\/p-5690-Yo_4f9b00431aabe.jpg",190,297,false],"1536x1536":["https:\/\/ajupe.com.uy\/web\/wp-content\/uploads\/2016\/04\/p-5690-Yo_4f9b00431aabe.jpg",190,297,false],"2048x2048":["https:\/\/ajupe.com.uy\/web\/wp-content\/uploads\/2016\/04\/p-5690-Yo_4f9b00431aabe.jpg",190,297,false],"woocommerce_archive_thumbnail":["https:\/\/ajupe.com.uy\/web\/wp-content\/uploads\/2016\/04\/p-5690-Yo_4f9b00431aabe.jpg",190,297,false],"woocommerce_thumbnail":["https:\/\/ajupe.com.uy\/web\/wp-content\/uploads\/2016\/04\/p-5690-Yo_4f9b00431aabe.jpg",190,297,false],"woocommerce_single":["https:\/\/ajupe.com.uy\/web\/wp-content\/uploads\/2016\/04\/p-5690-Yo_4f9b00431aabe.jpg",190,297,false],"woocommerce_gallery_thumbnail":["https:\/\/ajupe.com.uy\/web\/wp-content\/uploads\/2016\/04\/p-5690-Yo_4f9b00431aabe-100x100.jpg",100,100,true]},"post_excerpt_stackable_v2":"<p>\u00bfQui\u00e9n es Yo? \u00bfUna temible escritora que ejerce su oficio a pesar de la realidad de sus personajes? \u00bfUna invenci\u00f3n de s\u00ed misma o una personalidad busc\u00e1ndose desesperadamente en otra cultura y en los dem\u00e1s?<\/p>\n","category_list_v2":"","author_info_v2":{"name":"","url":""},"comments_num_v2":"0 comentarios","_links":{"self":[{"href":"https:\/\/ajupe.com.uy\/web\/wp-json\/wp\/v2\/product\/5690","targetHints":{"allow":["GET"]}}],"collection":[{"href":"https:\/\/ajupe.com.uy\/web\/wp-json\/wp\/v2\/product"}],"about":[{"href":"https:\/\/ajupe.com.uy\/web\/wp-json\/wp\/v2\/types\/product"}],"wp:featuredmedia":[{"embeddable":true,"href":"https:\/\/ajupe.com.uy\/web\/wp-json\/wp\/v2\/media\/5691"}],"wp:attachment":[{"href":"https:\/\/ajupe.com.uy\/web\/wp-json\/wp\/v2\/media?parent=5690"}],"wp:term":[{"taxonomy":"product_brand","embeddable":true,"href":"https:\/\/ajupe.com.uy\/web\/wp-json\/wp\/v2\/product_brand?post=5690"},{"taxonomy":"product_cat","embeddable":true,"href":"https:\/\/ajupe.com.uy\/web\/wp-json\/wp\/v2\/product_cat?post=5690"},{"taxonomy":"product_tag","embeddable":true,"href":"https:\/\/ajupe.com.uy\/web\/wp-json\/wp\/v2\/product_tag?post=5690"}],"curies":[{"name":"wp","href":"https:\/\/api.w.org\/{rel}","templated":true}]}}