{"id":5721,"date":"2012-05-24T20:16:12","date_gmt":"2012-05-24T23:16:12","guid":{"rendered":"http:\/\/ajupe.com.uy\/web\/?post_type=product&#038;p=5721"},"modified":"2012-05-24T20:16:12","modified_gmt":"2012-05-24T23:16:12","slug":"gente-letal","status":"publish","type":"product","link":"https:\/\/ajupe.com.uy\/web\/biblioteca\/gente-letal\/","title":{"rendered":"Gente letal"},"content":{"rendered":"<p>Por fin desembarca en Espa\u00f1a el primer autor independiente que logra vender m\u00e1s de un mill\u00f3n de ebooks en Amazon. <br \/> Un caso sin precedentes que ha revolucionado el mercado  internacional del libro y ha generado espectaculares ventas de derechos  en infinidad de pa\u00edses.  <\/p>\n<p>Las legiones de lectores de John Locke insisten en que sus  thrillers, protagonizados por Donovan Creed, un carism\u00e1tico ex agente de  la CIA y asesino a tiempo parcial, son adictivos y desternillantes. No  en vano el mundo entero se rinde al genio de un h\u00e9roe que ha llegado  para quedarse. <br \/> En &#8216;Gente letal&#8217;, primera entrega de la serie, Donovan Creed se ve  inmerso en un hilarante choque de intereses con un conocido mafioso, y  en el camino acaba convocando a un peculiar elenco de personajes,  incluidos un gigante y unos enanos  que pretenden conquistar el mundo.<\/p>\n","protected":false},"excerpt":{"rendered":"<p>Un caso sin precedentes que ha revolucionado el mercado internacional del libro y ha generado espectaculares ventas de derechos en infinidad de pa\u00edses.<\/p>\n","protected":false},"featured_media":5722,"template":"","meta":[],"product_brand":[1147],"product_cat":[48],"product_tag":[],"class_list":{"0":"post-5721","1":"product","2":"type-product","3":"status-publish","4":"has-post-thumbnail","6":"product_brand-john-locke","7":"product_cat-thrillers","9":"first","10":"instock","11":"purchasable","12":"product-type-simple"},"featured_image_urls_v2":{"full":["https:\/\/ajupe.com.uy\/web\/wp-content\/uploads\/2016\/04\/p-5721-Gente_letal_4fbe970c30000.jpg",218,334,false],"thumbnail":["https:\/\/ajupe.com.uy\/web\/wp-content\/uploads\/2016\/04\/p-5721-Gente_letal_4fbe970c30000.jpg",150,150,true],"medium":["https:\/\/ajupe.com.uy\/web\/wp-content\/uploads\/2016\/04\/p-5721-Gente_letal_4fbe970c30000.jpg",300,214,true],"medium_large":["https:\/\/ajupe.com.uy\/web\/wp-content\/uploads\/2016\/04\/p-5721-Gente_letal_4fbe970c30000.jpg",218,334,false],"large":["https:\/\/ajupe.com.uy\/web\/wp-content\/uploads\/2016\/04\/p-5721-Gente_letal_4fbe970c30000.jpg",218,334,false],"1536x1536":["https:\/\/ajupe.com.uy\/web\/wp-content\/uploads\/2016\/04\/p-5721-Gente_letal_4fbe970c30000.jpg",218,334,false],"2048x2048":["https:\/\/ajupe.com.uy\/web\/wp-content\/uploads\/2016\/04\/p-5721-Gente_letal_4fbe970c30000.jpg",218,334,false],"woocommerce_archive_thumbnail":["https:\/\/ajupe.com.uy\/web\/wp-content\/uploads\/2016\/04\/p-5721-Gente_letal_4fbe970c30000-218x300.jpg",218,300,true],"woocommerce_thumbnail":["https:\/\/ajupe.com.uy\/web\/wp-content\/uploads\/2016\/04\/p-5721-Gente_letal_4fbe970c30000-218x300.jpg",218,300,true],"woocommerce_single":["https:\/\/ajupe.com.uy\/web\/wp-content\/uploads\/2016\/04\/p-5721-Gente_letal_4fbe970c30000.jpg",218,334,false],"woocommerce_gallery_thumbnail":["https:\/\/ajupe.com.uy\/web\/wp-content\/uploads\/2016\/04\/p-5721-Gente_letal_4fbe970c30000-100x100.jpg",100,100,true]},"post_excerpt_stackable_v2":"<p>Un caso sin precedentes que ha revolucionado el mercado internacional del libro y ha generado espectaculares ventas de derechos en infinidad de pa\u00edses.<\/p>\n","category_list_v2":"","author_info_v2":{"name":"","url":""},"comments_num_v2":"0 comentarios","_links":{"self":[{"href":"https:\/\/ajupe.com.uy\/web\/wp-json\/wp\/v2\/product\/5721","targetHints":{"allow":["GET"]}}],"collection":[{"href":"https:\/\/ajupe.com.uy\/web\/wp-json\/wp\/v2\/product"}],"about":[{"href":"https:\/\/ajupe.com.uy\/web\/wp-json\/wp\/v2\/types\/product"}],"wp:featuredmedia":[{"embeddable":true,"href":"https:\/\/ajupe.com.uy\/web\/wp-json\/wp\/v2\/media\/5722"}],"wp:attachment":[{"href":"https:\/\/ajupe.com.uy\/web\/wp-json\/wp\/v2\/media?parent=5721"}],"wp:term":[{"taxonomy":"product_brand","embeddable":true,"href":"https:\/\/ajupe.com.uy\/web\/wp-json\/wp\/v2\/product_brand?post=5721"},{"taxonomy":"product_cat","embeddable":true,"href":"https:\/\/ajupe.com.uy\/web\/wp-json\/wp\/v2\/product_cat?post=5721"},{"taxonomy":"product_tag","embeddable":true,"href":"https:\/\/ajupe.com.uy\/web\/wp-json\/wp\/v2\/product_tag?post=5721"}],"curies":[{"name":"wp","href":"https:\/\/api.w.org\/{rel}","templated":true}]}}