{"id":5724,"date":"2012-05-24T20:45:23","date_gmt":"2012-05-24T23:45:23","guid":{"rendered":"http:\/\/ajupe.com.uy\/web\/?post_type=product&#038;p=5724"},"modified":"2012-05-24T20:45:23","modified_gmt":"2012-05-24T23:45:23","slug":"el-lenguaje-de-las-flores","status":"publish","type":"product","link":"https:\/\/ajupe.com.uy\/web\/biblioteca\/el-lenguaje-de-las-flores\/","title":{"rendered":"El lenguaje de las flores"},"content":{"rendered":"<p>Cumplidos sus dieciocho a\u00f1os y luego de pasar su vida entrando y  saliendo de diversos hogares de acogida y pisos tutelados, la ley obliga  a Victoria Jones a emanciparse. Se ha vuelto una muchacha hosca e  introvertida, y solamente en su entusiasmo por las flores es posible  atisbar posibilidades de salvaci\u00f3n. Luego de conseguir un empleo en una  florister\u00eda, se encuentra con un joven a quien conoci\u00f3 diez a\u00f1os antes,  durante la \u00e9poca en que vivi\u00f3 en casa de Elizabeth, una madre de acogida  que le ense\u00f1\u00f3 el lenguaje de las flores.<br \/> Limitada por normas de conducta que reprobaban el despliegue de las  emociones, la sociedad victoriana encontr\u00f3 un medio discreto y efectivo  para comunicar los sentimientos. El lenguaje victoriano de las flores se  bas\u00f3 en el libro Le Langage des Fleurs, de Charlotte de Latour, una  recapitulaci\u00f3n de la simbolog\u00eda de las flores que su autora recogi\u00f3 en  la poes\u00eda, la mitolog\u00eda antigua e incluso la medicina. Naci\u00f3 as\u00ed la  floriograf\u00eda, y entre 1830 y 1880 se publicaron centenares de  diccionarios de flores en Europa y Am\u00e9rica.<br \/> <strong>Vanessa Diffenbaugh<\/strong> naci\u00f3 en San Francisco y estudi\u00f3  redacci\u00f3n creativa y educaci\u00f3n e Stanford. Se dedic\u00f3 luego a ense\u00f1ar  arte y escritura a j\u00f3venes de comunidades de bajos recursos. Ella y su  marido tienen tres hijos y en la actualidad viven en Cambridge. Ha  fundado la Red Camelia, que se propone apoyar a los j\u00f3venes en  transici\u00f3n de hogares sustitutos.<\/p>\n","protected":false},"excerpt":{"rendered":"<p>Inspirada por el rebuscado c\u00f3digo utilizado por la sociedad victoriana para expresar sentimientos por medio de las flores, Vanessa Diffenbaugh nos cuenta en su libro, El lenguaje de las flores, el recorrido emocional de una joven californiana que, marcada<\/p>\n","protected":false},"featured_media":5725,"template":"","meta":[],"product_brand":[1148],"product_cat":[29],"product_tag":[],"class_list":{"0":"post-5724","1":"product","2":"type-product","3":"status-publish","4":"has-post-thumbnail","6":"product_brand-diffenbaugh-vanessa","7":"product_cat-novela","9":"first","10":"instock","11":"purchasable","12":"product-type-simple"},"featured_image_urls_v2":{"full":["https:\/\/ajupe.com.uy\/web\/wp-content\/uploads\/2016\/04\/p-5724-El_lenguaje_de_l_4fbe9de32c018.jpg",218,334,false],"thumbnail":["https:\/\/ajupe.com.uy\/web\/wp-content\/uploads\/2016\/04\/p-5724-El_lenguaje_de_l_4fbe9de32c018.jpg",150,150,true],"medium":["https:\/\/ajupe.com.uy\/web\/wp-content\/uploads\/2016\/04\/p-5724-El_lenguaje_de_l_4fbe9de32c018.jpg",300,214,true],"medium_large":["https:\/\/ajupe.com.uy\/web\/wp-content\/uploads\/2016\/04\/p-5724-El_lenguaje_de_l_4fbe9de32c018.jpg",218,334,false],"large":["https:\/\/ajupe.com.uy\/web\/wp-content\/uploads\/2016\/04\/p-5724-El_lenguaje_de_l_4fbe9de32c018.jpg",218,334,false],"1536x1536":["https:\/\/ajupe.com.uy\/web\/wp-content\/uploads\/2016\/04\/p-5724-El_lenguaje_de_l_4fbe9de32c018.jpg",218,334,false],"2048x2048":["https:\/\/ajupe.com.uy\/web\/wp-content\/uploads\/2016\/04\/p-5724-El_lenguaje_de_l_4fbe9de32c018.jpg",218,334,false],"woocommerce_archive_thumbnail":["https:\/\/ajupe.com.uy\/web\/wp-content\/uploads\/2016\/04\/p-5724-El_lenguaje_de_l_4fbe9de32c018-218x300.jpg",218,300,true],"woocommerce_thumbnail":["https:\/\/ajupe.com.uy\/web\/wp-content\/uploads\/2016\/04\/p-5724-El_lenguaje_de_l_4fbe9de32c018-218x300.jpg",218,300,true],"woocommerce_single":["https:\/\/ajupe.com.uy\/web\/wp-content\/uploads\/2016\/04\/p-5724-El_lenguaje_de_l_4fbe9de32c018.jpg",218,334,false],"woocommerce_gallery_thumbnail":["https:\/\/ajupe.com.uy\/web\/wp-content\/uploads\/2016\/04\/p-5724-El_lenguaje_de_l_4fbe9de32c018-100x100.jpg",100,100,true]},"post_excerpt_stackable_v2":"<p>Inspirada por el rebuscado c\u00f3digo utilizado por la sociedad victoriana para expresar sentimientos por medio de las flores, Vanessa Diffenbaugh nos cuenta en su libro, El lenguaje de las flores, el recorrido emocional de una joven californiana que, marcada<\/p>\n","category_list_v2":"","author_info_v2":{"name":"","url":""},"comments_num_v2":"0 comentarios","_links":{"self":[{"href":"https:\/\/ajupe.com.uy\/web\/wp-json\/wp\/v2\/product\/5724","targetHints":{"allow":["GET"]}}],"collection":[{"href":"https:\/\/ajupe.com.uy\/web\/wp-json\/wp\/v2\/product"}],"about":[{"href":"https:\/\/ajupe.com.uy\/web\/wp-json\/wp\/v2\/types\/product"}],"wp:featuredmedia":[{"embeddable":true,"href":"https:\/\/ajupe.com.uy\/web\/wp-json\/wp\/v2\/media\/5725"}],"wp:attachment":[{"href":"https:\/\/ajupe.com.uy\/web\/wp-json\/wp\/v2\/media?parent=5724"}],"wp:term":[{"taxonomy":"product_brand","embeddable":true,"href":"https:\/\/ajupe.com.uy\/web\/wp-json\/wp\/v2\/product_brand?post=5724"},{"taxonomy":"product_cat","embeddable":true,"href":"https:\/\/ajupe.com.uy\/web\/wp-json\/wp\/v2\/product_cat?post=5724"},{"taxonomy":"product_tag","embeddable":true,"href":"https:\/\/ajupe.com.uy\/web\/wp-json\/wp\/v2\/product_tag?post=5724"}],"curies":[{"name":"wp","href":"https:\/\/api.w.org\/{rel}","templated":true}]}}