{"id":5745,"date":"2012-05-25T17:42:02","date_gmt":"2012-05-25T20:42:02","guid":{"rendered":"http:\/\/ajupe.com.uy\/web\/?post_type=product&#038;p=5745"},"modified":"2012-05-25T17:42:02","modified_gmt":"2012-05-25T20:42:02","slug":"la-reconquista","status":"publish","type":"product","link":"https:\/\/ajupe.com.uy\/web\/biblioteca\/la-reconquista\/","title":{"rendered":"La reconquista"},"content":{"rendered":"<p>La Reconquista es un relato hist\u00f3rico del proceso de restauraci\u00f3n  democr\u00e1tica en Uruguay, que comienza en el plebiscito constitucional de  1980 y termina con el refer\u00e9ndum y elecciones presidenciales de 1989.<\/p>\n<p>La obra est\u00e1 dedicada a la memoria de Wilson Ferreira Aldunate, Juan  Vicente Chiarino, Juan Pivel Devoto, L\u00edber Seregni y Enrique Tarigo, que  \u00abcumplieron -cada uno desde su perspectiva- lo que sintieron como deber  patri\u00f3tico, en el laber\u00edntico camino de la restauraci\u00f3n democr\u00e1tica\u00bb,  seg\u00fan se\u00f1ala el autor.<\/p>\n<p>Como se\u00f1ala el autor, se trata de una d\u00e9cada cargada de acontecimientos  cruciales, en la que la balanza pudo inclinarse para uno u otro lado.  Protagonista de esa historia, Sanguinetti busca tomar distancia de los  hechos, para evocar aquel tiempo y sus personajes, de un modo que quiere  ser lo m\u00e1s impersonal posible. Desde ese punto de vista, el autor busca  ser m\u00e1s un observador imparcial que un actor comprometido y apasionado.<\/p>\n","protected":false},"excerpt":{"rendered":"<p>La Reconquista es un relato hist\u00f3rico del proceso de restauraci\u00f3n democr\u00e1tica en Uruguay, que comienza en el plebiscito constitucional de 1980 y termina con el refer\u00e9ndum y elecciones presidenciales de 1989.<\/p>\n","protected":false},"featured_media":5746,"template":"","meta":[],"product_brand":[762],"product_cat":[45],"product_tag":[],"class_list":{"0":"post-5745","1":"product","2":"type-product","3":"status-publish","4":"has-post-thumbnail","6":"product_brand-julio-maria-sanguinetti","7":"product_cat-uruguayo","9":"first","10":"instock","11":"purchasable","12":"product-type-simple"},"featured_image_urls_v2":{"full":["https:\/\/ajupe.com.uy\/web\/wp-content\/uploads\/2016\/04\/p-5745-La_reconquista_4fbfc46a59131.jpg",219,352,false],"thumbnail":["https:\/\/ajupe.com.uy\/web\/wp-content\/uploads\/2016\/04\/p-5745-La_reconquista_4fbfc46a59131.jpg",150,150,true],"medium":["https:\/\/ajupe.com.uy\/web\/wp-content\/uploads\/2016\/04\/p-5745-La_reconquista_4fbfc46a59131.jpg",300,214,true],"medium_large":["https:\/\/ajupe.com.uy\/web\/wp-content\/uploads\/2016\/04\/p-5745-La_reconquista_4fbfc46a59131.jpg",219,352,false],"large":["https:\/\/ajupe.com.uy\/web\/wp-content\/uploads\/2016\/04\/p-5745-La_reconquista_4fbfc46a59131.jpg",219,352,false],"1536x1536":["https:\/\/ajupe.com.uy\/web\/wp-content\/uploads\/2016\/04\/p-5745-La_reconquista_4fbfc46a59131.jpg",219,352,false],"2048x2048":["https:\/\/ajupe.com.uy\/web\/wp-content\/uploads\/2016\/04\/p-5745-La_reconquista_4fbfc46a59131.jpg",219,352,false],"woocommerce_archive_thumbnail":["https:\/\/ajupe.com.uy\/web\/wp-content\/uploads\/2016\/04\/p-5745-La_reconquista_4fbfc46a59131-219x300.jpg",219,300,true],"woocommerce_thumbnail":["https:\/\/ajupe.com.uy\/web\/wp-content\/uploads\/2016\/04\/p-5745-La_reconquista_4fbfc46a59131-219x300.jpg",219,300,true],"woocommerce_single":["https:\/\/ajupe.com.uy\/web\/wp-content\/uploads\/2016\/04\/p-5745-La_reconquista_4fbfc46a59131.jpg",219,352,false],"woocommerce_gallery_thumbnail":["https:\/\/ajupe.com.uy\/web\/wp-content\/uploads\/2016\/04\/p-5745-La_reconquista_4fbfc46a59131-100x100.jpg",100,100,true]},"post_excerpt_stackable_v2":"<p>La Reconquista es un relato hist\u00f3rico del proceso de restauraci\u00f3n democr\u00e1tica en Uruguay, que comienza en el plebiscito constitucional de 1980 y termina con el refer\u00e9ndum y elecciones presidenciales de 1989.<\/p>\n","category_list_v2":"","author_info_v2":{"name":"","url":""},"comments_num_v2":"0 comentarios","_links":{"self":[{"href":"https:\/\/ajupe.com.uy\/web\/wp-json\/wp\/v2\/product\/5745","targetHints":{"allow":["GET"]}}],"collection":[{"href":"https:\/\/ajupe.com.uy\/web\/wp-json\/wp\/v2\/product"}],"about":[{"href":"https:\/\/ajupe.com.uy\/web\/wp-json\/wp\/v2\/types\/product"}],"wp:featuredmedia":[{"embeddable":true,"href":"https:\/\/ajupe.com.uy\/web\/wp-json\/wp\/v2\/media\/5746"}],"wp:attachment":[{"href":"https:\/\/ajupe.com.uy\/web\/wp-json\/wp\/v2\/media?parent=5745"}],"wp:term":[{"taxonomy":"product_brand","embeddable":true,"href":"https:\/\/ajupe.com.uy\/web\/wp-json\/wp\/v2\/product_brand?post=5745"},{"taxonomy":"product_cat","embeddable":true,"href":"https:\/\/ajupe.com.uy\/web\/wp-json\/wp\/v2\/product_cat?post=5745"},{"taxonomy":"product_tag","embeddable":true,"href":"https:\/\/ajupe.com.uy\/web\/wp-json\/wp\/v2\/product_tag?post=5745"}],"curies":[{"name":"wp","href":"https:\/\/api.w.org\/{rel}","templated":true}]}}