{"id":5754,"date":"2012-05-25T19:07:24","date_gmt":"2012-05-25T22:07:24","guid":{"rendered":"http:\/\/ajupe.com.uy\/web\/?post_type=product&#038;p=5754"},"modified":"2012-05-25T19:11:14","modified_gmt":"2012-05-25T22:11:14","slug":"la-medicina-desalmada","status":"publish","type":"product","link":"https:\/\/ajupe.com.uy\/web\/biblioteca\/la-medicina-desalmada\/","title":{"rendered":"La medicina desalmada"},"content":{"rendered":"<p>En los \u00faltimos cien a\u00f1os asistimos a un lento proceso de deshumanizaci\u00f3n de la relaci\u00f3n m\u00e9dico paciente al grado de desvirtuar el objetivo mismo de la medicina. Este proceso est\u00e1 vinculado a cambios sociales y culturales relacionados con el desarrollo asombroso de la medicina, junto con el segimiento del corporativismo m\u00e9dico y la industria de la demandda jur\u00eddica.<\/p>\n<p>Asistimos al enfrentamiento entre factores econ\u00f3micos y cuestiones \u00e9ticas, entre la precisi\u00f3n del desarrollo tecnol\u00f3gico abrumador y la incertidumbre de los aspectos humanos que rodena todo acto cl\u00ednico, entre la necesidad de la visi\u00f3n parcial a trav\u00e9s de la especializaci\u00f3n y de la visi\u00f3n integral que respeta la individualidad de lo humano.<\/p>\n<p>En alguna medida, como consecuencia de lo anterior, tambi\u00e9n han cambiado las nociones fundamentales de la vida, muerte, enfermedad, cuerpo, alma y esperanza.<\/p>\n<p>La medicina desalmada analiza este cambio cultural centr\u00e1ndose en la industria m\u00e9dica actual y en su resultado final: una medicina objetiva, fr\u00eda y distante, regida por las leyes de la ciencia y de la econom\u00eda de mercado.<\/p>\n","protected":false},"excerpt":{"rendered":"<p>En los \u00faltimos cien a\u00f1os asistimos a un lento proceso de deshumanizaci\u00f3n de la relaci\u00f3n m\u00e9dico paciente al grado de desvirtuar el objetivo mismo de la medicina.<\/p>\n","protected":false},"featured_media":5755,"template":"","meta":[],"product_brand":[1154],"product_cat":[45],"product_tag":[],"class_list":{"0":"post-5754","1":"product","2":"type-product","3":"status-publish","4":"has-post-thumbnail","6":"product_brand-alvaro-diaz-berenguer","7":"product_cat-uruguayo","9":"first","10":"instock","11":"purchasable","12":"product-type-simple"},"featured_image_urls_v2":{"full":["https:\/\/ajupe.com.uy\/web\/wp-content\/uploads\/2016\/04\/p-5754-La_medicina_desa_4fbfd86c3239d.jpg",231,336,false],"thumbnail":["https:\/\/ajupe.com.uy\/web\/wp-content\/uploads\/2016\/04\/p-5754-La_medicina_desa_4fbfd86c3239d.jpg",150,150,true],"medium":["https:\/\/ajupe.com.uy\/web\/wp-content\/uploads\/2016\/04\/p-5754-La_medicina_desa_4fbfd86c3239d.jpg",300,214,true],"medium_large":["https:\/\/ajupe.com.uy\/web\/wp-content\/uploads\/2016\/04\/p-5754-La_medicina_desa_4fbfd86c3239d.jpg",231,336,false],"large":["https:\/\/ajupe.com.uy\/web\/wp-content\/uploads\/2016\/04\/p-5754-La_medicina_desa_4fbfd86c3239d.jpg",231,336,false],"1536x1536":["https:\/\/ajupe.com.uy\/web\/wp-content\/uploads\/2016\/04\/p-5754-La_medicina_desa_4fbfd86c3239d.jpg",231,336,false],"2048x2048":["https:\/\/ajupe.com.uy\/web\/wp-content\/uploads\/2016\/04\/p-5754-La_medicina_desa_4fbfd86c3239d.jpg",231,336,false],"woocommerce_archive_thumbnail":["https:\/\/ajupe.com.uy\/web\/wp-content\/uploads\/2016\/04\/p-5754-La_medicina_desa_4fbfd86c3239d-231x300.jpg",231,300,true],"woocommerce_thumbnail":["https:\/\/ajupe.com.uy\/web\/wp-content\/uploads\/2016\/04\/p-5754-La_medicina_desa_4fbfd86c3239d-231x300.jpg",231,300,true],"woocommerce_single":["https:\/\/ajupe.com.uy\/web\/wp-content\/uploads\/2016\/04\/p-5754-La_medicina_desa_4fbfd86c3239d.jpg",231,336,false],"woocommerce_gallery_thumbnail":["https:\/\/ajupe.com.uy\/web\/wp-content\/uploads\/2016\/04\/p-5754-La_medicina_desa_4fbfd86c3239d-100x100.jpg",100,100,true]},"post_excerpt_stackable_v2":"<p>En los \u00faltimos cien a\u00f1os asistimos a un lento proceso de deshumanizaci\u00f3n de la relaci\u00f3n m\u00e9dico paciente al grado de desvirtuar el objetivo mismo de la medicina.<\/p>\n","category_list_v2":"","author_info_v2":{"name":"","url":""},"comments_num_v2":"0 comentarios","_links":{"self":[{"href":"https:\/\/ajupe.com.uy\/web\/wp-json\/wp\/v2\/product\/5754","targetHints":{"allow":["GET"]}}],"collection":[{"href":"https:\/\/ajupe.com.uy\/web\/wp-json\/wp\/v2\/product"}],"about":[{"href":"https:\/\/ajupe.com.uy\/web\/wp-json\/wp\/v2\/types\/product"}],"wp:featuredmedia":[{"embeddable":true,"href":"https:\/\/ajupe.com.uy\/web\/wp-json\/wp\/v2\/media\/5755"}],"wp:attachment":[{"href":"https:\/\/ajupe.com.uy\/web\/wp-json\/wp\/v2\/media?parent=5754"}],"wp:term":[{"taxonomy":"product_brand","embeddable":true,"href":"https:\/\/ajupe.com.uy\/web\/wp-json\/wp\/v2\/product_brand?post=5754"},{"taxonomy":"product_cat","embeddable":true,"href":"https:\/\/ajupe.com.uy\/web\/wp-json\/wp\/v2\/product_cat?post=5754"},{"taxonomy":"product_tag","embeddable":true,"href":"https:\/\/ajupe.com.uy\/web\/wp-json\/wp\/v2\/product_tag?post=5754"}],"curies":[{"name":"wp","href":"https:\/\/api.w.org\/{rel}","templated":true}]}}