{"id":5757,"date":"2012-05-25T19:52:59","date_gmt":"2012-05-25T22:52:59","guid":{"rendered":"http:\/\/ajupe.com.uy\/web\/?post_type=product&#038;p=5757"},"modified":"2012-05-25T19:52:59","modified_gmt":"2012-05-25T22:52:59","slug":"el-juego-del-angel","status":"publish","type":"product","link":"https:\/\/ajupe.com.uy\/web\/biblioteca\/el-juego-del-angel\/","title":{"rendered":"El juego del angel"},"content":{"rendered":"<p><em>El Juego del \u00c1ngel<\/em> es una gran aventura de intriga, romance y  tragedia, a trav\u00e9s de un laberinto de secretos donde el embrujo de los  libros, la pasi\u00f3n y la amistad se conjugan en un relato magistral. Con <em>El Juego del \u00c1ngel<\/em>, ambientada en la Barcelona de los a\u00f1os 20, el autor de <em>La Sombra del Viento<\/em> regresa al Cementerio de los Libros Olvidados y nos sumerge de nuevo en su fascinante universo.<\/p>\n","protected":false},"excerpt":{"rendered":"<p>Con estilo deslumbrante e impecable precisi\u00f3n narrativa, el autor de La Sombra del Viento nos transporta de nuevo a la Barcelona de El Cementerio de los Libros Olvidados.<\/p>\n","protected":false},"featured_media":5758,"template":"","meta":[],"product_brand":[467],"product_cat":[29],"product_tag":[],"class_list":{"0":"post-5757","1":"product","2":"type-product","3":"status-publish","4":"has-post-thumbnail","6":"product_brand-carlos-ruiz-zafon","7":"product_cat-novela","9":"first","10":"instock","11":"purchasable","12":"product-type-simple"},"featured_image_urls_v2":{"full":["https:\/\/ajupe.com.uy\/web\/wp-content\/uploads\/2016\/04\/p-5757-El_juego_del_ang_4fbfe31b2bf79.jpg",217,337,false],"thumbnail":["https:\/\/ajupe.com.uy\/web\/wp-content\/uploads\/2016\/04\/p-5757-El_juego_del_ang_4fbfe31b2bf79.jpg",150,150,true],"medium":["https:\/\/ajupe.com.uy\/web\/wp-content\/uploads\/2016\/04\/p-5757-El_juego_del_ang_4fbfe31b2bf79.jpg",300,214,true],"medium_large":["https:\/\/ajupe.com.uy\/web\/wp-content\/uploads\/2016\/04\/p-5757-El_juego_del_ang_4fbfe31b2bf79.jpg",217,337,false],"large":["https:\/\/ajupe.com.uy\/web\/wp-content\/uploads\/2016\/04\/p-5757-El_juego_del_ang_4fbfe31b2bf79.jpg",217,337,false],"1536x1536":["https:\/\/ajupe.com.uy\/web\/wp-content\/uploads\/2016\/04\/p-5757-El_juego_del_ang_4fbfe31b2bf79.jpg",217,337,false],"2048x2048":["https:\/\/ajupe.com.uy\/web\/wp-content\/uploads\/2016\/04\/p-5757-El_juego_del_ang_4fbfe31b2bf79.jpg",217,337,false],"woocommerce_archive_thumbnail":["https:\/\/ajupe.com.uy\/web\/wp-content\/uploads\/2016\/04\/p-5757-El_juego_del_ang_4fbfe31b2bf79-217x300.jpg",217,300,true],"woocommerce_thumbnail":["https:\/\/ajupe.com.uy\/web\/wp-content\/uploads\/2016\/04\/p-5757-El_juego_del_ang_4fbfe31b2bf79-217x300.jpg",217,300,true],"woocommerce_single":["https:\/\/ajupe.com.uy\/web\/wp-content\/uploads\/2016\/04\/p-5757-El_juego_del_ang_4fbfe31b2bf79.jpg",217,337,false],"woocommerce_gallery_thumbnail":["https:\/\/ajupe.com.uy\/web\/wp-content\/uploads\/2016\/04\/p-5757-El_juego_del_ang_4fbfe31b2bf79-100x100.jpg",100,100,true]},"post_excerpt_stackable_v2":"<p>Con estilo deslumbrante e impecable precisi\u00f3n narrativa, el autor de La Sombra del Viento nos transporta de nuevo a la Barcelona de El Cementerio de los Libros Olvidados.<\/p>\n","category_list_v2":"","author_info_v2":{"name":"","url":""},"comments_num_v2":"0 comentarios","_links":{"self":[{"href":"https:\/\/ajupe.com.uy\/web\/wp-json\/wp\/v2\/product\/5757","targetHints":{"allow":["GET"]}}],"collection":[{"href":"https:\/\/ajupe.com.uy\/web\/wp-json\/wp\/v2\/product"}],"about":[{"href":"https:\/\/ajupe.com.uy\/web\/wp-json\/wp\/v2\/types\/product"}],"wp:featuredmedia":[{"embeddable":true,"href":"https:\/\/ajupe.com.uy\/web\/wp-json\/wp\/v2\/media\/5758"}],"wp:attachment":[{"href":"https:\/\/ajupe.com.uy\/web\/wp-json\/wp\/v2\/media?parent=5757"}],"wp:term":[{"taxonomy":"product_brand","embeddable":true,"href":"https:\/\/ajupe.com.uy\/web\/wp-json\/wp\/v2\/product_brand?post=5757"},{"taxonomy":"product_cat","embeddable":true,"href":"https:\/\/ajupe.com.uy\/web\/wp-json\/wp\/v2\/product_cat?post=5757"},{"taxonomy":"product_tag","embeddable":true,"href":"https:\/\/ajupe.com.uy\/web\/wp-json\/wp\/v2\/product_tag?post=5757"}],"curies":[{"name":"wp","href":"https:\/\/api.w.org\/{rel}","templated":true}]}}