{"id":5778,"date":"2012-06-14T21:12:13","date_gmt":"2012-06-15T00:12:13","guid":{"rendered":"http:\/\/ajupe.com.uy\/web\/?post_type=product&#038;p=5778"},"modified":"2012-06-14T21:12:13","modified_gmt":"2012-06-15T00:12:13","slug":"el-jardin-olvidado","status":"publish","type":"product","link":"https:\/\/ajupe.com.uy\/web\/biblioteca\/el-jardin-olvidado\/","title":{"rendered":"El jard\u00edn olvidado"},"content":{"rendered":"<p>En v\u00edsperas de la Primera Guerra Mundial, una ni\u00f1a es abandonada en un  barco con destino a Australia. Una misteriosa mujer llamada la Autora ha  prometido cuidar de ella, pero la Autora desaparece sin dejar rastro\u0085  <br \/> Un terrible secreto sale a la luz\u0085  <br \/> En la noche de su veinti\u00fan cumplea\u00f1os, Nell O\u0092Connor descubre que es  adoptada, lo que cambiar\u00e1 su vida para siempre. D\u00e9cadas m\u00e1s tarde, se  embarca en la b\u00fasqueda de la verdad de sus antepasados que la lleva a la  ventosa costa de Cornualles.  <br \/> Una misteriosa herencia que llega en el siglo XXI\u0085  <br \/> A la muerte de Nell, su nieta Casandra recibe una inesperada herencia:  una caba\u00f1a y su olvidado jard\u00edn en las tierras de Cornualles que es  conocido por la gente por los secretos que estos esconden. Aqu\u00ed es donde  Casandra descubrir\u00e1 finalmente la verdad sobre la familia y resolver\u00e1  el misterio, que se remonta un siglo, de una ni\u00f1a desaparecida.<\/p>\n","protected":false},"excerpt":{"rendered":"<p>En v\u00edsperas de la Primera Guerra Mundial, una ni\u00f1a es abandonada en un barco con destino a Australia. Una misteriosa mujer llamada la Autora ha prometido cuidar de ella, pero la Autora desaparece sin dejar rastro\u0085<br \/>\nUn terrible secreto sale a la luz\u0085<\/p>\n","protected":false},"featured_media":5779,"template":"","meta":[],"product_brand":[1158],"product_cat":[29],"product_tag":[],"class_list":{"0":"post-5778","1":"product","2":"type-product","3":"status-publish","4":"has-post-thumbnail","6":"product_brand-kate-morton","7":"product_cat-novela","9":"first","10":"instock","11":"purchasable","12":"product-type-simple"},"featured_image_urls_v2":{"full":["https:\/\/ajupe.com.uy\/web\/wp-content\/uploads\/2016\/04\/p-5778-El_jard__n_olvid_4fda53ad85a05.jpg",216,332,false],"thumbnail":["https:\/\/ajupe.com.uy\/web\/wp-content\/uploads\/2016\/04\/p-5778-El_jard__n_olvid_4fda53ad85a05.jpg",150,150,true],"medium":["https:\/\/ajupe.com.uy\/web\/wp-content\/uploads\/2016\/04\/p-5778-El_jard__n_olvid_4fda53ad85a05.jpg",300,214,true],"medium_large":["https:\/\/ajupe.com.uy\/web\/wp-content\/uploads\/2016\/04\/p-5778-El_jard__n_olvid_4fda53ad85a05.jpg",216,332,false],"large":["https:\/\/ajupe.com.uy\/web\/wp-content\/uploads\/2016\/04\/p-5778-El_jard__n_olvid_4fda53ad85a05.jpg",216,332,false],"1536x1536":["https:\/\/ajupe.com.uy\/web\/wp-content\/uploads\/2016\/04\/p-5778-El_jard__n_olvid_4fda53ad85a05.jpg",216,332,false],"2048x2048":["https:\/\/ajupe.com.uy\/web\/wp-content\/uploads\/2016\/04\/p-5778-El_jard__n_olvid_4fda53ad85a05.jpg",216,332,false],"woocommerce_archive_thumbnail":["https:\/\/ajupe.com.uy\/web\/wp-content\/uploads\/2016\/04\/p-5778-El_jard__n_olvid_4fda53ad85a05-216x300.jpg",216,300,true],"woocommerce_thumbnail":["https:\/\/ajupe.com.uy\/web\/wp-content\/uploads\/2016\/04\/p-5778-El_jard__n_olvid_4fda53ad85a05-216x300.jpg",216,300,true],"woocommerce_single":["https:\/\/ajupe.com.uy\/web\/wp-content\/uploads\/2016\/04\/p-5778-El_jard__n_olvid_4fda53ad85a05.jpg",216,332,false],"woocommerce_gallery_thumbnail":["https:\/\/ajupe.com.uy\/web\/wp-content\/uploads\/2016\/04\/p-5778-El_jard__n_olvid_4fda53ad85a05-100x100.jpg",100,100,true]},"post_excerpt_stackable_v2":"<p>En v\u00edsperas de la Primera Guerra Mundial, una ni\u00f1a es abandonada en un barco con destino a Australia. Una misteriosa mujer llamada la Autora ha prometido cuidar de ella, pero la Autora desaparece sin dejar rastro\u0085<br \/>\nUn terrible secreto sale a la luz\u0085<\/p>\n","category_list_v2":"","author_info_v2":{"name":"","url":""},"comments_num_v2":"0 comentarios","_links":{"self":[{"href":"https:\/\/ajupe.com.uy\/web\/wp-json\/wp\/v2\/product\/5778","targetHints":{"allow":["GET"]}}],"collection":[{"href":"https:\/\/ajupe.com.uy\/web\/wp-json\/wp\/v2\/product"}],"about":[{"href":"https:\/\/ajupe.com.uy\/web\/wp-json\/wp\/v2\/types\/product"}],"wp:featuredmedia":[{"embeddable":true,"href":"https:\/\/ajupe.com.uy\/web\/wp-json\/wp\/v2\/media\/5779"}],"wp:attachment":[{"href":"https:\/\/ajupe.com.uy\/web\/wp-json\/wp\/v2\/media?parent=5778"}],"wp:term":[{"taxonomy":"product_brand","embeddable":true,"href":"https:\/\/ajupe.com.uy\/web\/wp-json\/wp\/v2\/product_brand?post=5778"},{"taxonomy":"product_cat","embeddable":true,"href":"https:\/\/ajupe.com.uy\/web\/wp-json\/wp\/v2\/product_cat?post=5778"},{"taxonomy":"product_tag","embeddable":true,"href":"https:\/\/ajupe.com.uy\/web\/wp-json\/wp\/v2\/product_tag?post=5778"}],"curies":[{"name":"wp","href":"https:\/\/api.w.org\/{rel}","templated":true}]}}