{"id":5790,"date":"2012-06-14T21:46:19","date_gmt":"2012-06-15T00:46:19","guid":{"rendered":"http:\/\/ajupe.com.uy\/web\/?post_type=product&#038;p=5790"},"modified":"2012-06-14T21:46:19","modified_gmt":"2012-06-15T00:46:19","slug":"la-cancion-de-los-moaries","status":"publish","type":"product","link":"https:\/\/ajupe.com.uy\/web\/biblioteca\/la-cancion-de-los-moaries\/","title":{"rendered":"La canci\u00f3n de los Moar\u00edes"},"content":{"rendered":"<p>Llega la novela m\u00e1s esperada, por la autora de En el pa\u00eds de la nube  blanca, que ha cautivado a millones de lectores en todo el mundo.En La  canci\u00f3n de los maor\u00edes, las primas Elaine y Kura se debatir\u00e1n entre las  ra\u00edces inglesas y la llamada del pueblo maor\u00ed para forjar su propio  destino. Entretanto, vivir\u00e1n los vaivenes de una tierra comparada con el  para\u00edso a la que llegan misteriosos desconocidos decididos a  quedarse.Los lectores se rinden a Sarah Lark:\u00abUna gran historia;  Adictiva; Apasionante de principio a fin; Fant\u00e1stica; Una saga como las  de antes; Impresionante; Un viaje inolvidable y emocionante; Atrapa  desde la primera p\u00e1gina; Un libro precioso; Excelente visi\u00f3n de la  diferencia de culturas: cien por cien recomendable.\u00bb\u00abEncuentra la  felicidad en el fin del mundo.\u00bbDer Spiegel<\/p>\n","protected":false},"excerpt":{"rendered":"<p>En La canci\u00f3n de los maor\u00edes, las primas Elaine y Kura se debatir\u00e1n entre las ra\u00edces inglesas y la llamada del pueblo maor\u00ed para forjar su propio destino. Entretanto, vivir\u00e1n los vaivenes de una tierra comparada con el para\u00edso a la que llegan misteriosos <\/p>\n","protected":false},"featured_media":5791,"template":"","meta":[],"product_brand":[1160],"product_cat":[29],"product_tag":[],"class_list":{"0":"post-5790","1":"product","2":"type-product","3":"status-publish","4":"has-post-thumbnail","6":"product_brand-sarah-lark","7":"product_cat-novela","9":"first","10":"instock","11":"purchasable","12":"product-type-simple"},"featured_image_urls_v2":{"full":["https:\/\/ajupe.com.uy\/web\/wp-content\/uploads\/2016\/04\/p-5790-La_canci__n_de_l_4fda5babc3d42.jpg",219,335,false],"thumbnail":["https:\/\/ajupe.com.uy\/web\/wp-content\/uploads\/2016\/04\/p-5790-La_canci__n_de_l_4fda5babc3d42.jpg",150,150,true],"medium":["https:\/\/ajupe.com.uy\/web\/wp-content\/uploads\/2016\/04\/p-5790-La_canci__n_de_l_4fda5babc3d42.jpg",300,214,true],"medium_large":["https:\/\/ajupe.com.uy\/web\/wp-content\/uploads\/2016\/04\/p-5790-La_canci__n_de_l_4fda5babc3d42.jpg",219,335,false],"large":["https:\/\/ajupe.com.uy\/web\/wp-content\/uploads\/2016\/04\/p-5790-La_canci__n_de_l_4fda5babc3d42.jpg",219,335,false],"1536x1536":["https:\/\/ajupe.com.uy\/web\/wp-content\/uploads\/2016\/04\/p-5790-La_canci__n_de_l_4fda5babc3d42.jpg",219,335,false],"2048x2048":["https:\/\/ajupe.com.uy\/web\/wp-content\/uploads\/2016\/04\/p-5790-La_canci__n_de_l_4fda5babc3d42.jpg",219,335,false],"woocommerce_archive_thumbnail":["https:\/\/ajupe.com.uy\/web\/wp-content\/uploads\/2016\/04\/p-5790-La_canci__n_de_l_4fda5babc3d42-219x300.jpg",219,300,true],"woocommerce_thumbnail":["https:\/\/ajupe.com.uy\/web\/wp-content\/uploads\/2016\/04\/p-5790-La_canci__n_de_l_4fda5babc3d42-219x300.jpg",219,300,true],"woocommerce_single":["https:\/\/ajupe.com.uy\/web\/wp-content\/uploads\/2016\/04\/p-5790-La_canci__n_de_l_4fda5babc3d42.jpg",219,335,false],"woocommerce_gallery_thumbnail":["https:\/\/ajupe.com.uy\/web\/wp-content\/uploads\/2016\/04\/p-5790-La_canci__n_de_l_4fda5babc3d42-100x100.jpg",100,100,true]},"post_excerpt_stackable_v2":"<p>En La canci\u00f3n de los maor\u00edes, las primas Elaine y Kura se debatir\u00e1n entre las ra\u00edces inglesas y la llamada del pueblo maor\u00ed para forjar su propio destino. Entretanto, vivir\u00e1n los vaivenes de una tierra comparada con el para\u00edso a la que llegan misteriosos <\/p>\n","category_list_v2":"","author_info_v2":{"name":"","url":""},"comments_num_v2":"0 comentarios","_links":{"self":[{"href":"https:\/\/ajupe.com.uy\/web\/wp-json\/wp\/v2\/product\/5790","targetHints":{"allow":["GET"]}}],"collection":[{"href":"https:\/\/ajupe.com.uy\/web\/wp-json\/wp\/v2\/product"}],"about":[{"href":"https:\/\/ajupe.com.uy\/web\/wp-json\/wp\/v2\/types\/product"}],"wp:featuredmedia":[{"embeddable":true,"href":"https:\/\/ajupe.com.uy\/web\/wp-json\/wp\/v2\/media\/5791"}],"wp:attachment":[{"href":"https:\/\/ajupe.com.uy\/web\/wp-json\/wp\/v2\/media?parent=5790"}],"wp:term":[{"taxonomy":"product_brand","embeddable":true,"href":"https:\/\/ajupe.com.uy\/web\/wp-json\/wp\/v2\/product_brand?post=5790"},{"taxonomy":"product_cat","embeddable":true,"href":"https:\/\/ajupe.com.uy\/web\/wp-json\/wp\/v2\/product_cat?post=5790"},{"taxonomy":"product_tag","embeddable":true,"href":"https:\/\/ajupe.com.uy\/web\/wp-json\/wp\/v2\/product_tag?post=5790"}],"curies":[{"name":"wp","href":"https:\/\/api.w.org\/{rel}","templated":true}]}}