{"id":5805,"date":"2012-06-18T21:06:11","date_gmt":"2012-06-19T00:06:11","guid":{"rendered":"http:\/\/ajupe.com.uy\/web\/?post_type=product&#038;p=5805"},"modified":"2012-06-18T21:06:11","modified_gmt":"2012-06-19T00:06:11","slug":"la-dama-de-negro","status":"publish","type":"product","link":"https:\/\/ajupe.com.uy\/web\/biblioteca\/la-dama-de-negro\/","title":{"rendered":"La dama de negro"},"content":{"rendered":"<p>Cuando el joven abogado Arthur Kipps recibe el encargo de viajar a un  pueblo remoto del interior rodeado de marismas brumosas para asistir al  entierro de una anciana no puede ni imaginar lo que le espera, y s\u00f3lo ve  en ello la posibilidad de progresar profesionalmente, lo que quiz\u00e1 le  permita finalmente casarse.<br \/>Mientras intenta poner orden en el legado  de la difunta, empieza a ver una extra\u00f1a aparici\u00f3n y se introduce en  una historia que los lugare\u00f1os intentan olvidar.<\/p>\n","protected":false},"excerpt":{"rendered":"<p>Cuando el joven abogado Arthur Kipps recibe el encargo de viajar a un pueblo remoto del interior rodeado de marismas brumosas para asistir al entierro de una anciana no puede ni imaginar lo que le espera, y s\u00f3lo ve en ello la posibilidad de progresar prof<\/p>\n","protected":false},"featured_media":5806,"template":"","meta":[],"product_brand":[901],"product_cat":[30],"product_tag":[],"class_list":{"0":"post-5805","1":"product","2":"type-product","3":"status-publish","4":"has-post-thumbnail","6":"product_brand-susan-hill","7":"product_cat-suspenso","9":"first","10":"instock","11":"purchasable","12":"product-type-simple"},"featured_image_urls_v2":{"full":["https:\/\/ajupe.com.uy\/web\/wp-content\/uploads\/2016\/04\/p-5805-La_dama_de_negro_4fdf98430b34e.jpg",181,279,false],"thumbnail":["https:\/\/ajupe.com.uy\/web\/wp-content\/uploads\/2016\/04\/p-5805-La_dama_de_negro_4fdf98430b34e.jpg",150,150,true],"medium":["https:\/\/ajupe.com.uy\/web\/wp-content\/uploads\/2016\/04\/p-5805-La_dama_de_negro_4fdf98430b34e.jpg",300,214,true],"medium_large":["https:\/\/ajupe.com.uy\/web\/wp-content\/uploads\/2016\/04\/p-5805-La_dama_de_negro_4fdf98430b34e.jpg",181,279,false],"large":["https:\/\/ajupe.com.uy\/web\/wp-content\/uploads\/2016\/04\/p-5805-La_dama_de_negro_4fdf98430b34e.jpg",181,279,false],"1536x1536":["https:\/\/ajupe.com.uy\/web\/wp-content\/uploads\/2016\/04\/p-5805-La_dama_de_negro_4fdf98430b34e.jpg",181,279,false],"2048x2048":["https:\/\/ajupe.com.uy\/web\/wp-content\/uploads\/2016\/04\/p-5805-La_dama_de_negro_4fdf98430b34e.jpg",181,279,false],"woocommerce_archive_thumbnail":["https:\/\/ajupe.com.uy\/web\/wp-content\/uploads\/2016\/04\/p-5805-La_dama_de_negro_4fdf98430b34e.jpg",181,279,false],"woocommerce_thumbnail":["https:\/\/ajupe.com.uy\/web\/wp-content\/uploads\/2016\/04\/p-5805-La_dama_de_negro_4fdf98430b34e.jpg",181,279,false],"woocommerce_single":["https:\/\/ajupe.com.uy\/web\/wp-content\/uploads\/2016\/04\/p-5805-La_dama_de_negro_4fdf98430b34e.jpg",181,279,false],"woocommerce_gallery_thumbnail":["https:\/\/ajupe.com.uy\/web\/wp-content\/uploads\/2016\/04\/p-5805-La_dama_de_negro_4fdf98430b34e-100x100.jpg",100,100,true]},"post_excerpt_stackable_v2":"<p>Cuando el joven abogado Arthur Kipps recibe el encargo de viajar a un pueblo remoto del interior rodeado de marismas brumosas para asistir al entierro de una anciana no puede ni imaginar lo que le espera, y s\u00f3lo ve en ello la posibilidad de progresar prof<\/p>\n","category_list_v2":"","author_info_v2":{"name":"","url":""},"comments_num_v2":"0 comentarios","_links":{"self":[{"href":"https:\/\/ajupe.com.uy\/web\/wp-json\/wp\/v2\/product\/5805","targetHints":{"allow":["GET"]}}],"collection":[{"href":"https:\/\/ajupe.com.uy\/web\/wp-json\/wp\/v2\/product"}],"about":[{"href":"https:\/\/ajupe.com.uy\/web\/wp-json\/wp\/v2\/types\/product"}],"wp:featuredmedia":[{"embeddable":true,"href":"https:\/\/ajupe.com.uy\/web\/wp-json\/wp\/v2\/media\/5806"}],"wp:attachment":[{"href":"https:\/\/ajupe.com.uy\/web\/wp-json\/wp\/v2\/media?parent=5805"}],"wp:term":[{"taxonomy":"product_brand","embeddable":true,"href":"https:\/\/ajupe.com.uy\/web\/wp-json\/wp\/v2\/product_brand?post=5805"},{"taxonomy":"product_cat","embeddable":true,"href":"https:\/\/ajupe.com.uy\/web\/wp-json\/wp\/v2\/product_cat?post=5805"},{"taxonomy":"product_tag","embeddable":true,"href":"https:\/\/ajupe.com.uy\/web\/wp-json\/wp\/v2\/product_tag?post=5805"}],"curies":[{"name":"wp","href":"https:\/\/api.w.org\/{rel}","templated":true}]}}