{"id":5823,"date":"2012-07-24T20:19:11","date_gmt":"2012-07-24T23:19:11","guid":{"rendered":"http:\/\/ajupe.com.uy\/web\/?post_type=product&#038;p=5823"},"modified":"2012-07-24T20:19:11","modified_gmt":"2012-07-24T23:19:11","slug":"la-republica-batllista","status":"publish","type":"product","link":"https:\/\/ajupe.com.uy\/web\/biblioteca\/la-republica-batllista\/","title":{"rendered":"La Rep\u00fablica Batllista"},"content":{"rendered":"<p><strong>Lo que hace el prestigioso historiador y polit\u00f3logo, es encarar  el per\u00edodo de la segunda presidencia de Jos\u00e9 Batlle y Ordo\u00f1ez y  analizarla en el encuadre de un proceso que arranca antes y se prolonga  hasta 1933. Caetano\u00a0\u00a0 estudia eso no como una biograf\u00eda de \u201cDon Pepe\u201d,  si no como una inserci\u00f3n de su gesti\u00f3n en una b\u00fasqueda intensa de los  uruguayos, en la definici\u00f3n de tres elementos caracter\u00edsticos de la  identidad: ciudadan\u00eda, republicanismo y liberalismo. La pol\u00e9mica sobre  \u201cgobierno-partido\u201d o sobre \u201cpatria. Rep\u00fablica\u201d; el tema de la militancia  y otros cuya actualidad pueden ser revistos a la luz de este libro,  integran la apasionante lectura del documentado texto.<\/strong><\/p>\n","protected":false},"excerpt":{"rendered":"<p>La obra aborda el per\u00edodo del primer batllismo desde un punto de vista marcadamente cultural.<\/p>\n","protected":false},"featured_media":5824,"template":"","meta":[],"product_brand":[281],"product_cat":[31],"product_tag":[],"class_list":{"0":"post-5823","1":"product","2":"type-product","3":"status-publish","4":"has-post-thumbnail","6":"product_brand-gerardo-caetano","7":"product_cat-historico","9":"first","10":"instock","11":"purchasable","12":"product-type-simple"},"featured_image_urls_v2":{"full":["https:\/\/ajupe.com.uy\/web\/wp-content\/uploads\/2016\/04\/p-5823-La_Rep__blica_Ba_500f033f3b55e.jpg",246,352,false],"thumbnail":["https:\/\/ajupe.com.uy\/web\/wp-content\/uploads\/2016\/04\/p-5823-La_Rep__blica_Ba_500f033f3b55e.jpg",150,150,true],"medium":["https:\/\/ajupe.com.uy\/web\/wp-content\/uploads\/2016\/04\/p-5823-La_Rep__blica_Ba_500f033f3b55e.jpg",300,214,true],"medium_large":["https:\/\/ajupe.com.uy\/web\/wp-content\/uploads\/2016\/04\/p-5823-La_Rep__blica_Ba_500f033f3b55e.jpg",246,352,false],"large":["https:\/\/ajupe.com.uy\/web\/wp-content\/uploads\/2016\/04\/p-5823-La_Rep__blica_Ba_500f033f3b55e.jpg",246,352,false],"1536x1536":["https:\/\/ajupe.com.uy\/web\/wp-content\/uploads\/2016\/04\/p-5823-La_Rep__blica_Ba_500f033f3b55e.jpg",246,352,false],"2048x2048":["https:\/\/ajupe.com.uy\/web\/wp-content\/uploads\/2016\/04\/p-5823-La_Rep__blica_Ba_500f033f3b55e.jpg",246,352,false],"woocommerce_archive_thumbnail":["https:\/\/ajupe.com.uy\/web\/wp-content\/uploads\/2016\/04\/p-5823-La_Rep__blica_Ba_500f033f3b55e-246x300.jpg",246,300,true],"woocommerce_thumbnail":["https:\/\/ajupe.com.uy\/web\/wp-content\/uploads\/2016\/04\/p-5823-La_Rep__blica_Ba_500f033f3b55e-246x300.jpg",246,300,true],"woocommerce_single":["https:\/\/ajupe.com.uy\/web\/wp-content\/uploads\/2016\/04\/p-5823-La_Rep__blica_Ba_500f033f3b55e.jpg",246,352,false],"woocommerce_gallery_thumbnail":["https:\/\/ajupe.com.uy\/web\/wp-content\/uploads\/2016\/04\/p-5823-La_Rep__blica_Ba_500f033f3b55e-100x100.jpg",100,100,true]},"post_excerpt_stackable_v2":"<p>La obra aborda el per\u00edodo del primer batllismo desde un punto de vista marcadamente cultural.<\/p>\n","category_list_v2":"","author_info_v2":{"name":"","url":""},"comments_num_v2":"0 comentarios","_links":{"self":[{"href":"https:\/\/ajupe.com.uy\/web\/wp-json\/wp\/v2\/product\/5823","targetHints":{"allow":["GET"]}}],"collection":[{"href":"https:\/\/ajupe.com.uy\/web\/wp-json\/wp\/v2\/product"}],"about":[{"href":"https:\/\/ajupe.com.uy\/web\/wp-json\/wp\/v2\/types\/product"}],"wp:featuredmedia":[{"embeddable":true,"href":"https:\/\/ajupe.com.uy\/web\/wp-json\/wp\/v2\/media\/5824"}],"wp:attachment":[{"href":"https:\/\/ajupe.com.uy\/web\/wp-json\/wp\/v2\/media?parent=5823"}],"wp:term":[{"taxonomy":"product_brand","embeddable":true,"href":"https:\/\/ajupe.com.uy\/web\/wp-json\/wp\/v2\/product_brand?post=5823"},{"taxonomy":"product_cat","embeddable":true,"href":"https:\/\/ajupe.com.uy\/web\/wp-json\/wp\/v2\/product_cat?post=5823"},{"taxonomy":"product_tag","embeddable":true,"href":"https:\/\/ajupe.com.uy\/web\/wp-json\/wp\/v2\/product_tag?post=5823"}],"curies":[{"name":"wp","href":"https:\/\/api.w.org\/{rel}","templated":true}]}}