{"id":5829,"date":"2012-07-24T20:44:16","date_gmt":"2012-07-24T23:44:16","guid":{"rendered":"http:\/\/ajupe.com.uy\/web\/?post_type=product&#038;p=5829"},"modified":"2012-07-24T20:44:16","modified_gmt":"2012-07-24T23:44:16","slug":"artigas-2","status":"publish","type":"product","link":"https:\/\/ajupe.com.uy\/web\/biblioteca\/artigas-2\/","title":{"rendered":"Artigas"},"content":{"rendered":"<p>Aunque  la historiograf\u00eda liberal insiste en recordar a Jos\u00e9 Gervasio de  Artigas como el art\u00edfice de la independencia de la Rep\u00fablica Oriental  del Uruguay, lo cierto es que, en realidad, el caudillo fue el  representante m\u00e1s vigoroso de un proyecto de organizaci\u00f3n fede\u00adral,  popular y latinoamericanista para las Provincias Unidas del R\u00edo de la  Plata, que en tiempos de Mayo inclu\u00edan los actuales territorios de la  Argentina, Uruguay, Bolivia y Paraguay. Su inflexible convicci\u00f3n lo  en\u00adfrent\u00f3 con el elitista y extranjerizante unitarismo porte\u00f1o que  abogaba por la hegemon\u00eda del puerto sobre las provincias. F\u00e9rreo  defensor del su\u00adfragio universal cuando ninguna sociedad del planeta  practicaba el voto popular, llev\u00f3 a cabo la primera reforma agraria de  toda Latinoam\u00e9rica.<\/p>\n<p>La  historia ha denominado \u201crevoluci\u00f3n\u201d a las jornadas de mayo de 1810,  aunque no fueron en verdad una revoluci\u00f3n porque les falt\u00f3 el  protago\u00adnismo del pueblo. Este irrumpe en 1811, conmovido, turbulento,  junto a Jos\u00e9 Gervasio de Artigas, el primer revolucionario del Plata.  Obligado a combatir sin apoyo ni medios contra los colonialistas  espa\u00f1oles y contra la invasi\u00f3n portuguesa desde el Brasil alentada por  Gran Breta\u00f1a, debi\u00f3 defenderse, al mismo tiempo, de las tropas enviadas  desde Buenos Aires y de las intrigas urdidas por triunviros y directores  supremos, que no duda\u00adron en poner precio a su cabeza.<\/p>\n<p>Exiliado  en Paraguay, el \u201cProtector de los Pueblos Libres\u201d muri\u00f3 pobre, acallado  su ideario por el centralismo triunfante, pero respetado por San Mart\u00edn  y los caudillos provinciales y recordado siempre por su pueblo. En este  libro, Pacho O\u2019Donnell nos devuelve la real dimensi\u00f3n hist\u00f3rica de  Artigas y recupera la plena vigencia de su pensamiento, en tiempos en  que la unidad latinoamericana es m\u00e1s que una esperanza. El doloro\u00adso  exilio del caudillo rioplatense parece, por fin, estar terminando.<\/p>\n","protected":false},"excerpt":{"rendered":"<p>Aunque la historiograf\u00eda liberal insiste en recordar a Jos\u00e9 Gervasio de Artigas como el art\u00edfice de la independencia de la Rep\u00fablica Oriental del Uruguay, lo cierto es que, en realidad, el caudillo fue el representante m\u00e1s vigoroso de un proyecto de organ<\/p>\n","protected":false},"featured_media":5830,"template":"","meta":[],"product_brand":[1097],"product_cat":[31],"product_tag":[],"class_list":{"0":"post-5829","1":"product","2":"type-product","3":"status-publish","4":"has-post-thumbnail","6":"product_brand-pacho-o-donnell","7":"product_cat-historico","9":"first","10":"instock","11":"purchasable","12":"product-type-simple"},"featured_image_urls_v2":{"full":["https:\/\/ajupe.com.uy\/web\/wp-content\/uploads\/2016\/04\/p-5829-Artigas_500f0920b28bf.jpg",221,350,false],"thumbnail":["https:\/\/ajupe.com.uy\/web\/wp-content\/uploads\/2016\/04\/p-5829-Artigas_500f0920b28bf.jpg",150,150,true],"medium":["https:\/\/ajupe.com.uy\/web\/wp-content\/uploads\/2016\/04\/p-5829-Artigas_500f0920b28bf.jpg",300,214,true],"medium_large":["https:\/\/ajupe.com.uy\/web\/wp-content\/uploads\/2016\/04\/p-5829-Artigas_500f0920b28bf.jpg",221,350,false],"large":["https:\/\/ajupe.com.uy\/web\/wp-content\/uploads\/2016\/04\/p-5829-Artigas_500f0920b28bf.jpg",221,350,false],"1536x1536":["https:\/\/ajupe.com.uy\/web\/wp-content\/uploads\/2016\/04\/p-5829-Artigas_500f0920b28bf.jpg",221,350,false],"2048x2048":["https:\/\/ajupe.com.uy\/web\/wp-content\/uploads\/2016\/04\/p-5829-Artigas_500f0920b28bf.jpg",221,350,false],"woocommerce_archive_thumbnail":["https:\/\/ajupe.com.uy\/web\/wp-content\/uploads\/2016\/04\/p-5829-Artigas_500f0920b28bf-221x300.jpg",221,300,true],"woocommerce_thumbnail":["https:\/\/ajupe.com.uy\/web\/wp-content\/uploads\/2016\/04\/p-5829-Artigas_500f0920b28bf-221x300.jpg",221,300,true],"woocommerce_single":["https:\/\/ajupe.com.uy\/web\/wp-content\/uploads\/2016\/04\/p-5829-Artigas_500f0920b28bf.jpg",221,350,false],"woocommerce_gallery_thumbnail":["https:\/\/ajupe.com.uy\/web\/wp-content\/uploads\/2016\/04\/p-5829-Artigas_500f0920b28bf-100x100.jpg",100,100,true]},"post_excerpt_stackable_v2":"<p>Aunque la historiograf\u00eda liberal insiste en recordar a Jos\u00e9 Gervasio de Artigas como el art\u00edfice de la independencia de la Rep\u00fablica Oriental del Uruguay, lo cierto es que, en realidad, el caudillo fue el representante m\u00e1s vigoroso de un proyecto de organ<\/p>\n","category_list_v2":"","author_info_v2":{"name":"","url":""},"comments_num_v2":"0 comentarios","_links":{"self":[{"href":"https:\/\/ajupe.com.uy\/web\/wp-json\/wp\/v2\/product\/5829","targetHints":{"allow":["GET"]}}],"collection":[{"href":"https:\/\/ajupe.com.uy\/web\/wp-json\/wp\/v2\/product"}],"about":[{"href":"https:\/\/ajupe.com.uy\/web\/wp-json\/wp\/v2\/types\/product"}],"wp:featuredmedia":[{"embeddable":true,"href":"https:\/\/ajupe.com.uy\/web\/wp-json\/wp\/v2\/media\/5830"}],"wp:attachment":[{"href":"https:\/\/ajupe.com.uy\/web\/wp-json\/wp\/v2\/media?parent=5829"}],"wp:term":[{"taxonomy":"product_brand","embeddable":true,"href":"https:\/\/ajupe.com.uy\/web\/wp-json\/wp\/v2\/product_brand?post=5829"},{"taxonomy":"product_cat","embeddable":true,"href":"https:\/\/ajupe.com.uy\/web\/wp-json\/wp\/v2\/product_cat?post=5829"},{"taxonomy":"product_tag","embeddable":true,"href":"https:\/\/ajupe.com.uy\/web\/wp-json\/wp\/v2\/product_tag?post=5829"}],"curies":[{"name":"wp","href":"https:\/\/api.w.org\/{rel}","templated":true}]}}