{"id":5832,"date":"2012-07-24T20:50:30","date_gmt":"2012-07-24T23:50:30","guid":{"rendered":"http:\/\/ajupe.com.uy\/web\/?post_type=product&#038;p=5832"},"modified":"2012-07-24T20:50:30","modified_gmt":"2012-07-24T23:50:30","slug":"liberacion","status":"publish","type":"product","link":"https:\/\/ajupe.com.uy\/web\/biblioteca\/liberacion\/","title":{"rendered":"Liberaci\u00f3n"},"content":{"rendered":"<p>Novela \u00fanica entre las obras de M\u00e1rai, Liberaci\u00f3n fue escrita entre  julio y septiembre de 1945, poco despu\u00e9s de los hechos hist\u00f3ricos  narrados, y permaneci\u00f3 in\u00e9dita hasta 2000, cuando se cumpli\u00f3 el  centenario del nacimiento del gran autor h\u00fangaro.<br \/> En los d\u00edas previos a la Navidad de 1944, en Budapest, una joven llamada  Erzs\u00e9bet trata de asegurar un nuevo escondite para su padre, un c\u00e9lebre  hombre de ciencia, astr\u00f3nomo y matem\u00e1tico, a quien persiguen la Gestapo  y los cruces flechadas por sus conocidas simpat\u00edas liberales.  Finalmente, tras dejar a su padre a salvo en un peque\u00f1o escondite  subterr\u00e1neo, Erzs\u00e9bet halla refugio en un s\u00f3tano del otro lado de la  calle, junto con un nutrido grupo de sus conciudadanos. All\u00ed permanecer\u00e1  las cuatro semanas que durar\u00e1 el asedio del Ej\u00e9rcito Rojo, que lleva en  las inmediaciones de Budapest desde noviembre. En ese rinc\u00f3n oscuro de  caos y hacinamiento, Erzs\u00e9bet nunca deja de creer que llegar\u00e1 la  \u00abliberaci\u00f3n\u00bb, que los rusos no tardar\u00e1n en llegar y que todo cambiar\u00e1.  La madrugada del 19 de enero, aparece ante la puerta del refugio el  primer ruso, pero nada ser\u00e1 como Erzs\u00e9bet ha imaginado.<br \/> Con un ritmo urgente y un tono lapidario de gran dramatismo, Liberaci\u00f3n  narra la devastaci\u00f3n de la guerra y demuestra que M\u00e1rai, ya en  septiembre de 1945, cuando pon\u00eda punto final a este breve libro, no  albergaba ninguna ilusi\u00f3n sobre la nueva \u00e9poca que inaugur\u00f3 en su pa\u00eds  la llegada de las tropas rusas.<\/p>\n","protected":false},"excerpt":{"rendered":"<p>Novela \u00fanica entre las obras de M\u00e1rai, Liberaci\u00f3n fue escrita entre julio y septiembre de 1945, poco despu\u00e9s de los hechos hist\u00f3ricos narrados, y permaneci\u00f3 in\u00e9dita hasta 2000, cuando se cumpli\u00f3 el centenario del nacimiento del gran autor h\u00fangaro.<\/p>\n","protected":false},"featured_media":5833,"template":"","meta":[],"product_brand":[397],"product_cat":[29],"product_tag":[],"class_list":{"0":"post-5832","1":"product","2":"type-product","3":"status-publish","4":"has-post-thumbnail","6":"product_brand-sandor-marai","7":"product_cat-novela","9":"first","10":"instock","11":"purchasable","12":"product-type-simple"},"featured_image_urls_v2":{"full":["https:\/\/ajupe.com.uy\/web\/wp-content\/uploads\/2016\/04\/p-5832-Liberaci__n_500f0a967727a.jpg",199,324,false],"thumbnail":["https:\/\/ajupe.com.uy\/web\/wp-content\/uploads\/2016\/04\/p-5832-Liberaci__n_500f0a967727a.jpg",150,150,true],"medium":["https:\/\/ajupe.com.uy\/web\/wp-content\/uploads\/2016\/04\/p-5832-Liberaci__n_500f0a967727a.jpg",300,214,true],"medium_large":["https:\/\/ajupe.com.uy\/web\/wp-content\/uploads\/2016\/04\/p-5832-Liberaci__n_500f0a967727a.jpg",199,324,false],"large":["https:\/\/ajupe.com.uy\/web\/wp-content\/uploads\/2016\/04\/p-5832-Liberaci__n_500f0a967727a.jpg",199,324,false],"1536x1536":["https:\/\/ajupe.com.uy\/web\/wp-content\/uploads\/2016\/04\/p-5832-Liberaci__n_500f0a967727a.jpg",199,324,false],"2048x2048":["https:\/\/ajupe.com.uy\/web\/wp-content\/uploads\/2016\/04\/p-5832-Liberaci__n_500f0a967727a.jpg",199,324,false],"woocommerce_archive_thumbnail":["https:\/\/ajupe.com.uy\/web\/wp-content\/uploads\/2016\/04\/p-5832-Liberaci__n_500f0a967727a.jpg",199,324,false],"woocommerce_thumbnail":["https:\/\/ajupe.com.uy\/web\/wp-content\/uploads\/2016\/04\/p-5832-Liberaci__n_500f0a967727a-199x300.jpg",199,300,true],"woocommerce_single":["https:\/\/ajupe.com.uy\/web\/wp-content\/uploads\/2016\/04\/p-5832-Liberaci__n_500f0a967727a.jpg",199,324,false],"woocommerce_gallery_thumbnail":["https:\/\/ajupe.com.uy\/web\/wp-content\/uploads\/2016\/04\/p-5832-Liberaci__n_500f0a967727a-100x100.jpg",100,100,true]},"post_excerpt_stackable_v2":"<p>Novela \u00fanica entre las obras de M\u00e1rai, Liberaci\u00f3n fue escrita entre julio y septiembre de 1945, poco despu\u00e9s de los hechos hist\u00f3ricos narrados, y permaneci\u00f3 in\u00e9dita hasta 2000, cuando se cumpli\u00f3 el centenario del nacimiento del gran autor h\u00fangaro.<\/p>\n","category_list_v2":"","author_info_v2":{"name":"","url":""},"comments_num_v2":"0 comentarios","_links":{"self":[{"href":"https:\/\/ajupe.com.uy\/web\/wp-json\/wp\/v2\/product\/5832","targetHints":{"allow":["GET"]}}],"collection":[{"href":"https:\/\/ajupe.com.uy\/web\/wp-json\/wp\/v2\/product"}],"about":[{"href":"https:\/\/ajupe.com.uy\/web\/wp-json\/wp\/v2\/types\/product"}],"wp:featuredmedia":[{"embeddable":true,"href":"https:\/\/ajupe.com.uy\/web\/wp-json\/wp\/v2\/media\/5833"}],"wp:attachment":[{"href":"https:\/\/ajupe.com.uy\/web\/wp-json\/wp\/v2\/media?parent=5832"}],"wp:term":[{"taxonomy":"product_brand","embeddable":true,"href":"https:\/\/ajupe.com.uy\/web\/wp-json\/wp\/v2\/product_brand?post=5832"},{"taxonomy":"product_cat","embeddable":true,"href":"https:\/\/ajupe.com.uy\/web\/wp-json\/wp\/v2\/product_cat?post=5832"},{"taxonomy":"product_tag","embeddable":true,"href":"https:\/\/ajupe.com.uy\/web\/wp-json\/wp\/v2\/product_tag?post=5832"}],"curies":[{"name":"wp","href":"https:\/\/api.w.org\/{rel}","templated":true}]}}