{"id":5835,"date":"2012-07-24T20:58:45","date_gmt":"2012-07-24T23:58:45","guid":{"rendered":"http:\/\/ajupe.com.uy\/web\/?post_type=product&#038;p=5835"},"modified":"2012-07-24T20:58:45","modified_gmt":"2012-07-24T23:58:45","slug":"jezabel","status":"publish","type":"product","link":"https:\/\/ajupe.com.uy\/web\/biblioteca\/jezabel\/","title":{"rendered":"Jezabel"},"content":{"rendered":"<p>El juicio a Gladys Eysenach por el asesinato de su presunto amante, un  joven estudiante de apenas veinte a\u00f1os, levanta una enorme expectaci\u00f3n  en Par\u00eds. La acusada, una mujer madura que se conserva excepcionalmente  bella, pertenece a esa alta sociedad ap\u00e1trida que recorre Europa de  fiesta en fiesta. Envidiada por las mujeres y deseada por los hombres,  Gladys ve c\u00f3mo su vida se airea imp\u00fadicamente frente al juez: su  infancia, el exilio, la ausencia del padre, su matrimonio, las dif\u00edciles  relaciones con su hija, su fama de femme fatale, su fijaci\u00f3n con la  belleza y la juventud&#8230; El p\u00fablico, impaciente por conocer cada s\u00f3rdido  detalle, no comprende que la rica y envidiada Gladys, comprometida con  un apuesto conde italiano, haya perdido la cabeza por un joven anodino,  casi un ni\u00f1o. \u00bfQui\u00e9n era el asesinado? \u00bfUn amante despechado? \u00bfUn  delincuente de poca monta? \u00bfEl testigo inc\u00f3modo de un secreto  inconfesable? \u00bfSe trata de un crimen pasional o de una fr\u00eda ejecuci\u00f3n?  \u00bfY por qu\u00e9 la acusada insiste en mostrarse culpable y exigir para s\u00ed  misma un ejemplar castigo? Con una escritura ligera e incisiva y una  intensidad dram\u00e1tica que mantiene el suspense hasta el final, N\u00e9mirovsky  explora en Jezabel la obsesi\u00f3n morbosa con la belleza y el poder  embriagador que otorga la seducci\u00f3n, y demuestra, una vez m\u00e1s, su  extraordinaria capacidad para explorar los recovecos de la psicolog\u00eda  humana.<\/p>\n","protected":false},"excerpt":{"rendered":"<p>El juicio a Gladys Eysenach por el asesinato de su presunto amante, un joven estudiante de apenas veinte a\u00f1os, levanta una enorme expectaci\u00f3n en Par\u00eds. La acusada, una mujer madura que se conserva excepcionalmente bella, pertenece a esa alta sociedad ap\u00e1t<\/p>\n","protected":false},"featured_media":5836,"template":"","meta":[],"product_brand":[530],"product_cat":[29],"product_tag":[],"class_list":{"0":"post-5835","1":"product","2":"type-product","3":"status-publish","4":"has-post-thumbnail","6":"product_brand-irene-nemirovsky","7":"product_cat-novela","9":"first","10":"instock","11":"purchasable","12":"product-type-simple"},"featured_image_urls_v2":{"full":["https:\/\/ajupe.com.uy\/web\/wp-content\/uploads\/2016\/04\/p-5835-Jezabel_500f0c85a0556.jpg",199,324,false],"thumbnail":["https:\/\/ajupe.com.uy\/web\/wp-content\/uploads\/2016\/04\/p-5835-Jezabel_500f0c85a0556.jpg",150,150,true],"medium":["https:\/\/ajupe.com.uy\/web\/wp-content\/uploads\/2016\/04\/p-5835-Jezabel_500f0c85a0556.jpg",300,214,true],"medium_large":["https:\/\/ajupe.com.uy\/web\/wp-content\/uploads\/2016\/04\/p-5835-Jezabel_500f0c85a0556.jpg",199,324,false],"large":["https:\/\/ajupe.com.uy\/web\/wp-content\/uploads\/2016\/04\/p-5835-Jezabel_500f0c85a0556.jpg",199,324,false],"1536x1536":["https:\/\/ajupe.com.uy\/web\/wp-content\/uploads\/2016\/04\/p-5835-Jezabel_500f0c85a0556.jpg",199,324,false],"2048x2048":["https:\/\/ajupe.com.uy\/web\/wp-content\/uploads\/2016\/04\/p-5835-Jezabel_500f0c85a0556.jpg",199,324,false],"woocommerce_archive_thumbnail":["https:\/\/ajupe.com.uy\/web\/wp-content\/uploads\/2016\/04\/p-5835-Jezabel_500f0c85a0556.jpg",199,324,false],"woocommerce_thumbnail":["https:\/\/ajupe.com.uy\/web\/wp-content\/uploads\/2016\/04\/p-5835-Jezabel_500f0c85a0556-199x300.jpg",199,300,true],"woocommerce_single":["https:\/\/ajupe.com.uy\/web\/wp-content\/uploads\/2016\/04\/p-5835-Jezabel_500f0c85a0556.jpg",199,324,false],"woocommerce_gallery_thumbnail":["https:\/\/ajupe.com.uy\/web\/wp-content\/uploads\/2016\/04\/p-5835-Jezabel_500f0c85a0556-100x100.jpg",100,100,true]},"post_excerpt_stackable_v2":"<p>El juicio a Gladys Eysenach por el asesinato de su presunto amante, un joven estudiante de apenas veinte a\u00f1os, levanta una enorme expectaci\u00f3n en Par\u00eds. La acusada, una mujer madura que se conserva excepcionalmente bella, pertenece a esa alta sociedad ap\u00e1t<\/p>\n","category_list_v2":"","author_info_v2":{"name":"","url":""},"comments_num_v2":"0 comentarios","_links":{"self":[{"href":"https:\/\/ajupe.com.uy\/web\/wp-json\/wp\/v2\/product\/5835","targetHints":{"allow":["GET"]}}],"collection":[{"href":"https:\/\/ajupe.com.uy\/web\/wp-json\/wp\/v2\/product"}],"about":[{"href":"https:\/\/ajupe.com.uy\/web\/wp-json\/wp\/v2\/types\/product"}],"wp:featuredmedia":[{"embeddable":true,"href":"https:\/\/ajupe.com.uy\/web\/wp-json\/wp\/v2\/media\/5836"}],"wp:attachment":[{"href":"https:\/\/ajupe.com.uy\/web\/wp-json\/wp\/v2\/media?parent=5835"}],"wp:term":[{"taxonomy":"product_brand","embeddable":true,"href":"https:\/\/ajupe.com.uy\/web\/wp-json\/wp\/v2\/product_brand?post=5835"},{"taxonomy":"product_cat","embeddable":true,"href":"https:\/\/ajupe.com.uy\/web\/wp-json\/wp\/v2\/product_cat?post=5835"},{"taxonomy":"product_tag","embeddable":true,"href":"https:\/\/ajupe.com.uy\/web\/wp-json\/wp\/v2\/product_tag?post=5835"}],"curies":[{"name":"wp","href":"https:\/\/api.w.org\/{rel}","templated":true}]}}