{"id":5841,"date":"2012-07-24T21:15:38","date_gmt":"2012-07-25T00:15:38","guid":{"rendered":"http:\/\/ajupe.com.uy\/web\/?post_type=product&#038;p=5841"},"modified":"2012-07-24T21:15:38","modified_gmt":"2012-07-25T00:15:38","slug":"casa-de-verano-con-piscina","status":"publish","type":"product","link":"https:\/\/ajupe.com.uy\/web\/biblioteca\/casa-de-verano-con-piscina\/","title":{"rendered":"Casa de verano con piscina"},"content":{"rendered":"<p><strong>Herman Koch<\/strong>, uno de los autores contempor\u00e1neos  neerlandeses m\u00e1s le\u00eddos tanto dentro como fuera de su pa\u00eds, vuelve a las  librer\u00edas con Casa de verano con piscina, una novela tan \u00e1cida y  provocadora como la anterior,<em> La cena<\/em> (Salamandra, 2010), que fue declarada Libro del A\u00f1o y galardonada con el Premio del P\u00fablico. Al igual que en aquella novela,<strong> Koch<\/strong> se concentra en instituciones centrales de las clases acomodadas  europeas, como el matrimonio, la familia o las relaciones  paternofiliales, y plantea intensos dilemas \u00e9ticos, logrando que el  lector se interrogue sobre si debe prevalecer el instinto de protecci\u00f3n  paterno o la lealtad a las normas que garantizan la cohesi\u00f3n social.<br \/> <em><br \/> Casa de verano con piscina<\/em> explora de forma magistral temas  contempor\u00e1neos como el malestar de la familia, la dif\u00edcil comunicaci\u00f3n  entre padres e hijos o la falsedad de las relaciones sociales, as\u00ed como  el deseo, la culpa o el ansia de venganza en el seno de una sociedad  permisiva y autocomplaciente.<em> Casa de verano con piscina<\/em> es una novela apasionante en la que nadie es del todo inocente, ni siquiera quienes parecen m\u00e1s inofensivos y fr\u00e1giles. <strong>Herman Koch<\/strong> logra que el lector quede atrapado ante una inc\u00f3moda encrucijada \u00e9tica, que lo mantiene en vilo hasta la \u00faltima p\u00e1gina.<\/p>\n","protected":false},"excerpt":{"rendered":"<p>Herman Koch, uno de los autores contempor\u00e1neos neerlandeses m\u00e1s le\u00eddos tanto dentro como fuera de su pa\u00eds, vuelve a las librer\u00edas con Casa de verano con piscina, una novela tan \u00e1cida y provocadora como la anterior, La cena (Salamandra, 2010), que fue decl<\/p>\n","protected":false},"featured_media":5842,"template":"","meta":[],"product_brand":[1132],"product_cat":[29],"product_tag":[],"class_list":{"0":"post-5841","1":"product","2":"type-product","3":"status-publish","4":"has-post-thumbnail","6":"product_brand-korch-herman","7":"product_cat-novela","9":"first","10":"instock","11":"purchasable","12":"product-type-simple"},"featured_image_urls_v2":{"full":["https:\/\/ajupe.com.uy\/web\/wp-content\/uploads\/2016\/04\/p-5841-Casa_de_verano_c_500f107a5f257.jpg",201,321,false],"thumbnail":["https:\/\/ajupe.com.uy\/web\/wp-content\/uploads\/2016\/04\/p-5841-Casa_de_verano_c_500f107a5f257.jpg",150,150,true],"medium":["https:\/\/ajupe.com.uy\/web\/wp-content\/uploads\/2016\/04\/p-5841-Casa_de_verano_c_500f107a5f257.jpg",300,214,true],"medium_large":["https:\/\/ajupe.com.uy\/web\/wp-content\/uploads\/2016\/04\/p-5841-Casa_de_verano_c_500f107a5f257.jpg",201,321,false],"large":["https:\/\/ajupe.com.uy\/web\/wp-content\/uploads\/2016\/04\/p-5841-Casa_de_verano_c_500f107a5f257.jpg",201,321,false],"1536x1536":["https:\/\/ajupe.com.uy\/web\/wp-content\/uploads\/2016\/04\/p-5841-Casa_de_verano_c_500f107a5f257.jpg",201,321,false],"2048x2048":["https:\/\/ajupe.com.uy\/web\/wp-content\/uploads\/2016\/04\/p-5841-Casa_de_verano_c_500f107a5f257.jpg",201,321,false],"woocommerce_archive_thumbnail":["https:\/\/ajupe.com.uy\/web\/wp-content\/uploads\/2016\/04\/p-5841-Casa_de_verano_c_500f107a5f257-201x300.jpg",201,300,true],"woocommerce_thumbnail":["https:\/\/ajupe.com.uy\/web\/wp-content\/uploads\/2016\/04\/p-5841-Casa_de_verano_c_500f107a5f257-201x300.jpg",201,300,true],"woocommerce_single":["https:\/\/ajupe.com.uy\/web\/wp-content\/uploads\/2016\/04\/p-5841-Casa_de_verano_c_500f107a5f257.jpg",201,321,false],"woocommerce_gallery_thumbnail":["https:\/\/ajupe.com.uy\/web\/wp-content\/uploads\/2016\/04\/p-5841-Casa_de_verano_c_500f107a5f257-100x100.jpg",100,100,true]},"post_excerpt_stackable_v2":"<p>Herman Koch, uno de los autores contempor\u00e1neos neerlandeses m\u00e1s le\u00eddos tanto dentro como fuera de su pa\u00eds, vuelve a las librer\u00edas con Casa de verano con piscina, una novela tan \u00e1cida y provocadora como la anterior, La cena (Salamandra, 2010), que fue decl<\/p>\n","category_list_v2":"","author_info_v2":{"name":"","url":""},"comments_num_v2":"0 comentarios","_links":{"self":[{"href":"https:\/\/ajupe.com.uy\/web\/wp-json\/wp\/v2\/product\/5841","targetHints":{"allow":["GET"]}}],"collection":[{"href":"https:\/\/ajupe.com.uy\/web\/wp-json\/wp\/v2\/product"}],"about":[{"href":"https:\/\/ajupe.com.uy\/web\/wp-json\/wp\/v2\/types\/product"}],"wp:featuredmedia":[{"embeddable":true,"href":"https:\/\/ajupe.com.uy\/web\/wp-json\/wp\/v2\/media\/5842"}],"wp:attachment":[{"href":"https:\/\/ajupe.com.uy\/web\/wp-json\/wp\/v2\/media?parent=5841"}],"wp:term":[{"taxonomy":"product_brand","embeddable":true,"href":"https:\/\/ajupe.com.uy\/web\/wp-json\/wp\/v2\/product_brand?post=5841"},{"taxonomy":"product_cat","embeddable":true,"href":"https:\/\/ajupe.com.uy\/web\/wp-json\/wp\/v2\/product_cat?post=5841"},{"taxonomy":"product_tag","embeddable":true,"href":"https:\/\/ajupe.com.uy\/web\/wp-json\/wp\/v2\/product_tag?post=5841"}],"curies":[{"name":"wp","href":"https:\/\/api.w.org\/{rel}","templated":true}]}}