{"id":5847,"date":"2012-07-24T21:32:39","date_gmt":"2012-07-25T00:32:39","guid":{"rendered":"http:\/\/ajupe.com.uy\/web\/?post_type=product&#038;p=5847"},"modified":"2012-07-24T21:32:39","modified_gmt":"2012-07-25T00:32:39","slug":"el-campo-del-alfarero","status":"publish","type":"product","link":"https:\/\/ajupe.com.uy\/web\/biblioteca\/el-campo-del-alfarero\/","title":{"rendered":"El campo del alfarero"},"content":{"rendered":"<p><em>El campo del alfarero<\/em>, nueva entrega de la serie protagonizada  por el comisario Montalbano, es una historia de enga\u00f1os y de traici\u00f3n a  los traidores. En ella, el c\u00e9lebre protagonista, que ha a\u00f1adido a su  humor socarr\u00f3n unas gotas de melancol\u00eda, encontrar\u00e1 sorprendentes e  inesperados aliados.<br \/> En los pedregosos aleda\u00f1os del t\u00e9rmino de Pizzutello, la lluvia de oto\u00f1o  ha devuelto a la luz un cad\u00e1ver con los signos de haber sido  ajusticiado por traici\u00f3n. Sin huellas dactilares, sin dientes, y con el  rostro desfi gurado, parece imposible identifi car a la v\u00edctima, cuyas  caracter\u00edsticas no se corresponden con las de ning\u00fan desaparecido. De  manera contraria a su comportamiento habitual, Mim\u00ec Augello insiste en  hacerse cargo del caso \u00e9l solo, pero el comisario Montalbano, pese a  sufrir los molestos achaques del paso del tiempo, se resiste a ceder las  riendas. Su infalible intuici\u00f3n le lleva a seguir adelante sin bajar la  guardia. No tarda en aparecer en escena una mujer muy atractiva, una  experta seductora, la colombiana Dolores Alfano, que denuncia la  desaparici\u00f3n de su marido, de quien dej\u00f3 de tener noticias poco antes de  que \u00e9ste embarcara hacia Sudam\u00e9rica.<br \/> De manera gradual y casi imperceptible, dos casos en apariencia  distantes empiezan a mostrar los lazos que los unen. El comisario  Montalbano tendr\u00e1 que devanarse los sesos ante las el\u00edpticas  premoniciones que destilan sus pesadillas nocturnas, y valerse de todo  su ingenio para desvelar la trama oculta de la traici\u00f3n de un  colaborador y amigo irrenunciable. Lo lograr\u00e1 haciendo gala de una  habilidad sublime, enga\u00f1ando a quien quiere enga\u00f1arlo, rebatiendo las  falsedades con nuevas falsedades. Y al fi nal, el verdadero temple del  comisario se pone de manifi esto cuando entrega la gloria a otros por  lealtad a quienes ama. Quiz\u00e1 la vida no sea tan absurda, despu\u00e9s de todo.<\/p>\n<p>\u00a0<\/p>\n","protected":false},"excerpt":{"rendered":"<p>En los pedregosos aleda\u00f1os de Pizzutello, la lluvia ha devuelto a la luz un cad\u00e1ver con signos de haber sido ajusticiado por traici\u00f3n. Sin huellas dactilares y con el rostro desfigurado, las caracter\u00edsticas no se corresponden con las de ning\u00fan desaparecid<\/p>\n","protected":false},"featured_media":5848,"template":"","meta":[],"product_brand":[399],"product_cat":[29],"product_tag":[],"class_list":{"0":"post-5847","1":"product","2":"type-product","3":"status-publish","4":"has-post-thumbnail","6":"product_brand-andrea-camilleri","7":"product_cat-novela","9":"first","10":"instock","11":"purchasable","12":"product-type-simple"},"featured_image_urls_v2":{"full":["https:\/\/ajupe.com.uy\/web\/wp-content\/uploads\/2016\/04\/p-5847-El_campo_del_alf_500f1477bafad.jpg",199,321,false],"thumbnail":["https:\/\/ajupe.com.uy\/web\/wp-content\/uploads\/2016\/04\/p-5847-El_campo_del_alf_500f1477bafad.jpg",150,150,true],"medium":["https:\/\/ajupe.com.uy\/web\/wp-content\/uploads\/2016\/04\/p-5847-El_campo_del_alf_500f1477bafad.jpg",300,214,true],"medium_large":["https:\/\/ajupe.com.uy\/web\/wp-content\/uploads\/2016\/04\/p-5847-El_campo_del_alf_500f1477bafad.jpg",199,321,false],"large":["https:\/\/ajupe.com.uy\/web\/wp-content\/uploads\/2016\/04\/p-5847-El_campo_del_alf_500f1477bafad.jpg",199,321,false],"1536x1536":["https:\/\/ajupe.com.uy\/web\/wp-content\/uploads\/2016\/04\/p-5847-El_campo_del_alf_500f1477bafad.jpg",199,321,false],"2048x2048":["https:\/\/ajupe.com.uy\/web\/wp-content\/uploads\/2016\/04\/p-5847-El_campo_del_alf_500f1477bafad.jpg",199,321,false],"woocommerce_archive_thumbnail":["https:\/\/ajupe.com.uy\/web\/wp-content\/uploads\/2016\/04\/p-5847-El_campo_del_alf_500f1477bafad.jpg",199,321,false],"woocommerce_thumbnail":["https:\/\/ajupe.com.uy\/web\/wp-content\/uploads\/2016\/04\/p-5847-El_campo_del_alf_500f1477bafad-199x300.jpg",199,300,true],"woocommerce_single":["https:\/\/ajupe.com.uy\/web\/wp-content\/uploads\/2016\/04\/p-5847-El_campo_del_alf_500f1477bafad.jpg",199,321,false],"woocommerce_gallery_thumbnail":["https:\/\/ajupe.com.uy\/web\/wp-content\/uploads\/2016\/04\/p-5847-El_campo_del_alf_500f1477bafad-100x100.jpg",100,100,true]},"post_excerpt_stackable_v2":"<p>En los pedregosos aleda\u00f1os de Pizzutello, la lluvia ha devuelto a la luz un cad\u00e1ver con signos de haber sido ajusticiado por traici\u00f3n. Sin huellas dactilares y con el rostro desfigurado, las caracter\u00edsticas no se corresponden con las de ning\u00fan desaparecid<\/p>\n","category_list_v2":"","author_info_v2":{"name":"","url":""},"comments_num_v2":"0 comentarios","_links":{"self":[{"href":"https:\/\/ajupe.com.uy\/web\/wp-json\/wp\/v2\/product\/5847","targetHints":{"allow":["GET"]}}],"collection":[{"href":"https:\/\/ajupe.com.uy\/web\/wp-json\/wp\/v2\/product"}],"about":[{"href":"https:\/\/ajupe.com.uy\/web\/wp-json\/wp\/v2\/types\/product"}],"wp:featuredmedia":[{"embeddable":true,"href":"https:\/\/ajupe.com.uy\/web\/wp-json\/wp\/v2\/media\/5848"}],"wp:attachment":[{"href":"https:\/\/ajupe.com.uy\/web\/wp-json\/wp\/v2\/media?parent=5847"}],"wp:term":[{"taxonomy":"product_brand","embeddable":true,"href":"https:\/\/ajupe.com.uy\/web\/wp-json\/wp\/v2\/product_brand?post=5847"},{"taxonomy":"product_cat","embeddable":true,"href":"https:\/\/ajupe.com.uy\/web\/wp-json\/wp\/v2\/product_cat?post=5847"},{"taxonomy":"product_tag","embeddable":true,"href":"https:\/\/ajupe.com.uy\/web\/wp-json\/wp\/v2\/product_tag?post=5847"}],"curies":[{"name":"wp","href":"https:\/\/api.w.org\/{rel}","templated":true}]}}