{"id":5853,"date":"2012-07-25T17:02:28","date_gmt":"2012-07-25T20:02:28","guid":{"rendered":"http:\/\/ajupe.com.uy\/web\/?post_type=product&#038;p=5853"},"modified":"2012-07-25T17:02:28","modified_gmt":"2012-07-25T20:02:28","slug":"llamaradas","status":"publish","type":"product","link":"https:\/\/ajupe.com.uy\/web\/biblioteca\/llamaradas\/","title":{"rendered":"Llamaradas"},"content":{"rendered":"<p>Esta es la apasionante historia de una unidad de bomberos paracaidistas que trabajan en los bosques de Montana. Se les llama<br \/> \u0091smokejumpers\u0092 y son un grupo de \u00e9lite. Cada verano distintas personas  luchan por formar parte del grupo y se re\u00fanen en Missoula, Montana, para  pasar las duras pruebas de acceso. Rowan Tripp es una de las mejores  del grupo. Es una chica fuerte e independiente que est\u00e1 en mejor forma  que casi todos los hombres. Sin embargo, algo ensombrece los  pensamientos de Rowan: el a\u00f1o pasado, Jim, su compa\u00f1ero, muri\u00f3 al saltar  del helic\u00f3ptero y, a pesar de que no fue por su culpa, se siente  responsable de su muerte. En el nuevo grupo, pese a sus resistencias  iniciales, Rowan empezar\u00e1 a sentirse atra\u00edda por el atractivo Gull Curri  y acabar\u00e1 sucumbiendo\u00a0 a \u00e9l. De repente en el campamento empiezan a  suceder extra\u00f1os acontecimientos. Por otro lado, Rowan se dar\u00e1 cuenta de  que lo que siente por Gull no solo es diferente a cualquier relaci\u00f3n  que haya tenido sino que le necesita para sobrevivir.<\/p>\n","protected":false},"excerpt":{"rendered":"<p>Esta es la apasionante historia de una unidad de bomberos paracaidistas que trabajan en los bosques de Montana. Se les llama \u0091smokejumpers\u0092 y son un grupo de \u00e9lite.<\/p>\n","protected":false},"featured_media":5854,"template":"","meta":[],"product_brand":[267],"product_cat":[29],"product_tag":[],"class_list":{"0":"post-5853","1":"product","2":"type-product","3":"status-publish","4":"has-post-thumbnail","6":"product_brand-nora-roberts","7":"product_cat-novela","9":"first","10":"instock","11":"purchasable","12":"product-type-simple"},"featured_image_urls_v2":{"full":["https:\/\/ajupe.com.uy\/web\/wp-content\/uploads\/2016\/04\/p-5853-Llamaradas_501026a4285d8.jpg",228,338,false],"thumbnail":["https:\/\/ajupe.com.uy\/web\/wp-content\/uploads\/2016\/04\/p-5853-Llamaradas_501026a4285d8.jpg",150,150,true],"medium":["https:\/\/ajupe.com.uy\/web\/wp-content\/uploads\/2016\/04\/p-5853-Llamaradas_501026a4285d8.jpg",300,214,true],"medium_large":["https:\/\/ajupe.com.uy\/web\/wp-content\/uploads\/2016\/04\/p-5853-Llamaradas_501026a4285d8.jpg",228,338,false],"large":["https:\/\/ajupe.com.uy\/web\/wp-content\/uploads\/2016\/04\/p-5853-Llamaradas_501026a4285d8.jpg",228,338,false],"1536x1536":["https:\/\/ajupe.com.uy\/web\/wp-content\/uploads\/2016\/04\/p-5853-Llamaradas_501026a4285d8.jpg",228,338,false],"2048x2048":["https:\/\/ajupe.com.uy\/web\/wp-content\/uploads\/2016\/04\/p-5853-Llamaradas_501026a4285d8.jpg",228,338,false],"woocommerce_archive_thumbnail":["https:\/\/ajupe.com.uy\/web\/wp-content\/uploads\/2016\/04\/p-5853-Llamaradas_501026a4285d8-228x300.jpg",228,300,true],"woocommerce_thumbnail":["https:\/\/ajupe.com.uy\/web\/wp-content\/uploads\/2016\/04\/p-5853-Llamaradas_501026a4285d8-228x300.jpg",228,300,true],"woocommerce_single":["https:\/\/ajupe.com.uy\/web\/wp-content\/uploads\/2016\/04\/p-5853-Llamaradas_501026a4285d8.jpg",228,338,false],"woocommerce_gallery_thumbnail":["https:\/\/ajupe.com.uy\/web\/wp-content\/uploads\/2016\/04\/p-5853-Llamaradas_501026a4285d8-100x100.jpg",100,100,true]},"post_excerpt_stackable_v2":"<p>Esta es la apasionante historia de una unidad de bomberos paracaidistas que trabajan en los bosques de Montana. Se les llama \u0091smokejumpers\u0092 y son un grupo de \u00e9lite.<\/p>\n","category_list_v2":"","author_info_v2":{"name":"","url":""},"comments_num_v2":"0 comentarios","_links":{"self":[{"href":"https:\/\/ajupe.com.uy\/web\/wp-json\/wp\/v2\/product\/5853","targetHints":{"allow":["GET"]}}],"collection":[{"href":"https:\/\/ajupe.com.uy\/web\/wp-json\/wp\/v2\/product"}],"about":[{"href":"https:\/\/ajupe.com.uy\/web\/wp-json\/wp\/v2\/types\/product"}],"wp:featuredmedia":[{"embeddable":true,"href":"https:\/\/ajupe.com.uy\/web\/wp-json\/wp\/v2\/media\/5854"}],"wp:attachment":[{"href":"https:\/\/ajupe.com.uy\/web\/wp-json\/wp\/v2\/media?parent=5853"}],"wp:term":[{"taxonomy":"product_brand","embeddable":true,"href":"https:\/\/ajupe.com.uy\/web\/wp-json\/wp\/v2\/product_brand?post=5853"},{"taxonomy":"product_cat","embeddable":true,"href":"https:\/\/ajupe.com.uy\/web\/wp-json\/wp\/v2\/product_cat?post=5853"},{"taxonomy":"product_tag","embeddable":true,"href":"https:\/\/ajupe.com.uy\/web\/wp-json\/wp\/v2\/product_tag?post=5853"}],"curies":[{"name":"wp","href":"https:\/\/api.w.org\/{rel}","templated":true}]}}