{"id":5886,"date":"2012-09-03T19:58:38","date_gmt":"2012-09-03T22:58:38","guid":{"rendered":"http:\/\/ajupe.com.uy\/web\/?post_type=product&#038;p=5886"},"modified":"2012-09-03T19:58:38","modified_gmt":"2012-09-03T22:58:38","slug":"el-hombre-con-una-sola-sandalia","status":"publish","type":"product","link":"https:\/\/ajupe.com.uy\/web\/biblioteca\/el-hombre-con-una-sola-sandalia\/","title":{"rendered":"El hombre con una sola sandalia"},"content":{"rendered":"<p>El  hombre con una sola sandalia, confirma el oficio narrativo de Hugo  Burel y nos adentra una vez m\u00e1s en un territorio personal donde lo  cotidiano tambi\u00e9n incluye lo inexplicable. Pero esta vez, adem\u00e1s de los  (anti)h\u00e9roes an\u00f3nimos que habitan las ficciones de Burel, comparecen  Picasso, Malena la del tango, Obdulio Varela, Gardel (y su imitador),  Borges y Dogomar Mart\u00ednez, junto al m\u00edtico h\u00e9roe Jas\u00f3n y Ricardo III  convertido en Pap\u00e1 Noel. El resultado es un conjunto de nueve relatos  que atrapan desde la primera l\u00ednea.<\/p>\n<p>Hugo  Burel ahonda en los territorios perif\u00e9ricos y en la melancol\u00eda del  desarraigo a trav\u00e9s de relatos y novelas construidas como cuidadosos  mecanismos de relojer\u00eda. En su obra se da la creativa y armoniosa  integraci\u00f3n de la rica herencia de Juan Carlos Onetti y Felisberto  Hern\u00e1ndez. Fernando A\u00ednsa<\/p>\n<p> Hugo Burel es un autor est\u00e9ticamente perfecto, eficaz constructor de \u00abm\u00e1quinas narrativas\u00bb en cuyos engranajes el m\u00e1s minucioso realismo  cotidiano se entremezcla con lo inesperado, lo ins\u00f3lito, lo  inexplicable, siempre mediante un absoluto cuidado del lenguaje y de los  recursos formales. Giuseppe Gatti<\/p>\n","protected":false},"excerpt":{"rendered":"<p>El hombre con una sola sandalia, confirma el oficio narrativo de Hugo Burel y nos adentra una vez m\u00e1s en un territorio personal donde lo cotidiano tambi\u00e9n incluye lo inexplicable.<\/p>\n","protected":false},"featured_media":5887,"template":"","meta":[],"product_brand":[54],"product_cat":[29],"product_tag":[],"class_list":{"0":"post-5886","1":"product","2":"type-product","3":"status-publish","4":"has-post-thumbnail","6":"product_brand-hugo-burel","7":"product_cat-novela","9":"first","10":"instock","11":"purchasable","12":"product-type-simple"},"featured_image_urls_v2":{"full":["https:\/\/ajupe.com.uy\/web\/wp-content\/uploads\/2016\/04\/p-5886-El_hombre_con_un_50450beeba87f.jpg",196,335,false],"thumbnail":["https:\/\/ajupe.com.uy\/web\/wp-content\/uploads\/2016\/04\/p-5886-El_hombre_con_un_50450beeba87f.jpg",150,150,true],"medium":["https:\/\/ajupe.com.uy\/web\/wp-content\/uploads\/2016\/04\/p-5886-El_hombre_con_un_50450beeba87f.jpg",300,214,true],"medium_large":["https:\/\/ajupe.com.uy\/web\/wp-content\/uploads\/2016\/04\/p-5886-El_hombre_con_un_50450beeba87f.jpg",196,335,false],"large":["https:\/\/ajupe.com.uy\/web\/wp-content\/uploads\/2016\/04\/p-5886-El_hombre_con_un_50450beeba87f.jpg",196,335,false],"1536x1536":["https:\/\/ajupe.com.uy\/web\/wp-content\/uploads\/2016\/04\/p-5886-El_hombre_con_un_50450beeba87f.jpg",196,335,false],"2048x2048":["https:\/\/ajupe.com.uy\/web\/wp-content\/uploads\/2016\/04\/p-5886-El_hombre_con_un_50450beeba87f.jpg",196,335,false],"woocommerce_archive_thumbnail":["https:\/\/ajupe.com.uy\/web\/wp-content\/uploads\/2016\/04\/p-5886-El_hombre_con_un_50450beeba87f-196x300.jpg",196,300,true],"woocommerce_thumbnail":["https:\/\/ajupe.com.uy\/web\/wp-content\/uploads\/2016\/04\/p-5886-El_hombre_con_un_50450beeba87f-196x300.jpg",196,300,true],"woocommerce_single":["https:\/\/ajupe.com.uy\/web\/wp-content\/uploads\/2016\/04\/p-5886-El_hombre_con_un_50450beeba87f.jpg",196,335,false],"woocommerce_gallery_thumbnail":["https:\/\/ajupe.com.uy\/web\/wp-content\/uploads\/2016\/04\/p-5886-El_hombre_con_un_50450beeba87f-100x100.jpg",100,100,true]},"post_excerpt_stackable_v2":"<p>El hombre con una sola sandalia, confirma el oficio narrativo de Hugo Burel y nos adentra una vez m\u00e1s en un territorio personal donde lo cotidiano tambi\u00e9n incluye lo inexplicable.<\/p>\n","category_list_v2":"","author_info_v2":{"name":"","url":""},"comments_num_v2":"0 comentarios","_links":{"self":[{"href":"https:\/\/ajupe.com.uy\/web\/wp-json\/wp\/v2\/product\/5886","targetHints":{"allow":["GET"]}}],"collection":[{"href":"https:\/\/ajupe.com.uy\/web\/wp-json\/wp\/v2\/product"}],"about":[{"href":"https:\/\/ajupe.com.uy\/web\/wp-json\/wp\/v2\/types\/product"}],"wp:featuredmedia":[{"embeddable":true,"href":"https:\/\/ajupe.com.uy\/web\/wp-json\/wp\/v2\/media\/5887"}],"wp:attachment":[{"href":"https:\/\/ajupe.com.uy\/web\/wp-json\/wp\/v2\/media?parent=5886"}],"wp:term":[{"taxonomy":"product_brand","embeddable":true,"href":"https:\/\/ajupe.com.uy\/web\/wp-json\/wp\/v2\/product_brand?post=5886"},{"taxonomy":"product_cat","embeddable":true,"href":"https:\/\/ajupe.com.uy\/web\/wp-json\/wp\/v2\/product_cat?post=5886"},{"taxonomy":"product_tag","embeddable":true,"href":"https:\/\/ajupe.com.uy\/web\/wp-json\/wp\/v2\/product_tag?post=5886"}],"curies":[{"name":"wp","href":"https:\/\/api.w.org\/{rel}","templated":true}]}}