{"id":5889,"date":"2012-09-03T20:25:23","date_gmt":"2012-09-03T23:25:23","guid":{"rendered":"http:\/\/ajupe.com.uy\/web\/?post_type=product&#038;p=5889"},"modified":"2012-09-03T20:32:29","modified_gmt":"2012-09-03T23:32:29","slug":"cincuenta-sombras-mas-oscuras","status":"publish","type":"product","link":"https:\/\/ajupe.com.uy\/web\/biblioteca\/cincuenta-sombras-mas-oscuras\/","title":{"rendered":"Cincuenta sombras m\u00e1s oscuras"},"content":{"rendered":"<p>Intimidada por las peculiares pr\u00e1cticas er\u00f3ticas y los oscuros secretos  del atractivo y atormentado empresario Christian Grey, Anastasia Steele  decide romper con \u00e9l y embarcarse en una nueva carrera profesional en  una editorial de Seattle. Pero el deseo por Christian todav\u00eda domina cada  uno de sus pensamientos, y cuando finalmente \u00e9l le propone retomar su  aventura, Ana no puede resistirse. Reanudan entonces su t\u00f3rrida y  sensual relaci\u00f3n, pero mientras Christian lucha contra sus propios  demonios del pasado, Ana debe enfrentarse a la ira y la envidia de las  mujeres que la precedieron, y tomar la decisi\u00f3n m\u00e1s importante de su  vida\u00bbCincuenta sombras: la exitosa combinaci\u00f3n de historia rom\u00e1ntica y  juego er\u00f3tico de alto voltaje que ha tocado la fibra de muchas  mujeres.\u00bb<\/p>\n","protected":false},"excerpt":{"rendered":"<p>\u00abCincuenta sombras: la exitosa combinaci\u00f3n de historia rom\u00e1ntica y juego er\u00f3tico de alto voltaje que ha tocado la fibra de muchas mujeres.\u00bb<\/p>\n","protected":false},"featured_media":5890,"template":"","meta":[],"product_brand":[1169],"product_cat":[29],"product_tag":[],"class_list":{"0":"post-5889","1":"product","2":"type-product","3":"status-publish","4":"has-post-thumbnail","6":"product_brand-e-l-james","7":"product_cat-novela","9":"first","10":"instock","11":"purchasable","12":"product-type-simple"},"featured_image_urls_v2":{"full":["https:\/\/ajupe.com.uy\/web\/wp-content\/uploads\/2016\/04\/p-5889-Cincuenta_sombra_5045123391ada.jpg",220,335,false],"thumbnail":["https:\/\/ajupe.com.uy\/web\/wp-content\/uploads\/2016\/04\/p-5889-Cincuenta_sombra_5045123391ada.jpg",150,150,true],"medium":["https:\/\/ajupe.com.uy\/web\/wp-content\/uploads\/2016\/04\/p-5889-Cincuenta_sombra_5045123391ada.jpg",300,214,true],"medium_large":["https:\/\/ajupe.com.uy\/web\/wp-content\/uploads\/2016\/04\/p-5889-Cincuenta_sombra_5045123391ada.jpg",220,335,false],"large":["https:\/\/ajupe.com.uy\/web\/wp-content\/uploads\/2016\/04\/p-5889-Cincuenta_sombra_5045123391ada.jpg",220,335,false],"1536x1536":["https:\/\/ajupe.com.uy\/web\/wp-content\/uploads\/2016\/04\/p-5889-Cincuenta_sombra_5045123391ada.jpg",220,335,false],"2048x2048":["https:\/\/ajupe.com.uy\/web\/wp-content\/uploads\/2016\/04\/p-5889-Cincuenta_sombra_5045123391ada.jpg",220,335,false],"woocommerce_archive_thumbnail":["https:\/\/ajupe.com.uy\/web\/wp-content\/uploads\/2016\/04\/p-5889-Cincuenta_sombra_5045123391ada-220x300.jpg",220,300,true],"woocommerce_thumbnail":["https:\/\/ajupe.com.uy\/web\/wp-content\/uploads\/2016\/04\/p-5889-Cincuenta_sombra_5045123391ada-220x300.jpg",220,300,true],"woocommerce_single":["https:\/\/ajupe.com.uy\/web\/wp-content\/uploads\/2016\/04\/p-5889-Cincuenta_sombra_5045123391ada.jpg",220,335,false],"woocommerce_gallery_thumbnail":["https:\/\/ajupe.com.uy\/web\/wp-content\/uploads\/2016\/04\/p-5889-Cincuenta_sombra_5045123391ada-100x100.jpg",100,100,true]},"post_excerpt_stackable_v2":"<p>\u00abCincuenta sombras: la exitosa combinaci\u00f3n de historia rom\u00e1ntica y juego er\u00f3tico de alto voltaje que ha tocado la fibra de muchas mujeres.\u00bb<\/p>\n","category_list_v2":"","author_info_v2":{"name":"","url":""},"comments_num_v2":"0 comentarios","_links":{"self":[{"href":"https:\/\/ajupe.com.uy\/web\/wp-json\/wp\/v2\/product\/5889","targetHints":{"allow":["GET"]}}],"collection":[{"href":"https:\/\/ajupe.com.uy\/web\/wp-json\/wp\/v2\/product"}],"about":[{"href":"https:\/\/ajupe.com.uy\/web\/wp-json\/wp\/v2\/types\/product"}],"wp:featuredmedia":[{"embeddable":true,"href":"https:\/\/ajupe.com.uy\/web\/wp-json\/wp\/v2\/media\/5890"}],"wp:attachment":[{"href":"https:\/\/ajupe.com.uy\/web\/wp-json\/wp\/v2\/media?parent=5889"}],"wp:term":[{"taxonomy":"product_brand","embeddable":true,"href":"https:\/\/ajupe.com.uy\/web\/wp-json\/wp\/v2\/product_brand?post=5889"},{"taxonomy":"product_cat","embeddable":true,"href":"https:\/\/ajupe.com.uy\/web\/wp-json\/wp\/v2\/product_cat?post=5889"},{"taxonomy":"product_tag","embeddable":true,"href":"https:\/\/ajupe.com.uy\/web\/wp-json\/wp\/v2\/product_tag?post=5889"}],"curies":[{"name":"wp","href":"https:\/\/api.w.org\/{rel}","templated":true}]}}