{"id":5895,"date":"2012-09-03T21:07:36","date_gmt":"2012-09-04T00:07:36","guid":{"rendered":"http:\/\/ajupe.com.uy\/web\/?post_type=product&#038;p=5895"},"modified":"2012-09-03T21:07:36","modified_gmt":"2012-09-04T00:07:36","slug":"la-soledad-de-la-reina","status":"publish","type":"product","link":"https:\/\/ajupe.com.uy\/web\/biblioteca\/la-soledad-de-la-reina\/","title":{"rendered":"La soledad de la reina"},"content":{"rendered":"<p>Es este un libro \u00edntimo y valiente que traspasa la solemnidad de las  fotograf\u00edas oficiales y tambi\u00e9n las biograf\u00edas can\u00f3nicas, para llegar  por primera vez a ese territorio desconocido y misterioso que es el alma  de Sof\u00eda. Una mujer fr\u00eda por fuera, pero apasionada por dentro, con una  juventud atormentada y una larga madurez llena de momentos de felicidad  plena, pero tambi\u00e9n de grandes decepciones y sufrimientos. Una  biograf\u00eda llena de datos in\u00e9ditos y de personajes interesantes, que nos  muestran una reina de Espa\u00f1a que se ha ganado a pulso el lugar que ocupa  en la historia de Espa\u00f1a, pero cuya vida privada no le ha aportado la  felicidad que todo ser humano merece. \u00bfHa valido la pena? \u00bfEl precio ha  sido demasiado alto?<\/p>\n","protected":false},"excerpt":{"rendered":"<p>Es este un libro \u00edntimo y valiente que traspasa la solemnidad de las fotograf\u00edas oficiales y tambi\u00e9n las biograf\u00edas can\u00f3nicas, para llegar por primera vez a ese territorio desconocido y misterioso que es el alma de Sof\u00eda.<\/p>\n","protected":false},"featured_media":5896,"template":"","meta":[],"product_brand":[1171],"product_cat":[44],"product_tag":[],"class_list":{"0":"post-5895","1":"product","2":"type-product","3":"status-publish","4":"has-post-thumbnail","6":"product_brand-pilar-eyre","7":"product_cat-biografico","9":"first","10":"instock","11":"purchasable","12":"product-type-simple"},"featured_image_urls_v2":{"full":["https:\/\/ajupe.com.uy\/web\/wp-content\/uploads\/2016\/04\/p-5895-La_soledad_de_la_50451c189df46.jpg",241,363,false],"thumbnail":["https:\/\/ajupe.com.uy\/web\/wp-content\/uploads\/2016\/04\/p-5895-La_soledad_de_la_50451c189df46.jpg",150,150,true],"medium":["https:\/\/ajupe.com.uy\/web\/wp-content\/uploads\/2016\/04\/p-5895-La_soledad_de_la_50451c189df46.jpg",300,214,true],"medium_large":["https:\/\/ajupe.com.uy\/web\/wp-content\/uploads\/2016\/04\/p-5895-La_soledad_de_la_50451c189df46.jpg",241,363,false],"large":["https:\/\/ajupe.com.uy\/web\/wp-content\/uploads\/2016\/04\/p-5895-La_soledad_de_la_50451c189df46.jpg",241,363,false],"1536x1536":["https:\/\/ajupe.com.uy\/web\/wp-content\/uploads\/2016\/04\/p-5895-La_soledad_de_la_50451c189df46.jpg",241,363,false],"2048x2048":["https:\/\/ajupe.com.uy\/web\/wp-content\/uploads\/2016\/04\/p-5895-La_soledad_de_la_50451c189df46.jpg",241,363,false],"woocommerce_archive_thumbnail":["https:\/\/ajupe.com.uy\/web\/wp-content\/uploads\/2016\/04\/p-5895-La_soledad_de_la_50451c189df46-241x300.jpg",241,300,true],"woocommerce_thumbnail":["https:\/\/ajupe.com.uy\/web\/wp-content\/uploads\/2016\/04\/p-5895-La_soledad_de_la_50451c189df46-241x300.jpg",241,300,true],"woocommerce_single":["https:\/\/ajupe.com.uy\/web\/wp-content\/uploads\/2016\/04\/p-5895-La_soledad_de_la_50451c189df46.jpg",241,363,false],"woocommerce_gallery_thumbnail":["https:\/\/ajupe.com.uy\/web\/wp-content\/uploads\/2016\/04\/p-5895-La_soledad_de_la_50451c189df46-100x100.jpg",100,100,true]},"post_excerpt_stackable_v2":"<p>Es este un libro \u00edntimo y valiente que traspasa la solemnidad de las fotograf\u00edas oficiales y tambi\u00e9n las biograf\u00edas can\u00f3nicas, para llegar por primera vez a ese territorio desconocido y misterioso que es el alma de Sof\u00eda.<\/p>\n","category_list_v2":"","author_info_v2":{"name":"","url":""},"comments_num_v2":"0 comentarios","_links":{"self":[{"href":"https:\/\/ajupe.com.uy\/web\/wp-json\/wp\/v2\/product\/5895","targetHints":{"allow":["GET"]}}],"collection":[{"href":"https:\/\/ajupe.com.uy\/web\/wp-json\/wp\/v2\/product"}],"about":[{"href":"https:\/\/ajupe.com.uy\/web\/wp-json\/wp\/v2\/types\/product"}],"wp:featuredmedia":[{"embeddable":true,"href":"https:\/\/ajupe.com.uy\/web\/wp-json\/wp\/v2\/media\/5896"}],"wp:attachment":[{"href":"https:\/\/ajupe.com.uy\/web\/wp-json\/wp\/v2\/media?parent=5895"}],"wp:term":[{"taxonomy":"product_brand","embeddable":true,"href":"https:\/\/ajupe.com.uy\/web\/wp-json\/wp\/v2\/product_brand?post=5895"},{"taxonomy":"product_cat","embeddable":true,"href":"https:\/\/ajupe.com.uy\/web\/wp-json\/wp\/v2\/product_cat?post=5895"},{"taxonomy":"product_tag","embeddable":true,"href":"https:\/\/ajupe.com.uy\/web\/wp-json\/wp\/v2\/product_tag?post=5895"}],"curies":[{"name":"wp","href":"https:\/\/api.w.org\/{rel}","templated":true}]}}