{"id":5919,"date":"2012-09-12T20:55:27","date_gmt":"2012-09-12T23:55:27","guid":{"rendered":"http:\/\/ajupe.com.uy\/web\/?post_type=product&#038;p=5919"},"modified":"2012-09-12T20:55:27","modified_gmt":"2012-09-12T23:55:27","slug":"la-otra-cara-del-parlamento","status":"publish","type":"product","link":"https:\/\/ajupe.com.uy\/web\/biblioteca\/la-otra-cara-del-parlamento\/","title":{"rendered":"La otra cara del parlamento"},"content":{"rendered":"<p><strong><em>Que las escenas de pugilato y de intercambio de insultos m\u00e1s o menos soeces sean noticias destacadas cuando suceden en el recinto parlamentario est\u00e1 indicando que los medios de comunicaci\u00f3n y la sociedad no esperan ese comportamiento y, en general, lo consideran despreciable. Eso sucede porque el Parlamento tiene un aura institucional de respetabilidad e, incluso, cierto aire de solemnidad. Gonzalo Aguirre nos muestra una cara distinta: el ingenio, la agudeza mental, la iron\u00eda de algunos pol\u00edticos en an\u00e9cdotas que han transcurrido en ese recinto y, en algunos casos, fuera de \u00e9l. Reservando en general la identificaci\u00f3n de las v\u00edctimas de las filosas inteligencias que no resistieron apabullar la ignorancia o la mediocridad, repasa historias que tienen como protagonistas, entre otros, a Mart\u00edn Echegoyen, Emilio Frugoni, Aureliano y Eduardo Rodr\u00edguez Larreta, Enrique Tarigo, Alberto Abdala, Eduardo V\u00edctor Haedo. Naturalmente no pod\u00eda faltar la demoledora capacidad del siempre habilidoso Luis Alberto de Herrera, autor de las iron\u00edas m\u00e1s punzantes de la historia pol\u00edtica uruguaya e incre\u00edblemente chispeante a la hora de reprobar conductas. Libro que se lee con una sonrisa y alguna carcajada, pero tambi\u00e9n con algo de nostalgia por esas espadas brillantes de la dial\u00e9ctica pol\u00edtica.<\/em><\/strong><\/p>\n","protected":false},"excerpt":{"rendered":"<p>Que las escenas de pugilato y de intercambio de insultos m\u00e1s o menos soeces sean noticias destacadas cuando suceden en el recinto parlamentario est\u00e1 indicando que los medios de comunicaci\u00f3n y la sociedad no esperan ese comportamiento y, en general, lo con<\/p>\n","protected":false},"featured_media":5920,"template":"","meta":[],"product_brand":[1174],"product_cat":[45],"product_tag":[],"class_list":{"0":"post-5919","1":"product","2":"type-product","3":"status-publish","4":"has-post-thumbnail","6":"product_brand-gonzalo-aguirre","7":"product_cat-uruguayo","9":"first","10":"instock","11":"purchasable","12":"product-type-simple"},"featured_image_urls_v2":{"full":["https:\/\/ajupe.com.uy\/web\/wp-content\/uploads\/2016\/04\/p-5919-La_otra_cara_del_5050f6bfd6d97.jpg",233,321,false],"thumbnail":["https:\/\/ajupe.com.uy\/web\/wp-content\/uploads\/2016\/04\/p-5919-La_otra_cara_del_5050f6bfd6d97.jpg",150,150,true],"medium":["https:\/\/ajupe.com.uy\/web\/wp-content\/uploads\/2016\/04\/p-5919-La_otra_cara_del_5050f6bfd6d97.jpg",300,214,true],"medium_large":["https:\/\/ajupe.com.uy\/web\/wp-content\/uploads\/2016\/04\/p-5919-La_otra_cara_del_5050f6bfd6d97.jpg",233,321,false],"large":["https:\/\/ajupe.com.uy\/web\/wp-content\/uploads\/2016\/04\/p-5919-La_otra_cara_del_5050f6bfd6d97.jpg",233,321,false],"1536x1536":["https:\/\/ajupe.com.uy\/web\/wp-content\/uploads\/2016\/04\/p-5919-La_otra_cara_del_5050f6bfd6d97.jpg",233,321,false],"2048x2048":["https:\/\/ajupe.com.uy\/web\/wp-content\/uploads\/2016\/04\/p-5919-La_otra_cara_del_5050f6bfd6d97.jpg",233,321,false],"woocommerce_archive_thumbnail":["https:\/\/ajupe.com.uy\/web\/wp-content\/uploads\/2016\/04\/p-5919-La_otra_cara_del_5050f6bfd6d97-233x300.jpg",233,300,true],"woocommerce_thumbnail":["https:\/\/ajupe.com.uy\/web\/wp-content\/uploads\/2016\/04\/p-5919-La_otra_cara_del_5050f6bfd6d97-233x300.jpg",233,300,true],"woocommerce_single":["https:\/\/ajupe.com.uy\/web\/wp-content\/uploads\/2016\/04\/p-5919-La_otra_cara_del_5050f6bfd6d97.jpg",233,321,false],"woocommerce_gallery_thumbnail":["https:\/\/ajupe.com.uy\/web\/wp-content\/uploads\/2016\/04\/p-5919-La_otra_cara_del_5050f6bfd6d97-100x100.jpg",100,100,true]},"post_excerpt_stackable_v2":"<p>Que las escenas de pugilato y de intercambio de insultos m\u00e1s o menos soeces sean noticias destacadas cuando suceden en el recinto parlamentario est\u00e1 indicando que los medios de comunicaci\u00f3n y la sociedad no esperan ese comportamiento y, en general, lo con<\/p>\n","category_list_v2":"","author_info_v2":{"name":"","url":""},"comments_num_v2":"0 comentarios","_links":{"self":[{"href":"https:\/\/ajupe.com.uy\/web\/wp-json\/wp\/v2\/product\/5919","targetHints":{"allow":["GET"]}}],"collection":[{"href":"https:\/\/ajupe.com.uy\/web\/wp-json\/wp\/v2\/product"}],"about":[{"href":"https:\/\/ajupe.com.uy\/web\/wp-json\/wp\/v2\/types\/product"}],"wp:featuredmedia":[{"embeddable":true,"href":"https:\/\/ajupe.com.uy\/web\/wp-json\/wp\/v2\/media\/5920"}],"wp:attachment":[{"href":"https:\/\/ajupe.com.uy\/web\/wp-json\/wp\/v2\/media?parent=5919"}],"wp:term":[{"taxonomy":"product_brand","embeddable":true,"href":"https:\/\/ajupe.com.uy\/web\/wp-json\/wp\/v2\/product_brand?post=5919"},{"taxonomy":"product_cat","embeddable":true,"href":"https:\/\/ajupe.com.uy\/web\/wp-json\/wp\/v2\/product_cat?post=5919"},{"taxonomy":"product_tag","embeddable":true,"href":"https:\/\/ajupe.com.uy\/web\/wp-json\/wp\/v2\/product_tag?post=5919"}],"curies":[{"name":"wp","href":"https:\/\/api.w.org\/{rel}","templated":true}]}}