{"id":5928,"date":"2012-10-02T20:18:57","date_gmt":"2012-10-02T23:18:57","guid":{"rendered":"http:\/\/ajupe.com.uy\/web\/?post_type=product&#038;p=5928"},"modified":"2012-10-02T20:18:57","modified_gmt":"2012-10-02T23:18:57","slug":"la-pintora-de-la-reina","status":"publish","type":"product","link":"https:\/\/ajupe.com.uy\/web\/biblioteca\/la-pintora-de-la-reina\/","title":{"rendered":"La pintora de la reina"},"content":{"rendered":"<p><span> <\/span><span style=\"margin-top: 0px; margin-bottom: 0px;\">Disconforme  con los retratos que hasta entonces se hac\u00edan de ella, en 1779, Mar\u00eda  Antonieta, reina de Francia, convoc\u00f3 al palacio de Versalles a la joven  Elisabeth Vig\u00e9e Le Brun. La preced\u00eda una fama de artista talentosa e  iconoclasta, capaz de enfrentarse a las convenciones sociales y  est\u00e9ticas de su tiempo. El encuentro fue providencial y en la d\u00e9cada  siguiente Vig\u00e9e Le Brun fue la pintora favorita de Mar\u00eda Antonieta. Pero lejos est\u00e1 de haber sido apenas eso. Antes y despu\u00e9s, fue un  talento valorado en su pa\u00eds y en el extranjero. La aristocracia, ansiosa  de emular a la reina, hac\u00eda cola en su estudio y muchas de sus pinturas  han quedado como obras cumbres del siglo XVIII. Obligada a compaginar  su formaci\u00f3n art\u00edstica con el trabajo remunerado, debido a su prematura  orfandad, su momento de mayor \u00e9xito se vio inesperadamente truncado por  la Revoluci\u00f3n de 1789. Sin embargo, en un rasgo de car\u00e1cter que la  caracteriza muy bien, su pasi\u00f3n por la pintura la llev\u00f3 a Italia y  Rusia, donde no s\u00f3lo internacionaliz\u00f3 su prestigio, sino que lo  acrecent\u00f3. Genevi\u00e9ve Chauvel, una de las autoras m\u00e1s exitosas en el g\u00e9nero de la  novela hist\u00f3rica, ha reconstruido con minucia, colorido y pulso firme,  una vida apasionante que, al mismo tiempo, retrata con precisi\u00f3n un  momento cultural, las cortes dieciochescas, y las rencillas entre  artistas.<\/span><\/p>\n","protected":false},"excerpt":{"rendered":"<p>Disconforme con los retratos que hasta entonces se hac\u00edan de ella, en 1779, Mar\u00eda Antonieta, reina de Francia, convoc\u00f3 al palacio de Versalles a la joven Elisabeth Vig\u00e9e Le Brun. La preced\u00eda una fama de artista talentosa e iconoclasta, capaz de enfrentars<\/p>\n","protected":false},"featured_media":5929,"template":"","meta":[],"product_brand":[1176],"product_cat":[31,29],"product_tag":[],"class_list":{"0":"post-5928","1":"product","2":"type-product","3":"status-publish","4":"has-post-thumbnail","6":"product_brand-genevieve-chauvel","7":"product_cat-historico","8":"product_cat-novela","10":"first","11":"instock","12":"purchasable","13":"product-type-simple"},"featured_image_urls_v2":{"full":["https:\/\/ajupe.com.uy\/web\/wp-content\/uploads\/2016\/04\/p-5928-La_pintora_de_la_506b4c31b2a6a.jpg",211,327,false],"thumbnail":["https:\/\/ajupe.com.uy\/web\/wp-content\/uploads\/2016\/04\/p-5928-La_pintora_de_la_506b4c31b2a6a.jpg",150,150,true],"medium":["https:\/\/ajupe.com.uy\/web\/wp-content\/uploads\/2016\/04\/p-5928-La_pintora_de_la_506b4c31b2a6a.jpg",300,214,true],"medium_large":["https:\/\/ajupe.com.uy\/web\/wp-content\/uploads\/2016\/04\/p-5928-La_pintora_de_la_506b4c31b2a6a.jpg",211,327,false],"large":["https:\/\/ajupe.com.uy\/web\/wp-content\/uploads\/2016\/04\/p-5928-La_pintora_de_la_506b4c31b2a6a.jpg",211,327,false],"1536x1536":["https:\/\/ajupe.com.uy\/web\/wp-content\/uploads\/2016\/04\/p-5928-La_pintora_de_la_506b4c31b2a6a.jpg",211,327,false],"2048x2048":["https:\/\/ajupe.com.uy\/web\/wp-content\/uploads\/2016\/04\/p-5928-La_pintora_de_la_506b4c31b2a6a.jpg",211,327,false],"woocommerce_archive_thumbnail":["https:\/\/ajupe.com.uy\/web\/wp-content\/uploads\/2016\/04\/p-5928-La_pintora_de_la_506b4c31b2a6a-211x300.jpg",211,300,true],"woocommerce_thumbnail":["https:\/\/ajupe.com.uy\/web\/wp-content\/uploads\/2016\/04\/p-5928-La_pintora_de_la_506b4c31b2a6a-211x300.jpg",211,300,true],"woocommerce_single":["https:\/\/ajupe.com.uy\/web\/wp-content\/uploads\/2016\/04\/p-5928-La_pintora_de_la_506b4c31b2a6a.jpg",211,327,false],"woocommerce_gallery_thumbnail":["https:\/\/ajupe.com.uy\/web\/wp-content\/uploads\/2016\/04\/p-5928-La_pintora_de_la_506b4c31b2a6a-100x100.jpg",100,100,true]},"post_excerpt_stackable_v2":"<p>Disconforme con los retratos que hasta entonces se hac\u00edan de ella, en 1779, Mar\u00eda Antonieta, reina de Francia, convoc\u00f3 al palacio de Versalles a la joven Elisabeth Vig\u00e9e Le Brun. La preced\u00eda una fama de artista talentosa e iconoclasta, capaz de enfrentars<\/p>\n","category_list_v2":"","author_info_v2":{"name":"","url":""},"comments_num_v2":"0 comentarios","_links":{"self":[{"href":"https:\/\/ajupe.com.uy\/web\/wp-json\/wp\/v2\/product\/5928","targetHints":{"allow":["GET"]}}],"collection":[{"href":"https:\/\/ajupe.com.uy\/web\/wp-json\/wp\/v2\/product"}],"about":[{"href":"https:\/\/ajupe.com.uy\/web\/wp-json\/wp\/v2\/types\/product"}],"wp:featuredmedia":[{"embeddable":true,"href":"https:\/\/ajupe.com.uy\/web\/wp-json\/wp\/v2\/media\/5929"}],"wp:attachment":[{"href":"https:\/\/ajupe.com.uy\/web\/wp-json\/wp\/v2\/media?parent=5928"}],"wp:term":[{"taxonomy":"product_brand","embeddable":true,"href":"https:\/\/ajupe.com.uy\/web\/wp-json\/wp\/v2\/product_brand?post=5928"},{"taxonomy":"product_cat","embeddable":true,"href":"https:\/\/ajupe.com.uy\/web\/wp-json\/wp\/v2\/product_cat?post=5928"},{"taxonomy":"product_tag","embeddable":true,"href":"https:\/\/ajupe.com.uy\/web\/wp-json\/wp\/v2\/product_tag?post=5928"}],"curies":[{"name":"wp","href":"https:\/\/api.w.org\/{rel}","templated":true}]}}