{"id":5931,"date":"2012-10-22T17:24:15","date_gmt":"2012-10-22T20:24:15","guid":{"rendered":"http:\/\/ajupe.com.uy\/web\/?post_type=product&#038;p=5931"},"modified":"2012-10-22T17:25:20","modified_gmt":"2012-10-22T20:25:20","slug":"chico-de-ojos-azules","status":"publish","type":"product","link":"https:\/\/ajupe.com.uy\/web\/biblioteca\/chico-de-ojos-azules\/","title":{"rendered":"Chico de ojos azules"},"content":{"rendered":"<p>B.B. vive con su madre y no tiene amigos. Su mundo social est\u00e1 en  Internet, en un sitio llamado badsguyrock, donde se relaciona con  Albertina. All\u00ed con el nick de chicoojosazules, da a conocer todo lo que  escribe, relatos siniestros donde la ficci\u00f3n, lentamente, comienza a  confundirse con la realidad. Es que B.B tiene una historia que contar.  La suya propia. Una historia repleta de mentiras y rivalidades. El  pasado de un hombre que debi\u00f3 crecer, rodeado de silencio, en el centro  de una familia disfuncional y perturbada.<\/p>\n","protected":false},"excerpt":{"rendered":"<p>Una historia repleta de mentiras y rivalidades. El pasado de un hombre que debi\u00f3 crecer, rodeado de silencio, en el centro de una familia disfuncional y perturbada.<\/p>\n","protected":false},"featured_media":5932,"template":"","meta":[],"product_brand":[1177],"product_cat":[29],"product_tag":[],"class_list":{"0":"post-5931","1":"product","2":"type-product","3":"status-publish","4":"has-post-thumbnail","6":"product_brand-joanne-harris","7":"product_cat-novela","9":"first","10":"instock","11":"purchasable","12":"product-type-simple"},"featured_image_urls_v2":{"full":["https:\/\/ajupe.com.uy\/web\/wp-content\/uploads\/2016\/04\/p-5931-Chico_de_ojos_az_5085813f4791e.jpg",206,314,false],"thumbnail":["https:\/\/ajupe.com.uy\/web\/wp-content\/uploads\/2016\/04\/p-5931-Chico_de_ojos_az_5085813f4791e.jpg",150,150,true],"medium":["https:\/\/ajupe.com.uy\/web\/wp-content\/uploads\/2016\/04\/p-5931-Chico_de_ojos_az_5085813f4791e.jpg",300,214,true],"medium_large":["https:\/\/ajupe.com.uy\/web\/wp-content\/uploads\/2016\/04\/p-5931-Chico_de_ojos_az_5085813f4791e.jpg",206,314,false],"large":["https:\/\/ajupe.com.uy\/web\/wp-content\/uploads\/2016\/04\/p-5931-Chico_de_ojos_az_5085813f4791e.jpg",206,314,false],"1536x1536":["https:\/\/ajupe.com.uy\/web\/wp-content\/uploads\/2016\/04\/p-5931-Chico_de_ojos_az_5085813f4791e.jpg",206,314,false],"2048x2048":["https:\/\/ajupe.com.uy\/web\/wp-content\/uploads\/2016\/04\/p-5931-Chico_de_ojos_az_5085813f4791e.jpg",206,314,false],"woocommerce_archive_thumbnail":["https:\/\/ajupe.com.uy\/web\/wp-content\/uploads\/2016\/04\/p-5931-Chico_de_ojos_az_5085813f4791e-206x300.jpg",206,300,true],"woocommerce_thumbnail":["https:\/\/ajupe.com.uy\/web\/wp-content\/uploads\/2016\/04\/p-5931-Chico_de_ojos_az_5085813f4791e-206x300.jpg",206,300,true],"woocommerce_single":["https:\/\/ajupe.com.uy\/web\/wp-content\/uploads\/2016\/04\/p-5931-Chico_de_ojos_az_5085813f4791e.jpg",206,314,false],"woocommerce_gallery_thumbnail":["https:\/\/ajupe.com.uy\/web\/wp-content\/uploads\/2016\/04\/p-5931-Chico_de_ojos_az_5085813f4791e-100x100.jpg",100,100,true]},"post_excerpt_stackable_v2":"<p>Una historia repleta de mentiras y rivalidades. El pasado de un hombre que debi\u00f3 crecer, rodeado de silencio, en el centro de una familia disfuncional y perturbada.<\/p>\n","category_list_v2":"","author_info_v2":{"name":"","url":""},"comments_num_v2":"0 comentarios","_links":{"self":[{"href":"https:\/\/ajupe.com.uy\/web\/wp-json\/wp\/v2\/product\/5931","targetHints":{"allow":["GET"]}}],"collection":[{"href":"https:\/\/ajupe.com.uy\/web\/wp-json\/wp\/v2\/product"}],"about":[{"href":"https:\/\/ajupe.com.uy\/web\/wp-json\/wp\/v2\/types\/product"}],"wp:featuredmedia":[{"embeddable":true,"href":"https:\/\/ajupe.com.uy\/web\/wp-json\/wp\/v2\/media\/5932"}],"wp:attachment":[{"href":"https:\/\/ajupe.com.uy\/web\/wp-json\/wp\/v2\/media?parent=5931"}],"wp:term":[{"taxonomy":"product_brand","embeddable":true,"href":"https:\/\/ajupe.com.uy\/web\/wp-json\/wp\/v2\/product_brand?post=5931"},{"taxonomy":"product_cat","embeddable":true,"href":"https:\/\/ajupe.com.uy\/web\/wp-json\/wp\/v2\/product_cat?post=5931"},{"taxonomy":"product_tag","embeddable":true,"href":"https:\/\/ajupe.com.uy\/web\/wp-json\/wp\/v2\/product_tag?post=5931"}],"curies":[{"name":"wp","href":"https:\/\/api.w.org\/{rel}","templated":true}]}}