{"id":5937,"date":"2012-10-22T18:48:22","date_gmt":"2012-10-22T21:48:22","guid":{"rendered":"http:\/\/ajupe.com.uy\/web\/?post_type=product&#038;p=5937"},"modified":"2012-11-19T20:45:56","modified_gmt":"2012-11-19T23:45:56","slug":"el-invierno-del-mundo","status":"publish","type":"product","link":"https:\/\/ajupe.com.uy\/web\/biblioteca\/el-invierno-del-mundo\/","title":{"rendered":"El invierno del mundo"},"content":{"rendered":"<p>En el a\u00f1o 1933, Berl\u00edn es un foco de agitaci\u00f3n pol\u00edtica y social. Lady  Maud, ahora la esposa de Walter von Ulrich y madre de dos hijos, publica  art\u00edculos en una revista semanal que ridiculizan al partido nazi  mientras su marido manifiesta su oposici\u00f3n en el gobierno. Sin embargo,  parece que nada podr\u00e1 frenar el poder ascendente del canciller Adolf  Hitler. Cuando Maud recibe la visita de Ethel Williams y su hijo Lloyd,  todos ser\u00e1n testigos de la tiran\u00eda y la represi\u00f3n de la nueva  Alemania.El reino del Tercer Reich se extender\u00e1 hasta Francia y m\u00e1s all\u00e1  de la frontera rusa. Mientras, en Inglaterra, Lloyd Williams, activista  pol\u00edtico como su madre, luchar\u00e1 en el ej\u00e9rcito brit\u00e1nico para intentar  frenar dicho avance, antes de alistarse en las brigadas internacionales  de la guerra civil espa\u00f1ola, donde participar\u00e1 en la ofensiva de  Zaragoza y la batalla de Belchite.Ty Gwyn, la mansi\u00f3n familiar de los  Fitzherbert en Pa\u00eds de Gales, se convertir\u00e1 en acantonamiento para  oficiales, y durante su estancia, Lloyd se sentir\u00e1 atra\u00eddo por la mujer  de Boy Fitzherbert, la rica heredera americana Daisy Peshkov.En esta  magn\u00edfica novela \u00e9pica, Ken Follett transportar\u00e1 al lector a trav\u00e9s de  una Europa en ruinas, quebrada de nuevo por las guerras y los conflictos  ideol\u00f3gicos. Los hijos de las cinco familias, protagonistas de La ca\u00edda  de los gigantes, forjar\u00e1n su destino en los a\u00f1os turbulentos de la  Segunda Guerra Mundial, la guerra civil espa\u00f1ola, el bombardeo de Pearl  Harbor y la era de las bombas at\u00f3micas americanas y sovi\u00e9ticas.<\/p>\n","protected":false},"excerpt":{"rendered":"<p>Ken Follett contin\u00faa la apasionante historia de las cinco familias europeas que nos cautivaron con La ca\u00edda de los gigantes. En esta ocasi\u00f3n, son los hijos de los protagonistas de la entrega anterior.<\/p>\n","protected":false},"featured_media":5938,"template":"","meta":[],"product_brand":[56],"product_cat":[29],"product_tag":[],"class_list":{"0":"post-5937","1":"product","2":"type-product","3":"status-publish","4":"has-post-thumbnail","6":"product_brand-ken-follett","7":"product_cat-novela","9":"first","10":"instock","11":"purchasable","12":"product-type-simple"},"featured_image_urls_v2":{"full":["https:\/\/ajupe.com.uy\/web\/wp-content\/uploads\/2016\/04\/p-5937-El_invierno_del__508594f6e6294.jpg",224,337,false],"thumbnail":["https:\/\/ajupe.com.uy\/web\/wp-content\/uploads\/2016\/04\/p-5937-El_invierno_del__508594f6e6294.jpg",150,150,true],"medium":["https:\/\/ajupe.com.uy\/web\/wp-content\/uploads\/2016\/04\/p-5937-El_invierno_del__508594f6e6294.jpg",300,214,true],"medium_large":["https:\/\/ajupe.com.uy\/web\/wp-content\/uploads\/2016\/04\/p-5937-El_invierno_del__508594f6e6294.jpg",224,337,false],"large":["https:\/\/ajupe.com.uy\/web\/wp-content\/uploads\/2016\/04\/p-5937-El_invierno_del__508594f6e6294.jpg",224,337,false],"1536x1536":["https:\/\/ajupe.com.uy\/web\/wp-content\/uploads\/2016\/04\/p-5937-El_invierno_del__508594f6e6294.jpg",224,337,false],"2048x2048":["https:\/\/ajupe.com.uy\/web\/wp-content\/uploads\/2016\/04\/p-5937-El_invierno_del__508594f6e6294.jpg",224,337,false],"woocommerce_archive_thumbnail":["https:\/\/ajupe.com.uy\/web\/wp-content\/uploads\/2016\/04\/p-5937-El_invierno_del__508594f6e6294-224x300.jpg",224,300,true],"woocommerce_thumbnail":["https:\/\/ajupe.com.uy\/web\/wp-content\/uploads\/2016\/04\/p-5937-El_invierno_del__508594f6e6294-224x300.jpg",224,300,true],"woocommerce_single":["https:\/\/ajupe.com.uy\/web\/wp-content\/uploads\/2016\/04\/p-5937-El_invierno_del__508594f6e6294.jpg",224,337,false],"woocommerce_gallery_thumbnail":["https:\/\/ajupe.com.uy\/web\/wp-content\/uploads\/2016\/04\/p-5937-El_invierno_del__508594f6e6294-100x100.jpg",100,100,true]},"post_excerpt_stackable_v2":"<p>Ken Follett contin\u00faa la apasionante historia de las cinco familias europeas que nos cautivaron con La ca\u00edda de los gigantes. En esta ocasi\u00f3n, son los hijos de los protagonistas de la entrega anterior.<\/p>\n","category_list_v2":"","author_info_v2":{"name":"","url":""},"comments_num_v2":"0 comentarios","_links":{"self":[{"href":"https:\/\/ajupe.com.uy\/web\/wp-json\/wp\/v2\/product\/5937","targetHints":{"allow":["GET"]}}],"collection":[{"href":"https:\/\/ajupe.com.uy\/web\/wp-json\/wp\/v2\/product"}],"about":[{"href":"https:\/\/ajupe.com.uy\/web\/wp-json\/wp\/v2\/types\/product"}],"wp:featuredmedia":[{"embeddable":true,"href":"https:\/\/ajupe.com.uy\/web\/wp-json\/wp\/v2\/media\/5938"}],"wp:attachment":[{"href":"https:\/\/ajupe.com.uy\/web\/wp-json\/wp\/v2\/media?parent=5937"}],"wp:term":[{"taxonomy":"product_brand","embeddable":true,"href":"https:\/\/ajupe.com.uy\/web\/wp-json\/wp\/v2\/product_brand?post=5937"},{"taxonomy":"product_cat","embeddable":true,"href":"https:\/\/ajupe.com.uy\/web\/wp-json\/wp\/v2\/product_cat?post=5937"},{"taxonomy":"product_tag","embeddable":true,"href":"https:\/\/ajupe.com.uy\/web\/wp-json\/wp\/v2\/product_tag?post=5937"}],"curies":[{"name":"wp","href":"https:\/\/api.w.org\/{rel}","templated":true}]}}