{"id":5940,"date":"2012-10-22T18:56:40","date_gmt":"2012-10-22T21:56:40","guid":{"rendered":"http:\/\/ajupe.com.uy\/web\/?post_type=product&#038;p=5940"},"modified":"2012-10-22T18:56:40","modified_gmt":"2012-10-22T21:56:40","slug":"el-padre-de-gerdel","status":"publish","type":"product","link":"https:\/\/ajupe.com.uy\/web\/biblioteca\/el-padre-de-gerdel\/","title":{"rendered":"El padre de Gerdel"},"content":{"rendered":"<p>En el libro <em>El padre de Gardel<\/em> reflejan una investigaci\u00f3n que  dur\u00f3 10 a\u00f1os, en la cual dieron con la partida de nacimiento de Charles  Romuald Gardes, nombre real de Carlos Gardel e hijo de la francesa  Berthe Gardes, que habr\u00eda partido hacia Argentina luego de ser expulsada  por la familia por su embarazo indeseado.<\/p>\n<p>Sin embargo, esta prueba, el punto de partida para la investigaci\u00f3n, no resulta noticia para algunos expertos en la materia. <\/p>\n<p>La  diferencia de opiniones est\u00e1 en las dos teor\u00edas sobre el origen de  Gardel que prevalecen en las diferentes m\u00e1rgenes del R\u00edo de la Plata.<\/p>\n","protected":false},"excerpt":{"rendered":"<p>En su libro El padre de Gardel reflejan una investigaci\u00f3n que dur\u00f3 10 a\u00f1os, en la cual dieron con la partida de nacimiento de Charles Romuald Gardes, nombre real de Carlos Gardel.<\/p>\n","protected":false},"featured_media":5941,"template":"","meta":[],"product_brand":[1178],"product_cat":[44],"product_tag":[],"class_list":{"0":"post-5940","1":"product","2":"type-product","3":"status-publish","4":"has-post-thumbnail","6":"product_brand-galopa-ruffie-esteban","7":"product_cat-biografico","9":"first","10":"instock","11":"purchasable","12":"product-type-simple"},"featured_image_urls_v2":{"full":["https:\/\/ajupe.com.uy\/web\/wp-content\/uploads\/2016\/04\/p-5940-El_padre_de_Gerd_508596e888113.jpg",220,325,false],"thumbnail":["https:\/\/ajupe.com.uy\/web\/wp-content\/uploads\/2016\/04\/p-5940-El_padre_de_Gerd_508596e888113.jpg",150,150,true],"medium":["https:\/\/ajupe.com.uy\/web\/wp-content\/uploads\/2016\/04\/p-5940-El_padre_de_Gerd_508596e888113.jpg",300,214,true],"medium_large":["https:\/\/ajupe.com.uy\/web\/wp-content\/uploads\/2016\/04\/p-5940-El_padre_de_Gerd_508596e888113.jpg",220,325,false],"large":["https:\/\/ajupe.com.uy\/web\/wp-content\/uploads\/2016\/04\/p-5940-El_padre_de_Gerd_508596e888113.jpg",220,325,false],"1536x1536":["https:\/\/ajupe.com.uy\/web\/wp-content\/uploads\/2016\/04\/p-5940-El_padre_de_Gerd_508596e888113.jpg",220,325,false],"2048x2048":["https:\/\/ajupe.com.uy\/web\/wp-content\/uploads\/2016\/04\/p-5940-El_padre_de_Gerd_508596e888113.jpg",220,325,false],"woocommerce_archive_thumbnail":["https:\/\/ajupe.com.uy\/web\/wp-content\/uploads\/2016\/04\/p-5940-El_padre_de_Gerd_508596e888113-220x300.jpg",220,300,true],"woocommerce_thumbnail":["https:\/\/ajupe.com.uy\/web\/wp-content\/uploads\/2016\/04\/p-5940-El_padre_de_Gerd_508596e888113-220x300.jpg",220,300,true],"woocommerce_single":["https:\/\/ajupe.com.uy\/web\/wp-content\/uploads\/2016\/04\/p-5940-El_padre_de_Gerd_508596e888113.jpg",220,325,false],"woocommerce_gallery_thumbnail":["https:\/\/ajupe.com.uy\/web\/wp-content\/uploads\/2016\/04\/p-5940-El_padre_de_Gerd_508596e888113-100x100.jpg",100,100,true]},"post_excerpt_stackable_v2":"<p>En su libro El padre de Gardel reflejan una investigaci\u00f3n que dur\u00f3 10 a\u00f1os, en la cual dieron con la partida de nacimiento de Charles Romuald Gardes, nombre real de Carlos Gardel.<\/p>\n","category_list_v2":"","author_info_v2":{"name":"","url":""},"comments_num_v2":"0 comentarios","_links":{"self":[{"href":"https:\/\/ajupe.com.uy\/web\/wp-json\/wp\/v2\/product\/5940","targetHints":{"allow":["GET"]}}],"collection":[{"href":"https:\/\/ajupe.com.uy\/web\/wp-json\/wp\/v2\/product"}],"about":[{"href":"https:\/\/ajupe.com.uy\/web\/wp-json\/wp\/v2\/types\/product"}],"wp:featuredmedia":[{"embeddable":true,"href":"https:\/\/ajupe.com.uy\/web\/wp-json\/wp\/v2\/media\/5941"}],"wp:attachment":[{"href":"https:\/\/ajupe.com.uy\/web\/wp-json\/wp\/v2\/media?parent=5940"}],"wp:term":[{"taxonomy":"product_brand","embeddable":true,"href":"https:\/\/ajupe.com.uy\/web\/wp-json\/wp\/v2\/product_brand?post=5940"},{"taxonomy":"product_cat","embeddable":true,"href":"https:\/\/ajupe.com.uy\/web\/wp-json\/wp\/v2\/product_cat?post=5940"},{"taxonomy":"product_tag","embeddable":true,"href":"https:\/\/ajupe.com.uy\/web\/wp-json\/wp\/v2\/product_tag?post=5940"}],"curies":[{"name":"wp","href":"https:\/\/api.w.org\/{rel}","templated":true}]}}