{"id":5949,"date":"2012-10-22T19:48:53","date_gmt":"2012-10-22T22:48:53","guid":{"rendered":"http:\/\/ajupe.com.uy\/web\/?post_type=product&#038;p=5949"},"modified":"2012-10-22T19:48:53","modified_gmt":"2012-10-22T22:48:53","slug":"nieve-en-otono","status":"publish","type":"product","link":"https:\/\/ajupe.com.uy\/web\/biblioteca\/nieve-en-otono\/","title":{"rendered":"Nieve en oto\u00f1o"},"content":{"rendered":"<p>La anciana Tatiana Ivanovna ha dedicado toda su vida a servir a sus  se\u00f1ores, los Karin, a quienes ha visto nacer y crecer en la mansi\u00f3n de  Sujarevo, en las inmediaciones de Mosc\u00fa. Cuando la familia se ve  obligada a huir por la Revoluci\u00f3n de Octubre, la fiel criada termina por  reunirse con ellos en Par\u00eds, donde, a pesar de que los Karin han  perdido su posici\u00f3n social y su fortuna, contin\u00faa a su servicio en el  modesto apartamento en que residen. Supervivientes de un mundo perdido,  los Karin y su sirvienta necesitar\u00e1n olvidar para salir adelante, pero  la vieja Tatiana nunca deja de so\u00f1ar con su tierra natal, ni de sufrir  para adaptarse a la vida en un lugar donde las primeras nieves no llegan  hasta pasado el oto\u00f1o.<\/p>\n","protected":false},"excerpt":{"rendered":"<p>En este breve relato sobre el exilio y la nostalgia, N\u00e9mirovsky exhibe una vez m\u00e1s el don de aproximar sus personajes a los lectores y de evocar situaciones como si la frontera entre lo real y lo imaginario no existiese.<\/p>\n","protected":false},"featured_media":5950,"template":"","meta":[],"product_brand":[530],"product_cat":[29],"product_tag":[],"class_list":{"0":"post-5949","1":"product","2":"type-product","3":"status-publish","4":"has-post-thumbnail","6":"product_brand-irene-nemirovsky","7":"product_cat-novela","9":"first","10":"instock","11":"purchasable","12":"product-type-simple"},"featured_image_urls_v2":{"full":["https:\/\/ajupe.com.uy\/web\/wp-content\/uploads\/2016\/04\/p-5949-Nieve_en_oto__o_5085a3255765f.jpg",179,282,false],"thumbnail":["https:\/\/ajupe.com.uy\/web\/wp-content\/uploads\/2016\/04\/p-5949-Nieve_en_oto__o_5085a3255765f.jpg",150,150,true],"medium":["https:\/\/ajupe.com.uy\/web\/wp-content\/uploads\/2016\/04\/p-5949-Nieve_en_oto__o_5085a3255765f.jpg",300,214,true],"medium_large":["https:\/\/ajupe.com.uy\/web\/wp-content\/uploads\/2016\/04\/p-5949-Nieve_en_oto__o_5085a3255765f.jpg",179,282,false],"large":["https:\/\/ajupe.com.uy\/web\/wp-content\/uploads\/2016\/04\/p-5949-Nieve_en_oto__o_5085a3255765f.jpg",179,282,false],"1536x1536":["https:\/\/ajupe.com.uy\/web\/wp-content\/uploads\/2016\/04\/p-5949-Nieve_en_oto__o_5085a3255765f.jpg",179,282,false],"2048x2048":["https:\/\/ajupe.com.uy\/web\/wp-content\/uploads\/2016\/04\/p-5949-Nieve_en_oto__o_5085a3255765f.jpg",179,282,false],"woocommerce_archive_thumbnail":["https:\/\/ajupe.com.uy\/web\/wp-content\/uploads\/2016\/04\/p-5949-Nieve_en_oto__o_5085a3255765f.jpg",179,282,false],"woocommerce_thumbnail":["https:\/\/ajupe.com.uy\/web\/wp-content\/uploads\/2016\/04\/p-5949-Nieve_en_oto__o_5085a3255765f.jpg",179,282,false],"woocommerce_single":["https:\/\/ajupe.com.uy\/web\/wp-content\/uploads\/2016\/04\/p-5949-Nieve_en_oto__o_5085a3255765f.jpg",179,282,false],"woocommerce_gallery_thumbnail":["https:\/\/ajupe.com.uy\/web\/wp-content\/uploads\/2016\/04\/p-5949-Nieve_en_oto__o_5085a3255765f-100x100.jpg",100,100,true]},"post_excerpt_stackable_v2":"<p>En este breve relato sobre el exilio y la nostalgia, N\u00e9mirovsky exhibe una vez m\u00e1s el don de aproximar sus personajes a los lectores y de evocar situaciones como si la frontera entre lo real y lo imaginario no existiese.<\/p>\n","category_list_v2":"","author_info_v2":{"name":"","url":""},"comments_num_v2":"0 comentarios","_links":{"self":[{"href":"https:\/\/ajupe.com.uy\/web\/wp-json\/wp\/v2\/product\/5949","targetHints":{"allow":["GET"]}}],"collection":[{"href":"https:\/\/ajupe.com.uy\/web\/wp-json\/wp\/v2\/product"}],"about":[{"href":"https:\/\/ajupe.com.uy\/web\/wp-json\/wp\/v2\/types\/product"}],"wp:featuredmedia":[{"embeddable":true,"href":"https:\/\/ajupe.com.uy\/web\/wp-json\/wp\/v2\/media\/5950"}],"wp:attachment":[{"href":"https:\/\/ajupe.com.uy\/web\/wp-json\/wp\/v2\/media?parent=5949"}],"wp:term":[{"taxonomy":"product_brand","embeddable":true,"href":"https:\/\/ajupe.com.uy\/web\/wp-json\/wp\/v2\/product_brand?post=5949"},{"taxonomy":"product_cat","embeddable":true,"href":"https:\/\/ajupe.com.uy\/web\/wp-json\/wp\/v2\/product_cat?post=5949"},{"taxonomy":"product_tag","embeddable":true,"href":"https:\/\/ajupe.com.uy\/web\/wp-json\/wp\/v2\/product_tag?post=5949"}],"curies":[{"name":"wp","href":"https:\/\/api.w.org\/{rel}","templated":true}]}}