{"id":5958,"date":"2012-10-22T20:36:43","date_gmt":"2012-10-22T23:36:43","guid":{"rendered":"http:\/\/ajupe.com.uy\/web\/?post_type=product&#038;p=5958"},"modified":"2012-10-22T20:36:43","modified_gmt":"2012-10-22T23:36:43","slug":"caballo-de-fuego-gaza","status":"publish","type":"product","link":"https:\/\/ajupe.com.uy\/web\/biblioteca\/caballo-de-fuego-gaza\/","title":{"rendered":"Caballo de fuego GAZA"},"content":{"rendered":"<p>\u00ab\u00c9l es un se\u00f1or de la guerra. Ella, una luchadora por la paz.\u00bb Matilde y  Eliah han vuelto a separarse. En el Congo, sus esperanzas de una vida  juntos se desvanecieron al ritmo de los celos, las circunstancias  hostiles y las bajezas. Matilde, cirujana pedi\u00e1trica, se refugia en su  pasi\u00f3n: el trabajo humanitario que lleva a cabo para la organizaci\u00f3n  Manos Que Curan. Su nuevo destino es la Franja de Gaza, el territorio  m\u00e1s densamente poblado del mundo, donde la consigna diaria es  sobrevivir. Eliah Al-Saud se impone olvidar a Matilde y acabar con la  obsesi\u00f3n que lo ata a ella. En Bagdad, por su parte, Saddam Hussein da  los \u00faltimos retoques para alcanzar su sue\u00f1o: convertir a Irak en una  potencia nuclear. Y en esta carrera diab\u00f3lica, Matilde y Eliah se  convertir\u00e1n en piezas clave, debiendo emplearse a fondo no s\u00f3lo para  evitar una cat\u00e1strofe mundial sino tambi\u00e9n para salvar la propia vida. A  un ritmo fren\u00e9tico y con giros inesperados, Florencia Bonelli pone fin a  su exitosa trilog\u00eda Caballo de fuego, una apasionante historia donde el  esp\u00edritu humano trata de imponerse en un mundo presa de la violencia y  el terrorismo, aunque tambi\u00e9n lleno de bondad y solidaridad.<\/p>\n","protected":false},"excerpt":{"rendered":"<p>\u00ab\u00c9l es un se\u00f1or de la guerra. Ella, una luchadora por la paz.\u00bb Matilde y Eliah han vuelto a separarse. En el Congo, sus esperanzas de una vida juntos se desvanecieron al ritmo de los celos, las circunstancias hostiles y las bajezas.<\/p>\n","protected":false},"featured_media":5959,"template":"","meta":[],"product_brand":[1180],"product_cat":[29],"product_tag":[],"class_list":{"0":"post-5958","1":"product","2":"type-product","3":"status-publish","4":"has-post-thumbnail","6":"product_brand-florencai-bonelli","7":"product_cat-novela","9":"first","10":"instock","11":"purchasable","12":"product-type-simple"},"featured_image_urls_v2":{"full":["https:\/\/ajupe.com.uy\/web\/wp-content\/uploads\/2016\/04\/p-5958-Caballo_de_fuego_5085ae5bbf4c6.jpg",220,349,false],"thumbnail":["https:\/\/ajupe.com.uy\/web\/wp-content\/uploads\/2016\/04\/p-5958-Caballo_de_fuego_5085ae5bbf4c6.jpg",150,150,true],"medium":["https:\/\/ajupe.com.uy\/web\/wp-content\/uploads\/2016\/04\/p-5958-Caballo_de_fuego_5085ae5bbf4c6.jpg",300,214,true],"medium_large":["https:\/\/ajupe.com.uy\/web\/wp-content\/uploads\/2016\/04\/p-5958-Caballo_de_fuego_5085ae5bbf4c6.jpg",220,349,false],"large":["https:\/\/ajupe.com.uy\/web\/wp-content\/uploads\/2016\/04\/p-5958-Caballo_de_fuego_5085ae5bbf4c6.jpg",220,349,false],"1536x1536":["https:\/\/ajupe.com.uy\/web\/wp-content\/uploads\/2016\/04\/p-5958-Caballo_de_fuego_5085ae5bbf4c6.jpg",220,349,false],"2048x2048":["https:\/\/ajupe.com.uy\/web\/wp-content\/uploads\/2016\/04\/p-5958-Caballo_de_fuego_5085ae5bbf4c6.jpg",220,349,false],"woocommerce_archive_thumbnail":["https:\/\/ajupe.com.uy\/web\/wp-content\/uploads\/2016\/04\/p-5958-Caballo_de_fuego_5085ae5bbf4c6-220x300.jpg",220,300,true],"woocommerce_thumbnail":["https:\/\/ajupe.com.uy\/web\/wp-content\/uploads\/2016\/04\/p-5958-Caballo_de_fuego_5085ae5bbf4c6-220x300.jpg",220,300,true],"woocommerce_single":["https:\/\/ajupe.com.uy\/web\/wp-content\/uploads\/2016\/04\/p-5958-Caballo_de_fuego_5085ae5bbf4c6.jpg",220,349,false],"woocommerce_gallery_thumbnail":["https:\/\/ajupe.com.uy\/web\/wp-content\/uploads\/2016\/04\/p-5958-Caballo_de_fuego_5085ae5bbf4c6-100x100.jpg",100,100,true]},"post_excerpt_stackable_v2":"<p>\u00ab\u00c9l es un se\u00f1or de la guerra. Ella, una luchadora por la paz.\u00bb Matilde y Eliah han vuelto a separarse. En el Congo, sus esperanzas de una vida juntos se desvanecieron al ritmo de los celos, las circunstancias hostiles y las bajezas.<\/p>\n","category_list_v2":"","author_info_v2":{"name":"","url":""},"comments_num_v2":"0 comentarios","_links":{"self":[{"href":"https:\/\/ajupe.com.uy\/web\/wp-json\/wp\/v2\/product\/5958","targetHints":{"allow":["GET"]}}],"collection":[{"href":"https:\/\/ajupe.com.uy\/web\/wp-json\/wp\/v2\/product"}],"about":[{"href":"https:\/\/ajupe.com.uy\/web\/wp-json\/wp\/v2\/types\/product"}],"wp:featuredmedia":[{"embeddable":true,"href":"https:\/\/ajupe.com.uy\/web\/wp-json\/wp\/v2\/media\/5959"}],"wp:attachment":[{"href":"https:\/\/ajupe.com.uy\/web\/wp-json\/wp\/v2\/media?parent=5958"}],"wp:term":[{"taxonomy":"product_brand","embeddable":true,"href":"https:\/\/ajupe.com.uy\/web\/wp-json\/wp\/v2\/product_brand?post=5958"},{"taxonomy":"product_cat","embeddable":true,"href":"https:\/\/ajupe.com.uy\/web\/wp-json\/wp\/v2\/product_cat?post=5958"},{"taxonomy":"product_tag","embeddable":true,"href":"https:\/\/ajupe.com.uy\/web\/wp-json\/wp\/v2\/product_tag?post=5958"}],"curies":[{"name":"wp","href":"https:\/\/api.w.org\/{rel}","templated":true}]}}