{"id":5967,"date":"2012-11-01T18:40:57","date_gmt":"2012-11-01T21:40:57","guid":{"rendered":"http:\/\/ajupe.com.uy\/web\/?post_type=product&#038;p=5967"},"modified":"2012-11-01T18:40:57","modified_gmt":"2012-11-01T21:40:57","slug":"viajes-por-el-scriptorium","status":"publish","type":"product","link":"https:\/\/ajupe.com.uy\/web\/biblioteca\/viajes-por-el-scriptorium\/","title":{"rendered":"Viajes por el Scriptorium"},"content":{"rendered":"<p>Un hombre mayor est\u00e1 encerrado en una habitaci\u00f3n. No recuerda qui\u00e9n es.  Sobre el escritorio ve una pila de papeles cuya importancia no es capaz  de descifrar. Ignora que le vigilan: lo que leemos es el informe de los  movimientos de este amn\u00e9sico al que llaman Mr. Blank y de las visitas  que ir\u00e1 recibiendo. Una serie de personajes relacionados con su pasado  pretenden ajustar cuentas con \u00e9l. Otros le muestran su gratitud, como la  mujer que le cuida, Anna (a quien est\u00e1 unido pese a haberle hecho algo  terrible que no logra recordar). Cada visita proporcionar\u00e1 nuevas pistas  sobre la identidad y el pasado de Mr. Blank. \u00bfQui\u00e9n es realmente Mr.  Blank? \u00bfCu\u00e1l es su relaci\u00f3n con esos personajes que lo tienen encerrado?  \u00bfDe qu\u00e9 lo acusan? Uno de los manuscritos que hay entre los papeles del  escritorio encierra la clave de su situaci\u00f3n actual.<\/p>\n","protected":false},"excerpt":{"rendered":"<p>Viajes por el Scriptorium es, en definitiva, una enigm\u00e1tica y fascinante reflexi\u00f3n puramente austeriana sobre las inexplicables relaciones entre lenguaje, memoria e identidad.<\/p>\n","protected":false},"featured_media":5968,"template":"","meta":[],"product_brand":[988],"product_cat":[29],"product_tag":[],"class_list":{"0":"post-5967","1":"product","2":"type-product","3":"status-publish","4":"has-post-thumbnail","6":"product_brand-paul-auster","7":"product_cat-novela","9":"first","10":"instock","11":"purchasable","12":"product-type-simple"},"featured_image_urls_v2":{"full":["https:\/\/ajupe.com.uy\/web\/wp-content\/uploads\/2016\/04\/p-5967-Viajes_por_el_Sc_5092c23955da2.jpg",205,320,false],"thumbnail":["https:\/\/ajupe.com.uy\/web\/wp-content\/uploads\/2016\/04\/p-5967-Viajes_por_el_Sc_5092c23955da2.jpg",150,150,true],"medium":["https:\/\/ajupe.com.uy\/web\/wp-content\/uploads\/2016\/04\/p-5967-Viajes_por_el_Sc_5092c23955da2.jpg",300,214,true],"medium_large":["https:\/\/ajupe.com.uy\/web\/wp-content\/uploads\/2016\/04\/p-5967-Viajes_por_el_Sc_5092c23955da2.jpg",205,320,false],"large":["https:\/\/ajupe.com.uy\/web\/wp-content\/uploads\/2016\/04\/p-5967-Viajes_por_el_Sc_5092c23955da2.jpg",205,320,false],"1536x1536":["https:\/\/ajupe.com.uy\/web\/wp-content\/uploads\/2016\/04\/p-5967-Viajes_por_el_Sc_5092c23955da2.jpg",205,320,false],"2048x2048":["https:\/\/ajupe.com.uy\/web\/wp-content\/uploads\/2016\/04\/p-5967-Viajes_por_el_Sc_5092c23955da2.jpg",205,320,false],"woocommerce_archive_thumbnail":["https:\/\/ajupe.com.uy\/web\/wp-content\/uploads\/2016\/04\/p-5967-Viajes_por_el_Sc_5092c23955da2-205x300.jpg",205,300,true],"woocommerce_thumbnail":["https:\/\/ajupe.com.uy\/web\/wp-content\/uploads\/2016\/04\/p-5967-Viajes_por_el_Sc_5092c23955da2-205x300.jpg",205,300,true],"woocommerce_single":["https:\/\/ajupe.com.uy\/web\/wp-content\/uploads\/2016\/04\/p-5967-Viajes_por_el_Sc_5092c23955da2.jpg",205,320,false],"woocommerce_gallery_thumbnail":["https:\/\/ajupe.com.uy\/web\/wp-content\/uploads\/2016\/04\/p-5967-Viajes_por_el_Sc_5092c23955da2-100x100.jpg",100,100,true]},"post_excerpt_stackable_v2":"<p>Viajes por el Scriptorium es, en definitiva, una enigm\u00e1tica y fascinante reflexi\u00f3n puramente austeriana sobre las inexplicables relaciones entre lenguaje, memoria e identidad.<\/p>\n","category_list_v2":"","author_info_v2":{"name":"","url":""},"comments_num_v2":"0 comentarios","_links":{"self":[{"href":"https:\/\/ajupe.com.uy\/web\/wp-json\/wp\/v2\/product\/5967","targetHints":{"allow":["GET"]}}],"collection":[{"href":"https:\/\/ajupe.com.uy\/web\/wp-json\/wp\/v2\/product"}],"about":[{"href":"https:\/\/ajupe.com.uy\/web\/wp-json\/wp\/v2\/types\/product"}],"wp:featuredmedia":[{"embeddable":true,"href":"https:\/\/ajupe.com.uy\/web\/wp-json\/wp\/v2\/media\/5968"}],"wp:attachment":[{"href":"https:\/\/ajupe.com.uy\/web\/wp-json\/wp\/v2\/media?parent=5967"}],"wp:term":[{"taxonomy":"product_brand","embeddable":true,"href":"https:\/\/ajupe.com.uy\/web\/wp-json\/wp\/v2\/product_brand?post=5967"},{"taxonomy":"product_cat","embeddable":true,"href":"https:\/\/ajupe.com.uy\/web\/wp-json\/wp\/v2\/product_cat?post=5967"},{"taxonomy":"product_tag","embeddable":true,"href":"https:\/\/ajupe.com.uy\/web\/wp-json\/wp\/v2\/product_tag?post=5967"}],"curies":[{"name":"wp","href":"https:\/\/api.w.org\/{rel}","templated":true}]}}