{"id":5982,"date":"2012-11-16T15:38:35","date_gmt":"2012-11-16T18:38:35","guid":{"rendered":"http:\/\/ajupe.com.uy\/web\/?post_type=product&#038;p=5982"},"modified":"2012-11-16T15:38:35","modified_gmt":"2012-11-16T18:38:35","slug":"el-escuestro","status":"publish","type":"product","link":"https:\/\/ajupe.com.uy\/web\/biblioteca\/el-escuestro\/","title":{"rendered":"El escuestro"},"content":{"rendered":"<p>Huyendo de un robo a mano armada, tres delincuentes se refugian en una  casa de una zona residencial de Los \u00c1ngeles, reteniendo como rehenes a  un hombre y sus dos hijos. La situaci\u00f3n, en un principio bajo control,  va complic\u00e1ndose a medida que transurren las horas. Acordonados por  efectivos de la polic\u00eda, presionados por un problema aparentemente  irresoluble, los secuestradores constatan que la situaci\u00f3n se les ha ido  de las manos. La tensi\u00f3n entre rehenes y captores, y entre \u00e9stos y los  agentes que los rodean, es una bomba de relojer\u00eda.<\/p>\n<p>Jeff Talley,  jefe de polic\u00eda local de la zona y principal mediador, se halla ante el  caso m\u00e1s complicado de su carrera: el hombre secuestrado es el asesor  financiero de una de las mafias m\u00e1s poderosas del pa\u00eds y tiene en su  poder una documentaci\u00f3n que no puede salir a la luz. Desde una lujosa  mansi\u00f3n californiana, el capo para el que trabaja har\u00e1 lo imposible por  recuperarla antes de que la polic\u00eda y el FBI puedan acceder a ella.<\/p>\n","protected":false},"excerpt":{"rendered":"<p>Robert Crais constata de nuevo su habilidad para crear thrillers de gran fuerza partiendo de situaciones reales, al lograr transmitir a lo largo de toda esta novela la tensi\u00f3n y la ansiedad que implica un secuestro.<\/p>\n","protected":false},"featured_media":5983,"template":"","meta":[],"product_brand":[410],"product_cat":[48],"product_tag":[],"class_list":{"0":"post-5982","1":"product","2":"type-product","3":"status-publish","4":"has-post-thumbnail","6":"product_brand-robert-crais","7":"product_cat-thrillers","9":"first","10":"instock","11":"purchasable","12":"product-type-simple"},"featured_image_urls_v2":{"full":["https:\/\/ajupe.com.uy\/web\/wp-content\/uploads\/2016\/04\/p-5982-El_escuestro_50a65dfbd5104.jpg",155,258,false],"thumbnail":["https:\/\/ajupe.com.uy\/web\/wp-content\/uploads\/2016\/04\/p-5982-El_escuestro_50a65dfbd5104.jpg",150,150,true],"medium":["https:\/\/ajupe.com.uy\/web\/wp-content\/uploads\/2016\/04\/p-5982-El_escuestro_50a65dfbd5104.jpg",300,214,true],"medium_large":["https:\/\/ajupe.com.uy\/web\/wp-content\/uploads\/2016\/04\/p-5982-El_escuestro_50a65dfbd5104.jpg",155,258,false],"large":["https:\/\/ajupe.com.uy\/web\/wp-content\/uploads\/2016\/04\/p-5982-El_escuestro_50a65dfbd5104.jpg",155,258,false],"1536x1536":["https:\/\/ajupe.com.uy\/web\/wp-content\/uploads\/2016\/04\/p-5982-El_escuestro_50a65dfbd5104.jpg",155,258,false],"2048x2048":["https:\/\/ajupe.com.uy\/web\/wp-content\/uploads\/2016\/04\/p-5982-El_escuestro_50a65dfbd5104.jpg",155,258,false],"woocommerce_archive_thumbnail":["https:\/\/ajupe.com.uy\/web\/wp-content\/uploads\/2016\/04\/p-5982-El_escuestro_50a65dfbd5104.jpg",155,258,false],"woocommerce_thumbnail":["https:\/\/ajupe.com.uy\/web\/wp-content\/uploads\/2016\/04\/p-5982-El_escuestro_50a65dfbd5104.jpg",155,258,false],"woocommerce_single":["https:\/\/ajupe.com.uy\/web\/wp-content\/uploads\/2016\/04\/p-5982-El_escuestro_50a65dfbd5104.jpg",155,258,false],"woocommerce_gallery_thumbnail":["https:\/\/ajupe.com.uy\/web\/wp-content\/uploads\/2016\/04\/p-5982-El_escuestro_50a65dfbd5104-100x100.jpg",100,100,true]},"post_excerpt_stackable_v2":"<p>Robert Crais constata de nuevo su habilidad para crear thrillers de gran fuerza partiendo de situaciones reales, al lograr transmitir a lo largo de toda esta novela la tensi\u00f3n y la ansiedad que implica un secuestro.<\/p>\n","category_list_v2":"","author_info_v2":{"name":"","url":""},"comments_num_v2":"0 comentarios","_links":{"self":[{"href":"https:\/\/ajupe.com.uy\/web\/wp-json\/wp\/v2\/product\/5982","targetHints":{"allow":["GET"]}}],"collection":[{"href":"https:\/\/ajupe.com.uy\/web\/wp-json\/wp\/v2\/product"}],"about":[{"href":"https:\/\/ajupe.com.uy\/web\/wp-json\/wp\/v2\/types\/product"}],"wp:featuredmedia":[{"embeddable":true,"href":"https:\/\/ajupe.com.uy\/web\/wp-json\/wp\/v2\/media\/5983"}],"wp:attachment":[{"href":"https:\/\/ajupe.com.uy\/web\/wp-json\/wp\/v2\/media?parent=5982"}],"wp:term":[{"taxonomy":"product_brand","embeddable":true,"href":"https:\/\/ajupe.com.uy\/web\/wp-json\/wp\/v2\/product_brand?post=5982"},{"taxonomy":"product_cat","embeddable":true,"href":"https:\/\/ajupe.com.uy\/web\/wp-json\/wp\/v2\/product_cat?post=5982"},{"taxonomy":"product_tag","embeddable":true,"href":"https:\/\/ajupe.com.uy\/web\/wp-json\/wp\/v2\/product_tag?post=5982"}],"curies":[{"name":"wp","href":"https:\/\/api.w.org\/{rel}","templated":true}]}}