{"id":5991,"date":"2012-11-19T20:04:38","date_gmt":"2012-11-19T23:04:38","guid":{"rendered":"http:\/\/ajupe.com.uy\/web\/?post_type=product&#038;p=5991"},"modified":"2012-11-19T20:04:38","modified_gmt":"2012-11-19T23:04:38","slug":"el-dia-que-la-virgen-llego-a-la-luna","status":"publish","type":"product","link":"https:\/\/ajupe.com.uy\/web\/biblioteca\/el-dia-que-la-virgen-llego-a-la-luna\/","title":{"rendered":"El d\u00eda que la virgen lleg\u00f3 a la luna"},"content":{"rendered":"<p>Un mundo ins\u00f3lito, multirracial y legendario, poblado por ancianos de  desbordante sabidur\u00eda, gitanas valientes y funcionarios implacables, es  el escenario escogido por el periodista y fot\u00f3grafo alem\u00e1n Rolf  Bauerdick para su exitoso debut como novelista. Con un profundo  conocimiento de la cultura rumana, Bauerdick sorprende con su admirable  maestr\u00eda para combinar una historia de suspense con el drama y las  consideraciones filos\u00f3ficas en un contexto hist\u00f3rico real, en el que los  aspectos tr\u00e1gicos ceden paso al humor punzante gracias a una galer\u00eda de  personajes que permanecer\u00e1n largo tiempo en la memoria del lector.<\/p>\n<p>En  noviembre de 1957, la batalla por la conquista espacial est\u00e1 en pleno  apogeo. Mientras el bloque sovi\u00e9tico celebra el triunfal paseo de la  perrita Laika a bordo del Sputnik 2, en Baia Luna, una peque\u00f1a aldea en  el coraz\u00f3n de los C\u00e1rpatos, la apacible vida de los lugare\u00f1os se ve  perturbada por una secuencia de inquietantes acontecimientos. La maestra  del pueblo, la arisca Angela Barbulescu, desaparece misteriosamente de  su casa en plena noche. Casi al mismo tiempo, el p\u00e1rroco es encontrado  muerto en su casa junto a su ama de llaves. Y poco despu\u00e9s, tambi\u00e9n  desaparece la estatua de la Virgen de la iglesia de Baia Luna, cuya  llama perpetua se hab\u00eda apagado, inexplicablemente, unos d\u00edas antes.  Para el jovenc\u00edsimo Pavel Botev, nieto del tabernero del pueblo y alumno  de Angela, existe una relaci\u00f3n indudable entre todos estos sucesos y  est\u00e1 dispuesto a llegar a donde haga falta para desentra\u00f1ar el misterio.  As\u00ed, Pavel se encuentra proyectado a un escenario de turbias intrigas,  fiestas desenfrenadas y fotos escabrosas; una mara\u00f1a de corrupci\u00f3n que  empieza en la Segunda Guerra Mundial, se extiende a los a\u00f1os de la  guerra fr\u00eda y no se resuelve hasta la muerte del dictador Ceaucescu en  1989.<\/p>\n","protected":false},"excerpt":{"rendered":"<p>Un mundo ins\u00f3lito, multirracial y legendario, poblado por ancianos de desbordante sabidur\u00eda, gitanas valientes y funcionarios implacables, es el escenario escogido por el periodista y fot\u00f3grafo alem\u00e1n Rolf Bauerdick para su exitoso debut como novelista.<\/p>\n","protected":false},"featured_media":5992,"template":"","meta":[],"product_brand":[1186],"product_cat":[29],"product_tag":[],"class_list":{"0":"post-5991","1":"product","2":"type-product","3":"status-publish","4":"has-post-thumbnail","6":"product_brand-rolf-bauerdick","7":"product_cat-novela","9":"first","10":"instock","11":"purchasable","12":"product-type-simple"},"featured_image_urls_v2":{"full":["https:\/\/ajupe.com.uy\/web\/wp-content\/uploads\/2016\/04\/p-5991-El_d__a_que_la_v_50aa90d6e3b12.jpg",222,337,false],"thumbnail":["https:\/\/ajupe.com.uy\/web\/wp-content\/uploads\/2016\/04\/p-5991-El_d__a_que_la_v_50aa90d6e3b12.jpg",150,150,true],"medium":["https:\/\/ajupe.com.uy\/web\/wp-content\/uploads\/2016\/04\/p-5991-El_d__a_que_la_v_50aa90d6e3b12.jpg",300,214,true],"medium_large":["https:\/\/ajupe.com.uy\/web\/wp-content\/uploads\/2016\/04\/p-5991-El_d__a_que_la_v_50aa90d6e3b12.jpg",222,337,false],"large":["https:\/\/ajupe.com.uy\/web\/wp-content\/uploads\/2016\/04\/p-5991-El_d__a_que_la_v_50aa90d6e3b12.jpg",222,337,false],"1536x1536":["https:\/\/ajupe.com.uy\/web\/wp-content\/uploads\/2016\/04\/p-5991-El_d__a_que_la_v_50aa90d6e3b12.jpg",222,337,false],"2048x2048":["https:\/\/ajupe.com.uy\/web\/wp-content\/uploads\/2016\/04\/p-5991-El_d__a_que_la_v_50aa90d6e3b12.jpg",222,337,false],"woocommerce_archive_thumbnail":["https:\/\/ajupe.com.uy\/web\/wp-content\/uploads\/2016\/04\/p-5991-El_d__a_que_la_v_50aa90d6e3b12-222x300.jpg",222,300,true],"woocommerce_thumbnail":["https:\/\/ajupe.com.uy\/web\/wp-content\/uploads\/2016\/04\/p-5991-El_d__a_que_la_v_50aa90d6e3b12-222x300.jpg",222,300,true],"woocommerce_single":["https:\/\/ajupe.com.uy\/web\/wp-content\/uploads\/2016\/04\/p-5991-El_d__a_que_la_v_50aa90d6e3b12.jpg",222,337,false],"woocommerce_gallery_thumbnail":["https:\/\/ajupe.com.uy\/web\/wp-content\/uploads\/2016\/04\/p-5991-El_d__a_que_la_v_50aa90d6e3b12-100x100.jpg",100,100,true]},"post_excerpt_stackable_v2":"<p>Un mundo ins\u00f3lito, multirracial y legendario, poblado por ancianos de desbordante sabidur\u00eda, gitanas valientes y funcionarios implacables, es el escenario escogido por el periodista y fot\u00f3grafo alem\u00e1n Rolf Bauerdick para su exitoso debut como novelista.<\/p>\n","category_list_v2":"","author_info_v2":{"name":"","url":""},"comments_num_v2":"0 comentarios","_links":{"self":[{"href":"https:\/\/ajupe.com.uy\/web\/wp-json\/wp\/v2\/product\/5991","targetHints":{"allow":["GET"]}}],"collection":[{"href":"https:\/\/ajupe.com.uy\/web\/wp-json\/wp\/v2\/product"}],"about":[{"href":"https:\/\/ajupe.com.uy\/web\/wp-json\/wp\/v2\/types\/product"}],"wp:featuredmedia":[{"embeddable":true,"href":"https:\/\/ajupe.com.uy\/web\/wp-json\/wp\/v2\/media\/5992"}],"wp:attachment":[{"href":"https:\/\/ajupe.com.uy\/web\/wp-json\/wp\/v2\/media?parent=5991"}],"wp:term":[{"taxonomy":"product_brand","embeddable":true,"href":"https:\/\/ajupe.com.uy\/web\/wp-json\/wp\/v2\/product_brand?post=5991"},{"taxonomy":"product_cat","embeddable":true,"href":"https:\/\/ajupe.com.uy\/web\/wp-json\/wp\/v2\/product_cat?post=5991"},{"taxonomy":"product_tag","embeddable":true,"href":"https:\/\/ajupe.com.uy\/web\/wp-json\/wp\/v2\/product_tag?post=5991"}],"curies":[{"name":"wp","href":"https:\/\/api.w.org\/{rel}","templated":true}]}}