{"id":5994,"date":"2012-11-20T17:22:24","date_gmt":"2012-11-20T20:22:24","guid":{"rendered":"http:\/\/ajupe.com.uy\/web\/?post_type=product&#038;p=5994"},"modified":"2012-11-20T17:22:24","modified_gmt":"2012-11-20T20:22:24","slug":"un-final-perfecto","status":"publish","type":"product","link":"https:\/\/ajupe.com.uy\/web\/biblioteca\/un-final-perfecto\/","title":{"rendered":"Un final perfecto"},"content":{"rendered":"<div id=\"DescripcionLarga\" style=\"display: block;\">\n<div title=\"Page 6\">\n<div>\n<div>\n<div>\n<p><span>Apenas unos kil\u00f3metros de distancia separan a tres mujeres que  no se conocen entre s\u00ed. La Pelirroja Uno es una doctora soltera de cerca  de cincuenta a\u00f1os; la Pelirroja Dos una profesora de escuela en la  treintena y la Pelirroja Tres una estudiante de diecisiete a\u00f1os. Las  tres son vulnerables. Las tres son el objetivo de un psic\u00f3pata  obsesionado por demostrar al mundo qui\u00e9n es \u00e9l en realidad. Ahora que se  acerca al final de su vida, necesita llevar a cabo su obra de arte  final. Cr\u00edmenes que ser\u00e1n estudiados en las universidades, de los que se  hablar\u00e1 durante d\u00e9cadas. Cr\u00edmenes perfectos. <\/span><\/p>\n<p><span>El asesino les dice a las tres mujeres que va a matarlas. No  saben cu\u00e1ndo ni c\u00f3mo ni d\u00f3nde. S\u00f3lo saben que \u00e9l est\u00e1 ah\u00ed fuera, cada  vez m\u00e1s cerca. Que lo sabe todo sobre ellas. Que las ha seguido durante  meses. Y que ahora va a comenzar un terrible acoso psicol\u00f3gico que las  empujar\u00e1 paso a paso hacia la muerte. <\/span><\/p>\n<p><span>Como si nadaran entre tiburones, no saben si el peligro est\u00e1  delante o detr\u00e1s de ellas, si est\u00e1 cerca, si est\u00e1 lejos, si deben seguir  nadando o si es mejor quedarse quietas, si deben unirse o actuar por  separado&#8230; S\u00f3lo tienen dos salidas: esconderse y esperar, o luchar e  intentar ser m\u00e1s listas que su depredador. \u00bfConseguir\u00e1n las tres mujeres  cambiar el final del cuento, o ser\u00e1n devoradas por su peor pesadilla? <br \/><\/span><\/p>\n<\/div>\n<\/div>\n<\/div>\n<\/div>\n<\/div>\n","protected":false},"excerpt":{"rendered":"<p>Como si nadaran entre tiburones, no saben si el peligro est\u00e1 delante o detr\u00e1s de ellas, si est\u00e1 cerca, si est\u00e1 lejos, si deben seguir nadando o si es mejor quedarse quietas, si deben unirse o actuar por separado&#8230; S\u00f3lo tienen dos salidas: esconderse y es<\/p>\n","protected":false},"featured_media":5995,"template":"","meta":[],"product_brand":[445],"product_cat":[48],"product_tag":[],"class_list":{"0":"post-5994","1":"product","2":"type-product","3":"status-publish","4":"has-post-thumbnail","6":"product_brand-john-katzenbach","7":"product_cat-thrillers","9":"first","10":"instock","11":"purchasable","12":"product-type-simple"},"featured_image_urls_v2":{"full":["https:\/\/ajupe.com.uy\/web\/wp-content\/uploads\/2016\/04\/p-5994-Un_final_perfect_50abbc4d11005.jpg",225,337,false],"thumbnail":["https:\/\/ajupe.com.uy\/web\/wp-content\/uploads\/2016\/04\/p-5994-Un_final_perfect_50abbc4d11005.jpg",150,150,true],"medium":["https:\/\/ajupe.com.uy\/web\/wp-content\/uploads\/2016\/04\/p-5994-Un_final_perfect_50abbc4d11005.jpg",300,214,true],"medium_large":["https:\/\/ajupe.com.uy\/web\/wp-content\/uploads\/2016\/04\/p-5994-Un_final_perfect_50abbc4d11005.jpg",225,337,false],"large":["https:\/\/ajupe.com.uy\/web\/wp-content\/uploads\/2016\/04\/p-5994-Un_final_perfect_50abbc4d11005.jpg",225,337,false],"1536x1536":["https:\/\/ajupe.com.uy\/web\/wp-content\/uploads\/2016\/04\/p-5994-Un_final_perfect_50abbc4d11005.jpg",225,337,false],"2048x2048":["https:\/\/ajupe.com.uy\/web\/wp-content\/uploads\/2016\/04\/p-5994-Un_final_perfect_50abbc4d11005.jpg",225,337,false],"woocommerce_archive_thumbnail":["https:\/\/ajupe.com.uy\/web\/wp-content\/uploads\/2016\/04\/p-5994-Un_final_perfect_50abbc4d11005-225x300.jpg",225,300,true],"woocommerce_thumbnail":["https:\/\/ajupe.com.uy\/web\/wp-content\/uploads\/2016\/04\/p-5994-Un_final_perfect_50abbc4d11005-225x300.jpg",225,300,true],"woocommerce_single":["https:\/\/ajupe.com.uy\/web\/wp-content\/uploads\/2016\/04\/p-5994-Un_final_perfect_50abbc4d11005.jpg",225,337,false],"woocommerce_gallery_thumbnail":["https:\/\/ajupe.com.uy\/web\/wp-content\/uploads\/2016\/04\/p-5994-Un_final_perfect_50abbc4d11005-100x100.jpg",100,100,true]},"post_excerpt_stackable_v2":"<p>Como si nadaran entre tiburones, no saben si el peligro est\u00e1 delante o detr\u00e1s de ellas, si est\u00e1 cerca, si est\u00e1 lejos, si deben seguir nadando o si es mejor quedarse quietas, si deben unirse o actuar por separado&#8230; S\u00f3lo tienen dos salidas: esconderse y es<\/p>\n","category_list_v2":"","author_info_v2":{"name":"","url":""},"comments_num_v2":"0 comentarios","_links":{"self":[{"href":"https:\/\/ajupe.com.uy\/web\/wp-json\/wp\/v2\/product\/5994","targetHints":{"allow":["GET"]}}],"collection":[{"href":"https:\/\/ajupe.com.uy\/web\/wp-json\/wp\/v2\/product"}],"about":[{"href":"https:\/\/ajupe.com.uy\/web\/wp-json\/wp\/v2\/types\/product"}],"wp:featuredmedia":[{"embeddable":true,"href":"https:\/\/ajupe.com.uy\/web\/wp-json\/wp\/v2\/media\/5995"}],"wp:attachment":[{"href":"https:\/\/ajupe.com.uy\/web\/wp-json\/wp\/v2\/media?parent=5994"}],"wp:term":[{"taxonomy":"product_brand","embeddable":true,"href":"https:\/\/ajupe.com.uy\/web\/wp-json\/wp\/v2\/product_brand?post=5994"},{"taxonomy":"product_cat","embeddable":true,"href":"https:\/\/ajupe.com.uy\/web\/wp-json\/wp\/v2\/product_cat?post=5994"},{"taxonomy":"product_tag","embeddable":true,"href":"https:\/\/ajupe.com.uy\/web\/wp-json\/wp\/v2\/product_tag?post=5994"}],"curies":[{"name":"wp","href":"https:\/\/api.w.org\/{rel}","templated":true}]}}