{"id":5997,"date":"2012-11-20T17:38:57","date_gmt":"2012-11-20T20:38:57","guid":{"rendered":"http:\/\/ajupe.com.uy\/web\/?post_type=product&#038;p=5997"},"modified":"2012-11-20T17:38:57","modified_gmt":"2012-11-20T20:38:57","slug":"la-emocion-de-las-cosas","status":"publish","type":"product","link":"https:\/\/ajupe.com.uy\/web\/biblioteca\/la-emocion-de-las-cosas\/","title":{"rendered":"La emoci\u00f3n de las cosas"},"content":{"rendered":"<p>Un recorrido apasionante por la historia de los propios padres, los  abuelos, la b\u00fasqueda de los or\u00edgenes mezclados entre Italia y M\u00e9xico, la  curiosidad por tiempos idos que arrancan con la Independencia y pasan  por la Revoluci\u00f3n y la Segunda Guerra Mundial; pero tambi\u00e9n la entrega  tenaz al d\u00eda a d\u00eda, la novela personal que nace de las entra\u00f1as,  esculpida a base de honestidad y algunos temores, llena de tribulaciones  y reflexiones, el dolor temprano, la audacia juvenil y las decisiones  asumidas a  despecho de los credos y los miedos generalizados; el pasmo  ante la naturaleza y la tecnolog\u00eda por igual, los senderos secretos del  afecto y la creaci\u00f3n literaria. Un canto de sirena que recupera el gozo  casi infantil por escuchar historias, por descubrir otra forma de mirar  la realidad, por reconocer aquellos fragmentos vitales acerca de la  pasi\u00f3n, del asombro, de la emoci\u00f3n de las cosas.<\/p>\n","protected":false},"excerpt":{"rendered":"<p>Un libro en\u00e9rgico, sabio y hermoso. Un recorrido apasionante por la historia de los propios padres, los abuelos, la b\u00fasqueda de los or\u00edgenes mezclados entre Italia y M\u00e9xico, la curiosidad por tiempos idos que arrancan con la Independencia y pasan por la R<\/p>\n","protected":false},"featured_media":5998,"template":"","meta":[],"product_brand":[179],"product_cat":[29],"product_tag":[],"class_list":{"0":"post-5997","1":"product","2":"type-product","3":"status-publish","4":"has-post-thumbnail","6":"product_brand-ngeles-mastretta","7":"product_cat-novela","9":"first","10":"instock","11":"purchasable","12":"product-type-simple"},"featured_image_urls_v2":{"full":["https:\/\/ajupe.com.uy\/web\/wp-content\/uploads\/2016\/04\/p-5997-La_emoci__n_de_l_50abc031af978.jpg",219,337,false],"thumbnail":["https:\/\/ajupe.com.uy\/web\/wp-content\/uploads\/2016\/04\/p-5997-La_emoci__n_de_l_50abc031af978.jpg",150,150,true],"medium":["https:\/\/ajupe.com.uy\/web\/wp-content\/uploads\/2016\/04\/p-5997-La_emoci__n_de_l_50abc031af978.jpg",300,214,true],"medium_large":["https:\/\/ajupe.com.uy\/web\/wp-content\/uploads\/2016\/04\/p-5997-La_emoci__n_de_l_50abc031af978.jpg",219,337,false],"large":["https:\/\/ajupe.com.uy\/web\/wp-content\/uploads\/2016\/04\/p-5997-La_emoci__n_de_l_50abc031af978.jpg",219,337,false],"1536x1536":["https:\/\/ajupe.com.uy\/web\/wp-content\/uploads\/2016\/04\/p-5997-La_emoci__n_de_l_50abc031af978.jpg",219,337,false],"2048x2048":["https:\/\/ajupe.com.uy\/web\/wp-content\/uploads\/2016\/04\/p-5997-La_emoci__n_de_l_50abc031af978.jpg",219,337,false],"woocommerce_archive_thumbnail":["https:\/\/ajupe.com.uy\/web\/wp-content\/uploads\/2016\/04\/p-5997-La_emoci__n_de_l_50abc031af978-219x300.jpg",219,300,true],"woocommerce_thumbnail":["https:\/\/ajupe.com.uy\/web\/wp-content\/uploads\/2016\/04\/p-5997-La_emoci__n_de_l_50abc031af978-219x300.jpg",219,300,true],"woocommerce_single":["https:\/\/ajupe.com.uy\/web\/wp-content\/uploads\/2016\/04\/p-5997-La_emoci__n_de_l_50abc031af978.jpg",219,337,false],"woocommerce_gallery_thumbnail":["https:\/\/ajupe.com.uy\/web\/wp-content\/uploads\/2016\/04\/p-5997-La_emoci__n_de_l_50abc031af978-100x100.jpg",100,100,true]},"post_excerpt_stackable_v2":"<p>Un libro en\u00e9rgico, sabio y hermoso. Un recorrido apasionante por la historia de los propios padres, los abuelos, la b\u00fasqueda de los or\u00edgenes mezclados entre Italia y M\u00e9xico, la curiosidad por tiempos idos que arrancan con la Independencia y pasan por la R<\/p>\n","category_list_v2":"","author_info_v2":{"name":"","url":""},"comments_num_v2":"0 comentarios","_links":{"self":[{"href":"https:\/\/ajupe.com.uy\/web\/wp-json\/wp\/v2\/product\/5997","targetHints":{"allow":["GET"]}}],"collection":[{"href":"https:\/\/ajupe.com.uy\/web\/wp-json\/wp\/v2\/product"}],"about":[{"href":"https:\/\/ajupe.com.uy\/web\/wp-json\/wp\/v2\/types\/product"}],"wp:featuredmedia":[{"embeddable":true,"href":"https:\/\/ajupe.com.uy\/web\/wp-json\/wp\/v2\/media\/5998"}],"wp:attachment":[{"href":"https:\/\/ajupe.com.uy\/web\/wp-json\/wp\/v2\/media?parent=5997"}],"wp:term":[{"taxonomy":"product_brand","embeddable":true,"href":"https:\/\/ajupe.com.uy\/web\/wp-json\/wp\/v2\/product_brand?post=5997"},{"taxonomy":"product_cat","embeddable":true,"href":"https:\/\/ajupe.com.uy\/web\/wp-json\/wp\/v2\/product_cat?post=5997"},{"taxonomy":"product_tag","embeddable":true,"href":"https:\/\/ajupe.com.uy\/web\/wp-json\/wp\/v2\/product_tag?post=5997"}],"curies":[{"name":"wp","href":"https:\/\/api.w.org\/{rel}","templated":true}]}}