{"id":6000,"date":"2012-11-20T20:00:00","date_gmt":"2012-11-20T23:00:00","guid":{"rendered":"http:\/\/ajupe.com.uy\/web\/?post_type=product&#038;p=6000"},"modified":"2012-11-20T20:00:00","modified_gmt":"2012-11-20T23:00:00","slug":"22-11-63","status":"publish","type":"product","link":"https:\/\/ajupe.com.uy\/web\/biblioteca\/22-11-63\/","title":{"rendered":"22\/11\/63"},"content":{"rendered":"<p>Jake Epping es profesor de ingle\u0301s en una pequen\u0303a ciudad de Maine. Un  di\u0301a, uno de estos estudiantes adultos escribe una redaccio\u0301n que le  deja impactado. El tema que les habi\u0301a propuesto era \u00abEl di\u0301a que  cambio\u0301 mi vida\u00bb, y en ella Harry Dunning cuenta lo que ocurrio\u0301 la  noche en que su padre volvio\u0301 borracho a casa y mato\u0301 a golpes de  martillo a su madre, a su hermano y a su hermana. Harry logro\u0301 salvarse.  <\/p>\n<p> Poco despue\u0301s, Al, amigo de Jake y propietario del diner del  barrio, le revela un gran secreto: en su almace\u0301n ha encontrado una  puerta que conduce al an\u0303o 1958. Al le ruega a Jake que viaje en el  tiempo para cumplir una misio\u0301n demencial: impedir el asesinato de  Kennedy. Jake conseguira\u0301 trasladarse al an\u0303o 1958 para comenzar una  nueva vida con una nueva identidad y esperar el an\u0303o del asesinato.  Volvera\u0301 a la e\u0301poca de Elvis y los Cadillac, se enamorara\u0301 de la guapa  bibliotecaria Sadie Dunhill, buscara\u0301 a Lee Harvey Oswald, el supuesto  asesino de Kennedy, y a la familia de su alumno Harry Dunning para  evitar su tragedia.<\/p>\n<p> Jake sabe que cuando vuelva a su tiempo  solamente habra\u0301n pasado dos minutos en su mundo, pero, \u00bfque\u0301 otros  cambios habra\u0301n provocado sus acciones? \u00bfY co\u0301mo va a dejar atra\u0301s en el  pasado a la mujer de su vida?<\/p>\n","protected":false},"excerpt":{"rendered":"<p>En esta novela brillante, Stephen King acompa\u00f1a al lector en un viaje maravilloso al pasado y en un intento de cambiar lo que pas\u00f3. Durante casi 900 p\u00e1ginas nos ofrece un impecable retrato social, pol\u00edtico y cultural del final de los a\u00f1os 50 y principios <\/p>\n","protected":false},"featured_media":6001,"template":"","meta":[],"product_brand":[115],"product_cat":[30],"product_tag":[],"class_list":{"0":"post-6000","1":"product","2":"type-product","3":"status-publish","4":"has-post-thumbnail","6":"product_brand-stephen-king","7":"product_cat-suspenso","9":"first","10":"instock","11":"purchasable","12":"product-type-simple"},"featured_image_urls_v2":{"full":["https:\/\/ajupe.com.uy\/web\/wp-content\/uploads\/2016\/04\/p-6000-22_11_63_50abe14042c1b.jpg",227,337,false],"thumbnail":["https:\/\/ajupe.com.uy\/web\/wp-content\/uploads\/2016\/04\/p-6000-22_11_63_50abe14042c1b.jpg",150,150,true],"medium":["https:\/\/ajupe.com.uy\/web\/wp-content\/uploads\/2016\/04\/p-6000-22_11_63_50abe14042c1b.jpg",300,214,true],"medium_large":["https:\/\/ajupe.com.uy\/web\/wp-content\/uploads\/2016\/04\/p-6000-22_11_63_50abe14042c1b.jpg",227,337,false],"large":["https:\/\/ajupe.com.uy\/web\/wp-content\/uploads\/2016\/04\/p-6000-22_11_63_50abe14042c1b.jpg",227,337,false],"1536x1536":["https:\/\/ajupe.com.uy\/web\/wp-content\/uploads\/2016\/04\/p-6000-22_11_63_50abe14042c1b.jpg",227,337,false],"2048x2048":["https:\/\/ajupe.com.uy\/web\/wp-content\/uploads\/2016\/04\/p-6000-22_11_63_50abe14042c1b.jpg",227,337,false],"woocommerce_archive_thumbnail":["https:\/\/ajupe.com.uy\/web\/wp-content\/uploads\/2016\/04\/p-6000-22_11_63_50abe14042c1b-227x300.jpg",227,300,true],"woocommerce_thumbnail":["https:\/\/ajupe.com.uy\/web\/wp-content\/uploads\/2016\/04\/p-6000-22_11_63_50abe14042c1b-227x300.jpg",227,300,true],"woocommerce_single":["https:\/\/ajupe.com.uy\/web\/wp-content\/uploads\/2016\/04\/p-6000-22_11_63_50abe14042c1b.jpg",227,337,false],"woocommerce_gallery_thumbnail":["https:\/\/ajupe.com.uy\/web\/wp-content\/uploads\/2016\/04\/p-6000-22_11_63_50abe14042c1b-100x100.jpg",100,100,true]},"post_excerpt_stackable_v2":"<p>En esta novela brillante, Stephen King acompa\u00f1a al lector en un viaje maravilloso al pasado y en un intento de cambiar lo que pas\u00f3. Durante casi 900 p\u00e1ginas nos ofrece un impecable retrato social, pol\u00edtico y cultural del final de los a\u00f1os 50 y principios <\/p>\n","category_list_v2":"","author_info_v2":{"name":"","url":""},"comments_num_v2":"0 comentarios","_links":{"self":[{"href":"https:\/\/ajupe.com.uy\/web\/wp-json\/wp\/v2\/product\/6000","targetHints":{"allow":["GET"]}}],"collection":[{"href":"https:\/\/ajupe.com.uy\/web\/wp-json\/wp\/v2\/product"}],"about":[{"href":"https:\/\/ajupe.com.uy\/web\/wp-json\/wp\/v2\/types\/product"}],"wp:featuredmedia":[{"embeddable":true,"href":"https:\/\/ajupe.com.uy\/web\/wp-json\/wp\/v2\/media\/6001"}],"wp:attachment":[{"href":"https:\/\/ajupe.com.uy\/web\/wp-json\/wp\/v2\/media?parent=6000"}],"wp:term":[{"taxonomy":"product_brand","embeddable":true,"href":"https:\/\/ajupe.com.uy\/web\/wp-json\/wp\/v2\/product_brand?post=6000"},{"taxonomy":"product_cat","embeddable":true,"href":"https:\/\/ajupe.com.uy\/web\/wp-json\/wp\/v2\/product_cat?post=6000"},{"taxonomy":"product_tag","embeddable":true,"href":"https:\/\/ajupe.com.uy\/web\/wp-json\/wp\/v2\/product_tag?post=6000"}],"curies":[{"name":"wp","href":"https:\/\/api.w.org\/{rel}","templated":true}]}}